{"id":11,"date":"2024-03-27T13:43:35","date_gmt":"2024-03-27T12:43:35","guid":{"rendered":"https:\/\/efis.parisnanterre.fr\/cosup75\/?page_id=11"},"modified":"2025-03-03T14:25:44","modified_gmt":"2025-03-03T13:25:44","slug":"contact","status":"publish","type":"page","link":"https:\/\/efis.parisnanterre.fr\/cosup75\/contact\/","title":{"rendered":"Contact"},"content":{"rendered":"\n<p>L&rsquo;\u00e9quipe de recherche est \u00e0 votre \u00e9coute :<\/p>\n\n\n<style>.kb-image11_851640-71.kb-image-is-ratio-size, .kb-image11_851640-71 .kb-image-is-ratio-size{max-width:143px;width:100%;}.wp-block-kadence-column > .kt-inside-inner-col > .kb-image11_851640-71.kb-image-is-ratio-size, .wp-block-kadence-column > .kt-inside-inner-col > .kb-image11_851640-71 .kb-image-is-ratio-size{align-self:unset;}.kb-image11_851640-71 figure{max-width:143px;}.kb-image11_851640-71 .image-is-svg, .kb-image11_851640-71 .image-is-svg img{width:100%;}.kb-image11_851640-71 .kb-image-has-overlay:after{opacity:0.3;}<\/style>\n<div class=\"wp-block-kadence-image kb-image11_851640-71\"><figure class=\"alignleft size-full\"><img loading=\"lazy\" decoding=\"async\" width=\"450\" height=\"470\" src=\"https:\/\/efis.parisnanterre.fr\/cosup75\/wp-content\/uploads\/sites\/9\/2024\/03\/contactez-nous.jpg\" alt=\"\" class=\"kb-img wp-image-28\" srcset=\"https:\/\/efis.parisnanterre.fr\/cosup75\/wp-content\/uploads\/sites\/9\/2024\/03\/contactez-nous.jpg 450w, https:\/\/efis.parisnanterre.fr\/cosup75\/wp-content\/uploads\/sites\/9\/2024\/03\/contactez-nous-287x300.jpg 287w\" sizes=\"auto, (max-width: 450px) 100vw, 450px\" \/><\/figure><\/div>\n\n\n\n<p><strong>Par t\u00e9l\u00e9phone <\/strong>(appel ou sms) : 06 52 32 34 58 (c&rsquo;est S\u00e9verine qui vous r\u00e9pondra)<\/p>\n\n\n\n<p><strong>Par mail :<\/strong> cosup75@liste.parisnanterre.fr<\/p>\n\n\n\n<p><\/p>\n\n\n<style>.wp-block-kadence-advancedbtn.kb-btns11_c52e82-af{gap:var(--global-kb-gap-xs, 0.5rem );justify-content:center;align-items:center;}.kt-btns11_c52e82-af .kt-button{font-weight:normal;font-style:normal;}.kt-btns11_c52e82-af .kt-btn-wrap-0{margin-right:5px;}.wp-block-kadence-advancedbtn.kt-btns11_c52e82-af .kt-btn-wrap-0 .kt-button{color:#555555;border-color:#555555;}.wp-block-kadence-advancedbtn.kt-btns11_c52e82-af .kt-btn-wrap-0 .kt-button:hover, .wp-block-kadence-advancedbtn.kt-btns11_c52e82-af .kt-btn-wrap-0 .kt-button:focus{color:#ffffff;border-color:#444444;}.wp-block-kadence-advancedbtn.kt-btns11_c52e82-af .kt-btn-wrap-0 .kt-button::before{display:none;}.wp-block-kadence-advancedbtn.kt-btns11_c52e82-af .kt-btn-wrap-0 .kt-button:hover, .wp-block-kadence-advancedbtn.kt-btns11_c52e82-af .kt-btn-wrap-0 .kt-button:focus{background:#444444;}<\/style>\n<div class=\"wp-block-kadence-advancedbtn kb-buttons-wrap kb-btns11_c52e82-af\"><style>ul.menu .wp-block-kadence-advancedbtn .kb-btn11_43872f-56.kb-button{width:initial;}<\/style><a class=\"kb-button kt-button button kb-btn11_43872f-56 kt-btn-size-standard kt-btn-width-type-auto kb-btn-global-fill  kt-btn-has-text-true kt-btn-has-svg-false  wp-block-kadence-singlebtn\" href=\"https:\/\/efis.parisnanterre.fr\/cosup75\/2025\/02\/14\/merci-de-completer-ce-formulaire-pour-recevoir-par-mail-les-resultats-generaux-du-questionnaire-a-lautomne-2025\/\" target=\"_blank\" rel=\"noreferrer noopener\"><span class=\"kt-btn-inner-text\">Je souhaite recevoir l&rsquo;analyse <br>des r\u00e9ponses au questionnaire<\/span><\/a>\n\n<style>ul.menu .wp-block-kadence-advancedbtn .kb-btn11_5fe9d6-e6.kb-button{width:initial;}<\/style><a class=\"kb-button kt-button button kb-btn11_5fe9d6-e6 kt-btn-size-standard kt-btn-width-type-auto kb-btn-global-fill  kt-btn-has-text-true kt-btn-has-svg-false  wp-block-kadence-singlebtn\" href=\"https:\/\/efis.parisnanterre.fr\/cosup75\/2025\/02\/14\/121\/\"><span class=\"kt-btn-inner-text\">J&rsquo;ai une question <br>ou un commentaire \u00e0 partager<\/span><\/a>\n\n<style>ul.menu .wp-block-kadence-advancedbtn .kb-btn11_ccd3c7-c8.kb-button{width:initial;}<\/style><a class=\"kb-button kt-button button kb-btn11_ccd3c7-c8 kt-btn-size-standard kt-btn-width-type-auto kb-btn-global-fill  kt-btn-has-text-true kt-btn-has-svg-false  wp-block-kadence-singlebtn\" href=\"https:\/\/efis.parisnanterre.fr\/cosup75\/2025\/03\/03\/228\/\"><span class=\"kt-btn-inner-text\">Je veux participer \u00e0 un groupe mixte <br>de r\u00e9flexion sur la participation<\/span><\/a><\/div>\n\n\n<style>.kb-row-layout-id11_d39973-a8 > .kt-row-column-wrap{align-content:start;}:where(.kb-row-layout-id11_d39973-a8 > .kt-row-column-wrap) > .wp-block-kadence-column{justify-content:start;}.kb-row-layout-id11_d39973-a8 > .kt-row-column-wrap{column-gap:var(--global-kb-gap-md, 2rem);row-gap:var(--global-kb-gap-md, 2rem);max-width:700px;margin-left:auto;margin-right:auto;padding-top:var(--global-kb-spacing-xxl, 5rem);padding-bottom:var(--global-kb-spacing-xxl, 5rem);grid-template-columns:minmax(0, 1fr);}.kb-row-layout-id11_d39973-a8{background-image:url('https:\/\/efis.parisnanterre.fr\/cosup75\/wp-content\/uploads\/sites\/9\/2024\/03\/Example-Background-Image.jpg');background-size:cover;background-position:center center;background-attachment:scroll;background-repeat:no-repeat;}.kb-row-layout-id11_d39973-a8 > .kt-row-layout-overlay{opacity:0.85;background-color:var(--global-palette9, #ffffff);}@media all and (max-width: 1024px){.kb-row-layout-id11_d39973-a8 > .kt-row-column-wrap{grid-template-columns:minmax(0, 1fr);}}@media all and (max-width: 767px){.kb-row-layout-id11_d39973-a8 > .kt-row-column-wrap{grid-template-columns:minmax(0, 1fr);}}<\/style><div class=\"kb-row-layout-wrap kb-row-layout-id11_d39973-a8 alignfull has-theme-palette9-background-color kt-row-has-bg wp-block-kadence-rowlayout\"><div class=\"kt-row-layout-overlay kt-row-overlay-normal\"><\/div><div class=\"kt-row-column-wrap kt-has-1-columns kt-row-layout-equal kt-tab-layout-inherit kt-mobile-layout-row kt-row-valign-top\">\n<style>.kadence-column11_bf5f2e-3f > .kt-inside-inner-col,.kadence-column11_bf5f2e-3f > .kt-inside-inner-col:before{border-top-left-radius:0px;border-top-right-radius:0px;border-bottom-right-radius:0px;border-bottom-left-radius:0px;}.kadence-column11_bf5f2e-3f > .kt-inside-inner-col{column-gap:var(--global-kb-gap-sm, 1rem);}.kadence-column11_bf5f2e-3f > .kt-inside-inner-col{flex-direction:column;}.kadence-column11_bf5f2e-3f > .kt-inside-inner-col > .aligncenter{width:100%;}.kadence-column11_bf5f2e-3f > .kt-inside-inner-col:before{opacity:0.3;}.kadence-column11_bf5f2e-3f{position:relative;}@media all and (max-width: 1024px){.kadence-column11_bf5f2e-3f > .kt-inside-inner-col{flex-direction:column;justify-content:center;}}@media all and (max-width: 767px){.kadence-column11_bf5f2e-3f > .kt-inside-inner-col{flex-direction:column;justify-content:center;}}<\/style>\n<div class=\"wp-block-kadence-column kadence-column11_bf5f2e-3f\"><div class=\"kt-inside-inner-col\">\n<p class=\"has-text-align-center\">Si vous avez des questions au sujet du questionnaire, nous organisons des r\u00e9unions de pr\u00e9sentation et d&rsquo;explication en visio : <\/p>\n\n\n\n<p class=\"has-text-align-center\"><strong><mark style=\"background-color:var(--global-palette7)\" class=\"has-inline-color\">le 7 mars \u00e0 12h, le 13 mars \u00e0 13h et le 5 avril \u00e0 11h,<\/mark><\/strong><\/p>\n\n\n\n<p class=\"has-text-align-center\"><strong><mark style=\"background-color:var(--global-palette7)\" class=\"has-inline-color\"> <a href=\"https:\/\/us06web.zoom.us\/j\/85343343090\">cliquez sur ce lien zoom<\/a><\/mark><\/strong> pour y participer (possible en anonyme sans cam\u00e9ra)<\/p>\n<\/div><\/div>\n\n<\/div><\/div>\n\n\n<p><\/p>\n","protected":false},"excerpt":{"rendered":"<p>L&rsquo;\u00e9quipe de recherche est \u00e0 votre \u00e9coute : Par t\u00e9l\u00e9phone (appel ou sms) : 06 52 32 34 58 (c&rsquo;est S\u00e9verine qui vous r\u00e9pondra) Par mail : cosup75@liste.parisnanterre.fr Si vous avez des questions au sujet du questionnaire, nous organisons des r\u00e9unions de pr\u00e9sentation et d&rsquo;explication en visio : le 7 mars \u00e0 12h, le 13&#8230;<\/p>\n","protected":false},"author":3,"featured_media":0,"parent":0,"menu_order":0,"comment_status":"closed","ping_status":"closed","template":"","meta":{"_kad_blocks_custom_css":"","_kad_blocks_head_custom_js":"","_kad_blocks_body_custom_js":"","_kad_blocks_footer_custom_js":"","_themeisle_gutenberg_block_has_review":false,"_kad_post_transparent":"","_kad_post_title":"","_kad_post_layout":"","_kad_post_sidebar_id":"","_kad_post_content_style":"","_kad_post_vertical_padding":"","_kad_post_feature":"","_kad_post_feature_position":"","_kad_post_header":false,"_kad_post_footer":false,"_kad_post_classname":"","footnotes":"","_links_to":"","_links_to_target":""},"coauthors":[2],"class_list":["post-11","page","type-page","status-publish","hentry"],"taxonomy_info":[],"featured_image_src_large":false,"author_info":{"display_name":"admin","author_link":"https:\/\/efis.parisnanterre.fr\/cosup75\/author\/scarella\/"},"comment_info":0,"_links":{"self":[{"href":"https:\/\/efis.parisnanterre.fr\/cosup75\/wp-json\/wp\/v2\/pages\/11","targetHints":{"allow":["GET"]}}],"collection":[{"href":"https:\/\/efis.parisnanterre.fr\/cosup75\/wp-json\/wp\/v2\/pages"}],"about":[{"href":"https:\/\/efis.parisnanterre.fr\/cosup75\/wp-json\/wp\/v2\/types\/page"}],"author":[{"embeddable":true,"href":"https:\/\/efis.parisnanterre.fr\/cosup75\/wp-json\/wp\/v2\/users\/3"}],"replies":[{"embeddable":true,"href":"https:\/\/efis.parisnanterre.fr\/cosup75\/wp-json\/wp\/v2\/comments?post=11"}],"version-history":[{"count":11,"href":"https:\/\/efis.parisnanterre.fr\/cosup75\/wp-json\/wp\/v2\/pages\/11\/revisions"}],"predecessor-version":[{"id":240,"href":"https:\/\/efis.parisnanterre.fr\/cosup75\/wp-json\/wp\/v2\/pages\/11\/revisions\/240"}],"wp:attachment":[{"href":"https:\/\/efis.parisnanterre.fr\/cosup75\/wp-json\/wp\/v2\/media?parent=11"}],"wp:term":[{"taxonomy":"author","embeddable":true,"href":"https:\/\/efis.parisnanterre.fr\/cosup75\/wp-json\/wp\/v2\/coauthors?post=11"}],"curies":[{"name":"wp","href":"https:\/\/api.w.org\/{rel}","templated":true}]}}