{"id":14,"date":"2024-03-27T13:44:11","date_gmt":"2024-03-27T12:44:11","guid":{"rendered":"https:\/\/efis.parisnanterre.fr\/cosup75\/?page_id=14"},"modified":"2025-06-04T10:00:31","modified_gmt":"2025-06-04T08:00:31","slug":"questionnaire","status":"publish","type":"page","link":"https:\/\/efis.parisnanterre.fr\/cosup75\/questionnaire\/","title":{"rendered":"Un questionnaire \u00e0 compl\u00e9ter"},"content":{"rendered":"\n<p><\/p>\n\n\n\n<h2 class=\"wp-block-heading has-text-align-center\"><span class=\"highlight\">LE POINT DE VUE DE CHACUN COMPTE !<\/span><\/h2>\n\n\n<div class=\"wp-block-image\">\n<figure class=\"alignright size-full is-resized\"><img loading=\"lazy\" decoding=\"async\" width=\"181\" height=\"181\" src=\"https:\/\/efis.parisnanterre.fr\/cosup75\/wp-content\/uploads\/sites\/9\/2025\/03\/COSUP75_Questionnaires_QRcode-1.gif\" alt=\"\" class=\"wp-image-193\" style=\"width:199px;height:auto\"\/><figcaption><span class=\"media-credit\"><a href=\"https:\/\/efis.parisnanterre.fr\/cosup75\/author\/copa75\/\">copa75<\/a> | Cosup75<\/span><\/figcaption><\/figure>\n<\/div>\n\n\n<p><strong>L&rsquo;ensemble des jeunes, des parents et des professionnels concern\u00e9s par la protection de l&rsquo;enfance \u00e0 Paris peuvent compl\u00e9ter ce questionnaire jusqu&rsquo;au 15 juin 2025 ! Il est anonyme et vous prendra 15 minutes.<\/strong><\/p>\n\n\n\n<p class=\"has-text-align-left\"><strong><em>Le questionnaire peut \u00eatre compl\u00e9t\u00e9 <\/em><\/strong>:<\/p>\n\n\n\n<ul class=\"wp-block-list\">\n<li><strong><em>en ligne gr\u00e2ce au QR code ci-contre \u00e0 flasher avec votre smartphone <\/em><\/strong><\/li>\n\n\n\n<li><em><strong>en ligne en<\/strong><\/em><strong><em><a href=\"https:\/\/www.sphinxonline.com\/surveyserver\/s\/apradis\/COSUP75\/questionnaire.htm\"> suivant ce lien (cliquer ici)<\/a><\/em><\/strong><\/li>\n\n\n\n<li><strong><em>en format papier, en t\u00e9l\u00e9chargeant et imprimant la version pdf qui vous correspond ci-dessous.<\/em><\/strong><\/li>\n<\/ul>\n\n\n<div class=\"wp-block-image is-style-default wp-duotone-unset-1\">\n<figure class=\"aligncenter size-large is-resized has-custom-border\" style=\"margin-top:var(--wp--preset--spacing--30);margin-right:var(--wp--preset--spacing--30);margin-bottom:var(--wp--preset--spacing--30);margin-left:var(--wp--preset--spacing--30)\"><img loading=\"lazy\" decoding=\"async\" width=\"1024\" height=\"576\" src=\"https:\/\/efis.parisnanterre.fr\/cosup75\/wp-content\/uploads\/sites\/9\/2025\/03\/QR-COSUP75-fevrier-2025-1024x576.jpg\" alt=\"\" class=\"has-border-color wp-image-203\" style=\"border-color:var(--global-palette2);border-width:16px;border-radius:23px;width:1095px;height:auto\" srcset=\"https:\/\/efis.parisnanterre.fr\/cosup75\/wp-content\/uploads\/sites\/9\/2025\/03\/QR-COSUP75-fevrier-2025-1024x576.jpg 1024w, https:\/\/efis.parisnanterre.fr\/cosup75\/wp-content\/uploads\/sites\/9\/2025\/03\/QR-COSUP75-fevrier-2025-300x169.jpg 300w, https:\/\/efis.parisnanterre.fr\/cosup75\/wp-content\/uploads\/sites\/9\/2025\/03\/QR-COSUP75-fevrier-2025-768x432.jpg 768w, https:\/\/efis.parisnanterre.fr\/cosup75\/wp-content\/uploads\/sites\/9\/2025\/03\/QR-COSUP75-fevrier-2025-1536x864.jpg 1536w, https:\/\/efis.parisnanterre.fr\/cosup75\/wp-content\/uploads\/sites\/9\/2025\/03\/QR-COSUP75-fevrier-2025.jpg 1920w\" sizes=\"auto, (max-width: 1024px) 100vw, 1024px\" \/><figcaption><span class=\"media-credit\"><a href=\"https:\/\/efis.parisnanterre.fr\/cosup75\/author\/copa75\/\">copa75<\/a> | Cosup75<\/span><\/figcaption><\/figure>\n<\/div>\n\n\n<p><strong><mark style=\"background-color:var(--global-palette7)\" class=\"has-inline-color\">Pour rejoindre les r\u00e9unions en visio organis\u00e9es le 7 mars, le 13 mars et le 5 avril, <a href=\"https:\/\/us06web.zoom.us\/j\/85343343090\">cliquez sur ce lien zoom<\/a>.<\/mark><\/strong><\/p>\n\n\n\n<div style=\"background-image:url(&apos;https:\/\/efis.parisnanterre.fr\/cosup75\/wp-content\/uploads\/sites\/9\/2024\/03\/Example-Background-Image.jpg&apos;);background-size:cover;\" class=\"wp-block-group has-very-light-gray-to-cyan-bluish-gray-gradient-background has-background\"><div class=\"wp-block-group__inner-container is-layout-constrained wp-block-group-is-layout-constrained\">\n<h2 class=\"wp-block-heading\">Pour compl\u00e9ter le questionnaire en format papier<\/h2>\n\n\n\n<p>Il est possible de compl\u00e9ter le questionnaire en format papier. Pour cela, t\u00e9l\u00e9chargez en pdf et imprimez ci-dessous la version du questionnaire qui vous concerne (jeune ou parent ou professionnel).<\/p>\n\n\n\n<p>Une fois le questionnaire compl\u00e9t\u00e9, il peut \u00eatre mis dans une enveloppe, affranchi et envoy\u00e9 par la poste \u00e0 l&rsquo;adresse suivante : <\/p>\n\n\n\n<p>Universit\u00e9 Paris Nanterre, UFR SPSE Mme H\u00e9l\u00e8ne Join-Lambert b\u00e2t. Zazzo C309, 200 avenue de la R\u00e9publique, 92001 Nanterre.<\/p>\n\n\n\n<div id=\"wp-block-themeisle-blocks-button-group-1980c492\" class=\"wp-block-themeisle-blocks-button-group wp-block-buttons align-center-desktop\">\n<div id=\"wp-block-themeisle-blocks-button-cc44bc81\" class=\"wp-block-themeisle-blocks-button wp-block-button\"><a href=\"https:\/\/efis.parisnanterre.fr\/cosup75\/wp-content\/uploads\/sites\/9\/2025\/03\/Questionnaire-enfants-jeunes-COSUP75-mars2025.pdf\" target=\"_blank\" rel=\"noopener noreferrer\" class=\"wp-block-button__link\"><span>Vous \u00eates un jeune concern\u00e9 par une mesure de protection de l&rsquo;enfance \u00e0 Paris<\/span><\/a><\/div>\n\n\n\n<div id=\"wp-block-themeisle-blocks-button-ddb81928\" class=\"wp-block-themeisle-blocks-button wp-block-button\"><a href=\"https:\/\/efis.parisnanterre.fr\/cosup75\/wp-content\/uploads\/sites\/9\/2025\/03\/Questionnaire-parents-COSUP75-mars2025.pdf\" target=\"_blank\" rel=\"noopener noreferrer\" class=\"wp-block-button__link\"><span>Vous \u00eates un parent dont l&rsquo;enfant est concern\u00e9 par une mesure de protection de l&rsquo;enfance \u00e0 Paris<\/span><\/a><\/div>\n\n\n\n<div id=\"wp-block-themeisle-blocks-button-fa7a382f\" class=\"wp-block-themeisle-blocks-button wp-block-button\"><a href=\"https:\/\/efis.parisnanterre.fr\/cosup75\/wp-content\/uploads\/sites\/9\/2025\/03\/Questionnaire-professionnels-COSUP75-mars2025.pdf\" target=\"_blank\" rel=\"noopener noreferrer\" class=\"wp-block-button__link\"><span>Vous \u00eates un professionnel impliqu\u00e9 dans la protection de l&rsquo;enfance \u00e0 Paris<\/span><\/a><\/div>\n<\/div>\n<\/div><\/div>\n\n\n\n<p><\/p>\n\n\n\n<h2 class=\"wp-block-heading has-text-align-center\">On a besoin de vous pour diffuser l&rsquo;information<\/h2>\n\n\n\n<p>La base de la participation est l&rsquo;information. Notre objectif est que l&rsquo;ensemble des personnes concern\u00e9es par cette recherche sache qu&rsquo;il y a un questionnaire fait pour elles, et choisisse de le compl\u00e9ter ou pas. Merci de diffuser l&rsquo;information autour de vous !! Un flyer ou une affiche est t\u00e9l\u00e9chargeable ci-dessous.<\/p>\n\n\n\n<div class=\"wp-block-media-text is-stacked-on-mobile\" style=\"grid-template-columns:20% auto\"><figure class=\"wp-block-media-text__media\"><img loading=\"lazy\" decoding=\"async\" width=\"737\" height=\"1024\" src=\"https:\/\/efis.parisnanterre.fr\/cosup75\/wp-content\/uploads\/sites\/9\/2025\/03\/affiche-cosup-def-737x1024.jpg\" alt=\"\" class=\"wp-image-243 size-full\" srcset=\"https:\/\/efis.parisnanterre.fr\/cosup75\/wp-content\/uploads\/sites\/9\/2025\/03\/affiche-cosup-def-737x1024.jpg 737w, https:\/\/efis.parisnanterre.fr\/cosup75\/wp-content\/uploads\/sites\/9\/2025\/03\/affiche-cosup-def-216x300.jpg 216w, https:\/\/efis.parisnanterre.fr\/cosup75\/wp-content\/uploads\/sites\/9\/2025\/03\/affiche-cosup-def.jpg 756w\" sizes=\"auto, (max-width: 737px) 100vw, 737px\" \/><\/figure><div class=\"wp-block-media-text__content\">\n<p><strong>Merci de diffuser l&rsquo;information autour de vous !! <\/strong><\/p>\n\n\n\n<p>Voici un flyer qui peut \u00eatre envoy\u00e9 par mail, affich\u00e9 dans des salles d&rsquo;attente, donner lors d&rsquo;une rencontre, d&rsquo;un rendez-vous, d&rsquo;une r\u00e9union, sur les r\u00e9seaux sociaux&#8230;. <\/p>\n\n\n\n<p class=\"has-text-align-center\"><strong><mark style=\"background-color:rgba(0, 0, 0, 0)\" class=\"has-inline-color has-theme-palette-2-color\"><a href=\"https:\/\/efis.parisnanterre.fr\/cosup75\/wp-content\/uploads\/sites\/9\/2025\/03\/affiche-cosup-def.jpg\">FLYER<\/a><\/mark><\/strong><\/p>\n<\/div><\/div>\n\n\n\n<h2 class=\"wp-block-heading\">Plus d&rsquo;informations sur la co-construction du questionnaire<\/h2>\n\n\n<style>.wp-block-kadence-advancedbtn.kb-btns14_81e026-4d{gap:var(--global-kb-gap-xs, 0.5rem );justify-content:center;align-items:center;}.kt-btns14_81e026-4d .kt-button{font-weight:normal;font-style:normal;}.kt-btns14_81e026-4d .kt-btn-wrap-0{margin-right:5px;}.wp-block-kadence-advancedbtn.kt-btns14_81e026-4d .kt-btn-wrap-0 .kt-button{color:#555555;border-color:#555555;}.wp-block-kadence-advancedbtn.kt-btns14_81e026-4d .kt-btn-wrap-0 .kt-button:hover, .wp-block-kadence-advancedbtn.kt-btns14_81e026-4d .kt-btn-wrap-0 .kt-button:focus{color:#ffffff;border-color:#444444;}.wp-block-kadence-advancedbtn.kt-btns14_81e026-4d .kt-btn-wrap-0 .kt-button::before{display:none;}.wp-block-kadence-advancedbtn.kt-btns14_81e026-4d .kt-btn-wrap-0 .kt-button:hover, .wp-block-kadence-advancedbtn.kt-btns14_81e026-4d .kt-btn-wrap-0 .kt-button:focus{background:#444444;}<\/style>\n<div class=\"wp-block-kadence-advancedbtn kb-buttons-wrap kb-btns14_81e026-4d\"><style>ul.menu .wp-block-kadence-advancedbtn .kb-btn14_8b6eb9-87.kb-button{width:initial;}<\/style><a class=\"kb-button kt-button button kb-btn14_8b6eb9-87 kt-btn-size-standard kt-btn-width-type-auto kb-btn-global-fill  kt-btn-has-text-true kt-btn-has-svg-false  wp-block-kadence-singlebtn\" href=\"https:\/\/efis.parisnanterre.fr\/cosup75\/2025\/02\/14\/comment-avons-nous-construit-le-questionnaire\/\"><span class=\"kt-btn-inner-text\">Comment avons-nous construit le questionnaire ?<\/span><\/a><\/div>\n","protected":false},"excerpt":{"rendered":"<p>LE POINT DE VUE DE CHACUN COMPTE ! L&rsquo;ensemble des jeunes, des parents et des professionnels concern\u00e9s par la protection de l&rsquo;enfance \u00e0 Paris peuvent compl\u00e9ter ce questionnaire jusqu&rsquo;au 15 juin 2025 ! Il est anonyme et vous prendra 15 minutes. Le questionnaire peut \u00eatre compl\u00e9t\u00e9 : Pour rejoindre les r\u00e9unions en visio organis\u00e9es le&#8230;<\/p>\n","protected":false},"author":3,"featured_media":0,"parent":0,"menu_order":0,"comment_status":"closed","ping_status":"closed","template":"","meta":{"_kad_blocks_custom_css":"","_kad_blocks_head_custom_js":"","_kad_blocks_body_custom_js":"","_kad_blocks_footer_custom_js":"","_themeisle_gutenberg_block_has_review":false,"_kad_post_transparent":"","_kad_post_title":"","_kad_post_layout":"","_kad_post_sidebar_id":"","_kad_post_content_style":"","_kad_post_vertical_padding":"","_kad_post_feature":"","_kad_post_feature_position":"","_kad_post_header":false,"_kad_post_footer":false,"_kad_post_classname":"","footnotes":"","_links_to":"","_links_to_target":""},"coauthors":[2],"class_list":["post-14","page","type-page","status-publish","hentry"],"taxonomy_info":[],"featured_image_src_large":false,"author_info":{"display_name":"admin","author_link":"https:\/\/efis.parisnanterre.fr\/cosup75\/author\/scarella\/"},"comment_info":0,"_links":{"self":[{"href":"https:\/\/efis.parisnanterre.fr\/cosup75\/wp-json\/wp\/v2\/pages\/14","targetHints":{"allow":["GET"]}}],"collection":[{"href":"https:\/\/efis.parisnanterre.fr\/cosup75\/wp-json\/wp\/v2\/pages"}],"about":[{"href":"https:\/\/efis.parisnanterre.fr\/cosup75\/wp-json\/wp\/v2\/types\/page"}],"author":[{"embeddable":true,"href":"https:\/\/efis.parisnanterre.fr\/cosup75\/wp-json\/wp\/v2\/users\/3"}],"replies":[{"embeddable":true,"href":"https:\/\/efis.parisnanterre.fr\/cosup75\/wp-json\/wp\/v2\/comments?post=14"}],"version-history":[{"count":45,"href":"https:\/\/efis.parisnanterre.fr\/cosup75\/wp-json\/wp\/v2\/pages\/14\/revisions"}],"predecessor-version":[{"id":278,"href":"https:\/\/efis.parisnanterre.fr\/cosup75\/wp-json\/wp\/v2\/pages\/14\/revisions\/278"}],"wp:attachment":[{"href":"https:\/\/efis.parisnanterre.fr\/cosup75\/wp-json\/wp\/v2\/media?parent=14"}],"wp:term":[{"taxonomy":"author","embeddable":true,"href":"https:\/\/efis.parisnanterre.fr\/cosup75\/wp-json\/wp\/v2\/coauthors?post=14"}],"curies":[{"name":"wp","href":"https:\/\/api.w.org\/{rel}","templated":true}]}}