{"id":6,"date":"2024-03-27T13:34:39","date_gmt":"2024-03-27T12:34:39","guid":{"rendered":"https:\/\/efis.parisnanterre.fr\/cosup75\/?page_id=6"},"modified":"2025-06-04T09:59:31","modified_gmt":"2025-06-04T07:59:31","slug":"le-projet-cosup75","status":"publish","type":"page","link":"https:\/\/efis.parisnanterre.fr\/cosup75\/","title":{"rendered":"La recherche COSUP75"},"content":{"rendered":"\n<p><\/p>\n\n\n\n<h2 class=\"wp-block-heading has-text-align-center has--font-size\">COSUP75<\/h2>\n\n\n\n<h2 class=\"wp-block-heading has-text-align-center\">CO-construction de SUpports de Participation en protection de l&rsquo;enfance \u00e0 Paris<\/h2>\n\n\n\n<p>Cette recherche est financ\u00e9e par l&rsquo;Observatoire national de la protection de l&rsquo;enfance (ONPE) et par la Ville de Paris. Elle est men\u00e9e en partenariat entre une \u00e9quipe de chercheurs du <a href=\"https:\/\/cref.parisnanterre.fr\">CREF<\/a> et l&rsquo;Observatoire parisien de la protection de l&rsquo;enfance (OPPE). <\/p>\n\n\n\n<p><strong>Conna\u00eetre la perception des jeunes, des parents et des professionnels au sujet de la participation aux d\u00e9cisions en protection de l&rsquo;enfance \u00e0 Paris ?<\/strong><\/p>\n\n\n\n<p>C&rsquo;est pr\u00e9cis\u00e9ment l&rsquo;objectif de cette recherche participative !<\/p>\n\n\n<style>.kb-image6_22aad9-ce.kb-image-is-ratio-size, .kb-image6_22aad9-ce .kb-image-is-ratio-size{max-width:345px;width:100%;}.wp-block-kadence-column > .kt-inside-inner-col > .kb-image6_22aad9-ce.kb-image-is-ratio-size, .wp-block-kadence-column > .kt-inside-inner-col > .kb-image6_22aad9-ce .kb-image-is-ratio-size{align-self:unset;}.kb-image6_22aad9-ce figure{max-width:345px;}.kb-image6_22aad9-ce .image-is-svg, .kb-image6_22aad9-ce .image-is-svg img{width:100%;}.kb-image6_22aad9-ce .kb-image-has-overlay:after{opacity:0.3;}<\/style>\n<div class=\"wp-block-kadence-image kb-image6_22aad9-ce\"><figure class=\"alignleft size-full\"><a href=\"https:\/\/www.emancipation.fr\/2019\/10\/17\/la-participation-democratique-des-enfants-aux-decisions\/\" class=\"kb-advanced-image-link\"><img loading=\"lazy\" decoding=\"async\" width=\"822\" height=\"551\" src=\"https:\/\/efis.parisnanterre.fr\/cosup75\/wp-content\/uploads\/sites\/9\/2024\/03\/ecoutez-moi.jpg\" alt=\"\" class=\"kb-img wp-image-31\" srcset=\"https:\/\/efis.parisnanterre.fr\/cosup75\/wp-content\/uploads\/sites\/9\/2024\/03\/ecoutez-moi.jpg 822w, https:\/\/efis.parisnanterre.fr\/cosup75\/wp-content\/uploads\/sites\/9\/2024\/03\/ecoutez-moi-300x201.jpg 300w, https:\/\/efis.parisnanterre.fr\/cosup75\/wp-content\/uploads\/sites\/9\/2024\/03\/ecoutez-moi-768x515.jpg 768w\" sizes=\"auto, (max-width: 822px) 100vw, 822px\" \/><\/a><\/figure><\/div>\n\n\n\n<p>La participation est un terme vaste qui peut \u00eatre d\u00e9fini de plusieurs mani\u00e8res. Ce qui nous int\u00e9resse, c&rsquo;est de pouvoir recueillir l&rsquo;avis de l&rsquo;ensemble des acteurs de la protection de l&rsquo;enfance au sujet de la participation de chacun.<\/p>\n\n\n\n<p>Pour cela, nous mettons en place une recherche participative, c&rsquo;est-\u00e0-dire une d\u00e9marche o\u00f9 ce sont les personnes qui seront concern\u00e9es par le questionnaire (une version jeune, une version parent, une version professionnelle), qui vont d&rsquo;abord co-construire le questionnaire entre elles et avec des chercheurs. Une fois le questionnaire compl\u00e9t\u00e9 par un maximum de personnes (aux mois de mars et avril 2025), les r\u00e9sultats seront analys\u00e9s anonymement par les personnes et les chercheurs qui ont contribu\u00e9 \u00e0 la co-construction du questionnaire. <\/p>\n\n\n\n<p><\/p>\n\n\n\n<p>La \u00ab participation\u00bb est le fait, pour des personnes et groupes de personnes (enfants ou adultes), d&rsquo;avoir : le droit, les moyens, la place, la possibilit\u00e9 et, si n\u00e9cessaire, le soutien pour exprimer librement leurs opinions, \u00eatre entendus et contribuer aux prises de d\u00e9cision sur les affaires les concernant (adaptation de la d\u00e9finition du conseil de l&rsquo;Europe). D&rsquo;autres d\u00e9finitions et supports<a href=\"https:\/\/efis.parisnanterre.fr\/cosup75\/ressources\/\" data-type=\"page\" data-id=\"99\"> ICI<\/a><\/p>\n\n\n\n<p><\/p>\n\n\n\n<p><\/p>\n\n\n<style>.kadence-column6_96ad34-92 > .kt-inside-inner-col,.kadence-column6_96ad34-92 > .kt-inside-inner-col:before{border-top-left-radius:0px;border-top-right-radius:0px;border-bottom-right-radius:0px;border-bottom-left-radius:0px;}.kadence-column6_96ad34-92 > .kt-inside-inner-col{column-gap:var(--global-kb-gap-sm, 1rem);}.kadence-column6_96ad34-92 > .kt-inside-inner-col{flex-direction:column;}.kadence-column6_96ad34-92 > .kt-inside-inner-col > .aligncenter{width:100%;}.kadence-column6_96ad34-92 > .kt-inside-inner-col:before{opacity:0.3;}.kadence-column6_96ad34-92{position:relative;}@media all and (max-width: 1024px){.kadence-column6_96ad34-92 > .kt-inside-inner-col{flex-direction:column;justify-content:center;}}@media all and (max-width: 767px){.kadence-column6_96ad34-92 > .kt-inside-inner-col{flex-direction:column;justify-content:center;}}<\/style>\n<div class=\"wp-block-kadence-column kadence-column6_96ad34-92\"><div class=\"kt-inside-inner-col\">\n<h2 class=\"wp-block-heading has-text-align-center has-vivid-cyan-blue-to-vivid-purple-gradient-background has-background\">Jusqu&rsquo;au 15 juin 2025, jeunes, parents, professionnels : on a besoin de vous !<\/h2>\n\n\n\n<p class=\"has-text-align-center has-medium-font-size\"><em><strong>Un questionnaire anonyme attend vos r\u00e9ponses au sujet de votre point de vue sur la participation en protection de l&rsquo;enfance.<\/strong><\/em><\/p>\n\n\n\n<p class=\"has-text-align-center has-medium-font-size\">Toutes les informations sont regroup\u00e9es <a href=\"https:\/\/efis.parisnanterre.fr\/cosup75\/questionnaire\/\" data-type=\"page\" data-id=\"14\">ICI.<\/a> <\/p>\n\n\n\n<div class=\"wp-block-media-text is-stacked-on-mobile has-theme-palette-8-background-color has-background\" style=\"grid-template-columns:15% auto\"><figure class=\"wp-block-media-text__media\"><img loading=\"lazy\" decoding=\"async\" width=\"181\" height=\"181\" src=\"https:\/\/efis.parisnanterre.fr\/cosup75\/wp-content\/uploads\/sites\/9\/2025\/03\/COSUP75_Questionnaires_QRcode-1.gif\" alt=\"\" class=\"wp-image-193 size-full\"\/><\/figure><div class=\"wp-block-media-text__content\">\n<p><strong>&lt;== Flashez ce QR code pour compl\u00e9ter le questionnaire<\/strong><\/p>\n\n\n\n<p><strong>On compte sur vous ! <\/strong>passez-le mot autour de vous ! plus on aura de r\u00e9ponses, mieux on comprendra les enjeux de la participation en protection de l&rsquo;enfance \u00e0 Paris. Voici un <a href=\"https:\/\/efis.parisnanterre.fr\/cosup75\/wp-content\/uploads\/sites\/9\/2025\/03\/Affiche-questionnaire-COSUP75-fev25-B.pdf\">flyer<\/a> \u00e0 distribuer.<\/p>\n<\/div><\/div>\n\n\n\n<p class=\"has-text-align-center has-medium-font-size\"><\/p>\n<\/div><\/div>\n\n\n<style>.kb-row-layout-id6_6ee38a-99 > .kt-row-column-wrap{align-content:center;}:where(.kb-row-layout-id6_6ee38a-99 > .kt-row-column-wrap) > .wp-block-kadence-column{justify-content:center;}.kb-row-layout-id6_6ee38a-99 > .kt-row-column-wrap{column-gap:var(--global-kb-gap-lg, 4rem);row-gap:var(--global-kb-gap-md, 2rem);max-width:var( --global-content-width, 1290px );padding-left:var(--global-content-edge-padding);padding-right:var(--global-content-edge-padding);padding-top:var(--global-kb-spacing-xl, 4rem);padding-bottom:var(--global-kb-spacing-lg, 3rem);min-height:800px;grid-template-columns:minmax(0, calc(50% - ((var(--global-kb-gap-lg, 4rem) * 1 )\/2)))minmax(0, calc(50% - ((var(--global-kb-gap-lg, 4rem) * 1 )\/2)));}.kb-row-layout-id6_6ee38a-99 > .kt-row-layout-overlay{opacity:0.30;background:linear-gradient(230deg,var(--global-palette8) 0%,var(--global-palette9) 100%);}.kb-row-layout-id6_6ee38a-99 .kt-row-layout-bottom-sep{height:70px;}.kb-row-layout-id6_6ee38a-99 .kt-row-layout-bottom-sep svg{width:100%;}.kb-row-layout-id6_6ee38a-99 .kt-row-layout-bottom-sep svg{fill:var(--global-palette9, #ffffff)!important;}.kb-row-layout-id6_6ee38a-99 .kt-row-layout-top-sep{height:100px;}.kb-row-layout-id6_6ee38a-99 .kt-row-layout-top-sep svg{width:200%;}.kb-row-layout-id6_6ee38a-99 .kt-row-layout-top-sep svg{fill:#643535!important;}@media all and (max-width: 1024px){.kb-row-layout-id6_6ee38a-99 > .kt-row-column-wrap{padding-top:150px;grid-template-columns:minmax(0, 1fr);}}@media all and (max-width: 1024px){.kb-row-layout-id6_6ee38a-99 .kt-row-layout-bottom-sep{height:px;}}@media all and (max-width: 1024px){.kb-row-layout-id6_6ee38a-99 .kt-row-layout-bottom-sep svg{width:%;}}@media all and (max-width: 767px){.kb-row-layout-id6_6ee38a-99 > .kt-row-column-wrap{padding-top:120px;grid-template-columns:minmax(0, 1fr);}.kb-row-layout-id6_6ee38a-99 .kt-row-layout-bottom-sep{height:px;}.kb-row-layout-id6_6ee38a-99 .kt-row-layout-bottom-sep svg{width:%;}}.kb-row-layout-id6_6ee38a-99  > .kt-row-layout-bottom-sep {z-index: 2;}<\/style><div class=\"kb-row-layout-wrap kb-row-layout-id6_6ee38a-99 alignfull kt-row-has-bg wp-block-kadence-rowlayout\"><div class=\"kt-row-layout-overlay kt-row-overlay-gradient\"><\/div><div class=\"kt-row-layout-bottom-sep kt-row-sep-type-crvri\"><svg viewBox=\"0 0 1000 100\" preserveAspectRatio=\"none\"><path d=\"M1000,0c0,0 -120.987,98 -350,98c-229.013,0 -650,-98 -650,-98l0,100l1000,0l0,-100Z\" \/><\/svg><\/div><div class=\"kt-row-column-wrap kt-has-2-columns kt-row-layout-equal kt-tab-layout-row kt-mobile-layout-row kt-row-valign-middle kt-inner-column-height-full kb-theme-content-width\">\n<style>.kadence-column6_46bcf8-3c > .kt-inside-inner-col,.kadence-column6_46bcf8-3c > .kt-inside-inner-col:before{border-top-left-radius:0px;border-top-right-radius:0px;border-bottom-right-radius:0px;border-bottom-left-radius:0px;}.kadence-column6_46bcf8-3c > .kt-inside-inner-col{column-gap:var(--global-kb-gap-sm, 1rem);}.kadence-column6_46bcf8-3c > .kt-inside-inner-col{flex-direction:column;}.kadence-column6_46bcf8-3c > .kt-inside-inner-col > .aligncenter{width:100%;}.kadence-column6_46bcf8-3c > .kt-inside-inner-col:before{opacity:0.3;}.kadence-column6_46bcf8-3c{position:relative;}.kadence-column6_46bcf8-3c, .kt-inside-inner-col > .kadence-column6_46bcf8-3c:not(.specificity){margin-left:var(--global-kb-spacing-xs, 1rem);}@media all and (max-width: 1024px){.kadence-column6_46bcf8-3c > .kt-inside-inner-col{flex-direction:column;justify-content:center;}}@media all and (max-width: 767px){.kadence-column6_46bcf8-3c > .kt-inside-inner-col{flex-direction:column;justify-content:center;}}<\/style>\n<div class=\"wp-block-kadence-column kadence-column6_46bcf8-3c inner-column-1\"><div class=\"kt-inside-inner-col\"><style>.wp-block-kadence-advancedheading.kt-adv-heading6_1af10b-9e, .wp-block-kadence-advancedheading.kt-adv-heading6_1af10b-9e[data-kb-block=\"kb-adv-heading6_1af10b-9e\"]{margin-bottom:var(--global-kb-spacing-xs, 1rem);font-size:var(--global-kb-font-size-sm, 0.9rem);font-weight:normal;font-style:normal;text-transform:uppercase;}.wp-block-kadence-advancedheading.kt-adv-heading6_1af10b-9e mark.kt-highlight, .wp-block-kadence-advancedheading.kt-adv-heading6_1af10b-9e[data-kb-block=\"kb-adv-heading6_1af10b-9e\"] mark.kt-highlight{font-weight:normal;font-style:normal;color:#f76a0c;-webkit-box-decoration-break:clone;box-decoration-break:clone;padding-top:0px;padding-right:0px;padding-bottom:0px;padding-left:0px;}.wp-block-kadence-advancedheading.kt-adv-heading6_1af10b-9e img.kb-inline-image, .wp-block-kadence-advancedheading.kt-adv-heading6_1af10b-9e[data-kb-block=\"kb-adv-heading6_1af10b-9e\"] img.kb-inline-image{width:150px;vertical-align:baseline;}<\/style>\n<h6 class=\"kt-adv-heading6_1af10b-9e wp-block-kadence-advancedheading has-theme-palette-4-color has-text-color\" data-kb-block=\"kb-adv-heading6_1af10b-9e\"><\/h6>\n\n\n<style>.wp-block-kadence-advancedheading.kt-adv-heading6_f0be4a-05, .wp-block-kadence-advancedheading.kt-adv-heading6_f0be4a-05[data-kb-block=\"kb-adv-heading6_f0be4a-05\"]{font-size:var(--global-kb-font-size-xl, 3rem);line-height:1;font-weight:normal;font-style:normal;}.wp-block-kadence-advancedheading.kt-adv-heading6_f0be4a-05 mark.kt-highlight, .wp-block-kadence-advancedheading.kt-adv-heading6_f0be4a-05[data-kb-block=\"kb-adv-heading6_f0be4a-05\"] mark.kt-highlight{font-weight:normal;font-style:normal;color:#f76a0c;-webkit-box-decoration-break:clone;box-decoration-break:clone;padding-top:0px;padding-right:0px;padding-bottom:0px;padding-left:0px;}.wp-block-kadence-advancedheading.kt-adv-heading6_f0be4a-05 img.kb-inline-image, .wp-block-kadence-advancedheading.kt-adv-heading6_f0be4a-05[data-kb-block=\"kb-adv-heading6_f0be4a-05\"] img.kb-inline-image{width:150px;vertical-align:baseline;}@media all and (max-width: 1024px){.wp-block-kadence-advancedheading.kt-adv-heading6_f0be4a-05, .wp-block-kadence-advancedheading.kt-adv-heading6_f0be4a-05[data-kb-block=\"kb-adv-heading6_f0be4a-05\"]{font-size:50px;}}@media all and (max-width: 767px){.wp-block-kadence-advancedheading.kt-adv-heading6_f0be4a-05, .wp-block-kadence-advancedheading.kt-adv-heading6_f0be4a-05[data-kb-block=\"kb-adv-heading6_f0be4a-05\"]{font-size:40px;}}<\/style>\n<h1 class=\"kt-adv-heading6_f0be4a-05 wp-block-kadence-advancedheading has-theme-palette-3-color has-text-color\" data-kb-block=\"kb-adv-heading6_f0be4a-05\"><\/h1>\n\n\n<style>.wp-block-kadence-advancedheading.kt-adv-heading6_655091-cb, .wp-block-kadence-advancedheading.kt-adv-heading6_655091-cb[data-kb-block=\"kb-adv-heading6_655091-cb\"]{font-weight:normal;font-style:normal;}.wp-block-kadence-advancedheading.kt-adv-heading6_655091-cb mark.kt-highlight, .wp-block-kadence-advancedheading.kt-adv-heading6_655091-cb[data-kb-block=\"kb-adv-heading6_655091-cb\"] mark.kt-highlight{font-weight:normal;font-style:normal;color:#f76a0c;-webkit-box-decoration-break:clone;box-decoration-break:clone;padding-top:0px;padding-right:0px;padding-bottom:0px;padding-left:0px;}.wp-block-kadence-advancedheading.kt-adv-heading6_655091-cb img.kb-inline-image, .wp-block-kadence-advancedheading.kt-adv-heading6_655091-cb[data-kb-block=\"kb-adv-heading6_655091-cb\"] img.kb-inline-image{width:150px;vertical-align:baseline;}<\/style>\n<p class=\"kt-adv-heading6_655091-cb wp-block-kadence-advancedheading has-theme-palette-3-color has-text-color\" data-kb-block=\"kb-adv-heading6_655091-cb\"><strong>Cette recherche, appel\u00e9e COSUP75 a pour objectif de comprendre la participation en protection de l&rsquo;enfance \u00e0 Paris.<\/strong><\/p>\n\n\n\n<p>Cette recherche est compos\u00e9e de 2 axes : <\/p>\n\n\n\n<ul class=\"wp-block-list\">\n<li>le premier : <strong>le recueil de l&rsquo;exp\u00e9rience de participation aux d\u00e9cisions <\/strong>v\u00e9cue par les jeunes, les parents et les professionnels de la protection de l&rsquo;enfance gr\u00e2ce \u00e0 la co-construction d&rsquo;un <a href=\"https:\/\/efis.parisnanterre.fr\/cosup75\/questionnaire\/\" data-type=\"page\" data-id=\"14\">questionnaire<\/a> avec un groupe de volontaires concern\u00e9s par la protection de l&rsquo;enfance (jeunes, parents et professionnels).<\/li>\n\n\n\n<li>le deuxi\u00e8me : <strong>l&rsquo;observation par l&rsquo;\u00e9quipe de recherche du processus<\/strong> de mise en place d&rsquo;ateliers participatifs par l&rsquo;OPPE (sur les ann\u00e9es 2024 et 2025)<\/li>\n<\/ul>\n\n\n\n<p>Elle est soutenue par l&rsquo;<a href=\"https:\/\/www.onpe.gouv.fr\/\" data-type=\"link\" data-id=\"https:\/\/www.onpe.gouv.fr\/\">ONPE<\/a> et par l&rsquo;Observatoire Parisien de la Protection de l&rsquo;Enfance (OPPE) et est la continuit\u00e9 d&rsquo;une recherche termin\u00e9e en 2023 nomm\u00e9e <a href=\"https:\/\/efis.parisnanterre.fr\/copa75\/\">COPA75<\/a>.<\/p>\n\n\n\n<p>L&rsquo;analyse des r\u00e9sultats vise \u00e0 proposer des pistes d&rsquo;am\u00e9lioration et de promotion de la participation aux d\u00e9cisions de l&rsquo;ensemble des acteurs au sein du d\u00e9partement de Paris.<\/p>\n<\/div><\/div>\n\n\n<style>.kadence-column6_5af665-e8 > .kt-inside-inner-col,.kadence-column6_5af665-e8 > .kt-inside-inner-col:before{border-top-left-radius:0px;border-top-right-radius:0px;border-bottom-right-radius:0px;border-bottom-left-radius:0px;}.kadence-column6_5af665-e8 > .kt-inside-inner-col{column-gap:var(--global-kb-gap-sm, 1rem);}.kadence-column6_5af665-e8 > .kt-inside-inner-col{flex-direction:column;}.kadence-column6_5af665-e8 > .kt-inside-inner-col > .aligncenter{width:100%;}.kadence-column6_5af665-e8 > .kt-inside-inner-col:before{opacity:0.3;}.kadence-column6_5af665-e8{position:relative;}@media all and (max-width: 1024px){.kadence-column6_5af665-e8 > .kt-inside-inner-col{flex-direction:column;justify-content:center;}}@media all and (max-width: 767px){.kadence-column6_5af665-e8 > .kt-inside-inner-col{flex-direction:column;justify-content:center;}}<\/style>\n<div class=\"wp-block-kadence-column kadence-column6_5af665-e8\"><div class=\"kt-inside-inner-col\"><style>.kb-image6_ac10ef-fb .kb-image-has-overlay:after{opacity:0.3;}<\/style>\n<figure class=\"wp-block-kadence-image kb-image6_ac10ef-fb size-large\"><img loading=\"lazy\" decoding=\"async\" width=\"1024\" height=\"453\" src=\"https:\/\/efis.parisnanterre.fr\/cosup75\/wp-content\/uploads\/sites\/9\/2025\/02\/page-titre-1024x453.jpg\" alt=\"\" class=\"kb-img wp-image-171\" srcset=\"https:\/\/efis.parisnanterre.fr\/cosup75\/wp-content\/uploads\/sites\/9\/2025\/02\/page-titre-1024x453.jpg 1024w, https:\/\/efis.parisnanterre.fr\/cosup75\/wp-content\/uploads\/sites\/9\/2025\/02\/page-titre-300x133.jpg 300w, https:\/\/efis.parisnanterre.fr\/cosup75\/wp-content\/uploads\/sites\/9\/2025\/02\/page-titre-768x340.jpg 768w, https:\/\/efis.parisnanterre.fr\/cosup75\/wp-content\/uploads\/sites\/9\/2025\/02\/page-titre.jpg 1145w\" sizes=\"auto, (max-width: 1024px) 100vw, 1024px\" \/><\/figure>\n<\/div><\/div>\n\n<\/div><\/div>\n\n<style>.kb-row-layout-id6_15faa8-f5 > .kt-row-column-wrap{align-content:start;}:where(.kb-row-layout-id6_15faa8-f5 > .kt-row-column-wrap) > .wp-block-kadence-column{justify-content:start;}.kb-row-layout-id6_15faa8-f5 > .kt-row-column-wrap{column-gap:var(--global-kb-gap-md, 2rem);row-gap:var(--global-kb-gap-md, 2rem);max-width:700px;margin-left:auto;margin-right:auto;padding-top:var(--global-kb-spacing-xxl, 5rem);padding-bottom:var(--global-kb-spacing-xxl, 5rem);grid-template-columns:minmax(0, 1fr);}.kb-row-layout-id6_15faa8-f5{background-image:url('https:\/\/efis.parisnanterre.fr\/cosup75\/wp-content\/uploads\/sites\/9\/2024\/03\/Example-Background-Image.jpg');background-size:cover;background-position:center center;background-attachment:scroll;background-repeat:no-repeat;}.kb-row-layout-id6_15faa8-f5 > .kt-row-layout-overlay{opacity:0.85;background-color:var(--global-palette9, #ffffff);}@media all and (max-width: 1024px){.kb-row-layout-id6_15faa8-f5 > .kt-row-column-wrap{grid-template-columns:minmax(0, 1fr);}}@media all and (max-width: 767px){.kb-row-layout-id6_15faa8-f5 > .kt-row-column-wrap{grid-template-columns:minmax(0, 1fr);}}<\/style><div class=\"kb-row-layout-wrap kb-row-layout-id6_15faa8-f5 alignfull has-theme-palette9-background-color kt-row-has-bg wp-block-kadence-rowlayout\"><div class=\"kt-row-layout-overlay kt-row-overlay-normal\"><\/div><div class=\"kt-row-column-wrap kt-has-1-columns kt-row-layout-equal kt-tab-layout-inherit kt-mobile-layout-row kt-row-valign-top\">\n<style>.kadence-column6_8bf5e8-f4 > .kt-inside-inner-col,.kadence-column6_8bf5e8-f4 > .kt-inside-inner-col:before{border-top-left-radius:50px;border-top-right-radius:0px;border-bottom-right-radius:50px;border-bottom-left-radius:0px;}.kadence-column6_8bf5e8-f4 > .kt-inside-inner-col{column-gap:var(--global-kb-gap-sm, 1rem);}.kadence-column6_8bf5e8-f4 > .kt-inside-inner-col{flex-direction:column;}.kadence-column6_8bf5e8-f4 > .kt-inside-inner-col > .aligncenter{width:100%;}.kadence-column6_8bf5e8-f4 > .kt-inside-inner-col:before{opacity:0.3;}.kadence-column6_8bf5e8-f4{position:relative;}@media all and (max-width: 1024px){.kadence-column6_8bf5e8-f4 > .kt-inside-inner-col{flex-direction:column;justify-content:center;}}@media all and (max-width: 767px){.kadence-column6_8bf5e8-f4 > .kt-inside-inner-col{flex-direction:column;justify-content:center;}}<\/style>\n<div class=\"wp-block-kadence-column kadence-column6_8bf5e8-f4\"><div class=\"kt-inside-inner-col\">\n<p class=\"has-text-align-center\"><\/p>\n<\/div><\/div>\n\n<\/div><\/div>\n\n\n<h2 class=\"wp-block-heading\" id=\"qui-sommes-nous\">Qui sommes-nous&nbsp;?<\/h2>\n\n\n\n<p>Nous sommes 4 chercheur.es en sciences de l\u2019\u00e9ducation et de la formation \u00e0 l\u2019Universit\u00e9 Paris Nanterre (au sein de l\u2019\u00e9quipe <a href=\"https:\/\/efis.parisnanterre.fr\/\">EFIS<\/a> du laboratoire CREF), nous avons l\u2019habitude de travailler sur des th\u00e9matiques dans le champs de la protection de l\u2019enfance.<\/p>\n\n\n\n<div class=\"wp-block-group is-layout-grid wp-container-core-group-is-layout-8c0fce00 wp-block-group-is-layout-grid\"><style>.kb-image6_0abebb-8a .kb-image-has-overlay:after{opacity:0.3;}<\/style>\n<figure class=\"wp-block-kadence-image kb-image6_0abebb-8a size-thumbnail\"><img loading=\"lazy\" decoding=\"async\" width=\"150\" height=\"150\" src=\"https:\/\/efis.parisnanterre.fr\/cosup75\/wp-content\/uploads\/sites\/9\/2024\/04\/photo-helene-2-150x150.jpg\" alt=\"\" class=\"kb-img wp-image-61\"\/><figcaption>H\u00e9l\u00e8ne Join-Lambert<\/figcaption><\/figure>\n\n\n\n<figure class=\"wp-block-image size-thumbnail\"><img loading=\"lazy\" decoding=\"async\" width=\"150\" height=\"150\" src=\"https:\/\/efis.parisnanterre.fr\/cosup75\/wp-content\/uploads\/sites\/9\/2024\/04\/photo-severine-pour-site-cosup75-150x150.jpg\" alt=\"\" class=\"wp-image-88\"\/><figcaption class=\"wp-element-caption\"><span class=\"media-credit\"><a href=\"https:\/\/efis.parisnanterre.fr\/cosup75\/author\/copa75\/\">copa75<\/a> | Cosup75<\/span> S\u00e9verine Euillet<\/figcaption><\/figure>\n\n\n<style>.kb-image6_e21d55-c6 .kb-image-has-overlay:after{opacity:0.3;}<\/style>\n<figure class=\"wp-block-kadence-image kb-image6_e21d55-c6 size-thumbnail\"><img loading=\"lazy\" decoding=\"async\" width=\"150\" height=\"150\" src=\"https:\/\/efis.parisnanterre.fr\/cosup75\/wp-content\/uploads\/sites\/9\/2024\/04\/photo-anna-150x150.jpg\" alt=\"\" class=\"kb-img wp-image-60\"\/><figcaption>Anna Rurka<\/figcaption><\/figure>\n\n\n<style>.kb-image6_59b6b5-ec .kb-image-has-overlay:after{opacity:0.3;}<\/style>\n<figure class=\"wp-block-kadence-image kb-image6_59b6b5-ec size-thumbnail\"><img loading=\"lazy\" decoding=\"async\" width=\"150\" height=\"150\" src=\"https:\/\/efis.parisnanterre.fr\/cosup75\/wp-content\/uploads\/sites\/9\/2024\/04\/photo-jd-150x150.jpg\" alt=\"\" class=\"kb-img wp-image-69\" srcset=\"https:\/\/efis.parisnanterre.fr\/cosup75\/wp-content\/uploads\/sites\/9\/2024\/04\/photo-jd-150x150.jpg 150w, https:\/\/efis.parisnanterre.fr\/cosup75\/wp-content\/uploads\/sites\/9\/2024\/04\/photo-jd-300x300.jpg 300w, https:\/\/efis.parisnanterre.fr\/cosup75\/wp-content\/uploads\/sites\/9\/2024\/04\/photo-jd.jpg 360w\" sizes=\"auto, (max-width: 150px) 100vw, 150px\" \/><figcaption>J\u00e9r\u00f4me Delfortrie<\/figcaption><\/figure>\n<\/div>\n\n\n\n<p>Vous pouvez nous contacter <a href=\"https:\/\/efis.parisnanterre.fr\/cosup75\/contact\/\" data-type=\"page\" data-id=\"11\">ICI<\/a><\/p>\n\n\n\n<p><\/p>\n\n\n\n<p><\/p>\n\n\n\n<div class=\"wp-block-columns is-layout-flex wp-container-core-columns-is-layout-9d6595d7 wp-block-columns-is-layout-flex\">\n<div class=\"wp-block-column is-layout-flow wp-block-column-is-layout-flow\" style=\"flex-basis:100%\"><\/div>\n<\/div>\n","protected":false},"excerpt":{"rendered":"<p>COSUP75 CO-construction de SUpports de Participation en protection de l&rsquo;enfance \u00e0 Paris Cette recherche est financ\u00e9e par l&rsquo;Observatoire national de la protection de l&rsquo;enfance (ONPE) et par la Ville de Paris. Elle est men\u00e9e en partenariat entre une \u00e9quipe de chercheurs du CREF et l&rsquo;Observatoire parisien de la protection de l&rsquo;enfance (OPPE). Conna\u00eetre la perception&#8230;<\/p>\n","protected":false},"author":3,"featured_media":0,"parent":0,"menu_order":0,"comment_status":"closed","ping_status":"closed","template":"","meta":{"_kad_blocks_custom_css":"","_kad_blocks_head_custom_js":"","_kad_blocks_body_custom_js":"","_kad_blocks_footer_custom_js":"","_themeisle_gutenberg_block_has_review":false,"_kad_post_transparent":"","_kad_post_title":"","_kad_post_layout":"","_kad_post_sidebar_id":"","_kad_post_content_style":"","_kad_post_vertical_padding":"","_kad_post_feature":"","_kad_post_feature_position":"","_kad_post_header":false,"_kad_post_footer":false,"_kad_post_classname":"","footnotes":"","_links_to":"","_links_to_target":""},"coauthors":[2],"class_list":["post-6","page","type-page","status-publish","hentry"],"taxonomy_info":[],"featured_image_src_large":false,"author_info":{"display_name":"admin","author_link":"https:\/\/efis.parisnanterre.fr\/cosup75\/author\/scarella\/"},"comment_info":0,"_links":{"self":[{"href":"https:\/\/efis.parisnanterre.fr\/cosup75\/wp-json\/wp\/v2\/pages\/6","targetHints":{"allow":["GET"]}}],"collection":[{"href":"https:\/\/efis.parisnanterre.fr\/cosup75\/wp-json\/wp\/v2\/pages"}],"about":[{"href":"https:\/\/efis.parisnanterre.fr\/cosup75\/wp-json\/wp\/v2\/types\/page"}],"author":[{"embeddable":true,"href":"https:\/\/efis.parisnanterre.fr\/cosup75\/wp-json\/wp\/v2\/users\/3"}],"replies":[{"embeddable":true,"href":"https:\/\/efis.parisnanterre.fr\/cosup75\/wp-json\/wp\/v2\/comments?post=6"}],"version-history":[{"count":62,"href":"https:\/\/efis.parisnanterre.fr\/cosup75\/wp-json\/wp\/v2\/pages\/6\/revisions"}],"predecessor-version":[{"id":277,"href":"https:\/\/efis.parisnanterre.fr\/cosup75\/wp-json\/wp\/v2\/pages\/6\/revisions\/277"}],"wp:attachment":[{"href":"https:\/\/efis.parisnanterre.fr\/cosup75\/wp-json\/wp\/v2\/media?parent=6"}],"wp:term":[{"taxonomy":"author","embeddable":true,"href":"https:\/\/efis.parisnanterre.fr\/cosup75\/wp-json\/wp\/v2\/coauthors?post=6"}],"curies":[{"name":"wp","href":"https:\/\/api.w.org\/{rel}","templated":true}]}}