{"id":99,"date":"2025-02-14T16:14:51","date_gmt":"2025-02-14T15:14:51","guid":{"rendered":"https:\/\/efis.parisnanterre.fr\/cosup75\/?page_id=99"},"modified":"2025-03-03T10:15:08","modified_gmt":"2025-03-03T09:15:08","slug":"ressources","status":"publish","type":"page","link":"https:\/\/efis.parisnanterre.fr\/cosup75\/ressources\/","title":{"rendered":"Ressources"},"content":{"rendered":"\n<p>Sur cette page, vous trouverez des liens et des ressources au sujet des droits et \u00e9galement de la participation de mani\u00e8re plus g\u00e9n\u00e9rale en protection de l&rsquo;enfance.<\/p>\n\n\n\n<h2 class=\"wp-block-heading\">L&rsquo;information et les ressources au sujet des droits<\/h2>\n\n\n\n<p><\/p>\n\n\n\n<p><strong>Les droits des enfants suivis en protection de l&rsquo;enfance<\/strong><\/p>\n\n\n\n<ul class=\"wp-block-list\">\n<li><a href=\"https:\/\/www.repairs75.org\">Repairs! L&rsquo;ADEPAPE de Paris<\/a>: Une communaut\u00e9 d&rsquo;entraide entre pairs par et pour les enfants plac\u00e9s&nbsp;d&rsquo;hier et d&rsquo;aujourd&rsquo;hui <\/li>\n<\/ul>\n\n\n\n<p><\/p>\n\n\n\n<ul class=\"wp-block-list\">\n<li><a href=\"https:\/\/cdn.paris.fr\/paris\/2020\/11\/19\/5033a28b32200114059447428edcb6e8.pdf\" target=\"_blank\" rel=\"noreferrer noopener\">\u00ab<\/a><a href=\"https:\/\/www.paris.fr\/pages\/prevention-et-protection-de-l-enfance-80#j-ai-ete-pris-en-charge-par-l-aide-sociale-a-l-enfance-et-je-souhaite-consulter-mon-dossier\">J\u2019ai \u00e9t\u00e9 pris en charge par l\u2019aide sociale \u00e0 l\u2019enfance et je souhaite consulter mon dossier<\/a><a href=\"https:\/\/cdn.paris.fr\/paris\/2020\/11\/19\/5033a28b32200114059447428edcb6e8.pdf\" target=\"_blank\" rel=\"noreferrer noopener\">\u00bb<\/a> sur le site de l&rsquo;ASE de Paris<\/li>\n<\/ul>\n\n\n\n<p><\/p>\n\n\n\n<ul class=\"wp-block-list\">\n<li><a href=\"https:\/\/rm.coe.int\/CoERMPublicCommonSearchServices\/DisplayDCTMContent?documentId=090000168046ce3c\" target=\"_blank\" rel=\"noreferrer noopener\">\u00ab&nbsp;Enfants et adolescents accueillis en protection de l\u2019enfance&nbsp;\u00bb&nbsp;<\/a>de SOS Village d\u2019enfants et le Conseil de l\u2019Europe en 2010<\/li>\n<\/ul>\n\n\n\n<p><\/p>\n\n\n\n<ul class=\"wp-block-list\">\n<li><a href=\"https:\/\/efis.parisnanterre.fr\/copa75\/wp-content\/uploads\/2021\/04\/Plaquette-A4-enfant-institution-FRA.pdf.pdf\" target=\"_blank\" rel=\"noreferrer noopener\">\u00ab&nbsp;Garantir le respect des droits des enfants vivant en institution&nbsp;\u00bb&nbsp;<\/a>une plaquette de 4 pages r\u00e9dig\u00e9es par le Conseil de l\u2019Europe<\/li>\n<\/ul>\n\n\n\n<p><\/p>\n\n\n\n<p><strong>Les droits de l&rsquo;enfant <\/strong><\/p>\n\n\n\n<ul class=\"wp-block-list\">\n<li><a href=\"https:\/\/www.paris.fr\/pages\/la-mission-droits-de-l-enfant-15858\">La Mission&nbsp;Droits de l\u2019Enfant \u00e0 Paris<\/a><\/li>\n<\/ul>\n\n\n\n<p><\/p>\n\n\n\n<ul class=\"wp-block-list\">\n<li><a href=\"https:\/\/cdn.paris.fr\/paris\/2020\/11\/19\/5033a28b32200114059447428edcb6e8.pdf\" target=\"_blank\" rel=\"noreferrer noopener\">\u00ab&nbsp;Charte parisienne des droits de l\u2019enfant&nbsp;\u00bb&nbsp;<\/a>du 20 novembre 2020<\/li>\n<\/ul>\n\n\n\n<ul class=\"wp-block-list\">\n<li><a href=\"https:\/\/defenseurdesdroits.fr\/fr\/rapports-annuels\/2015\/11\/rapport-annuel-2015-consacre-aux-droits-de-lenfant-handicap-et-protection\" target=\"_blank\" rel=\"noreferrer noopener\">\u00ab&nbsp;Handicap et protection de l\u2019enfance : des droits pour des enfants invisibles&nbsp;\u00bb<\/a>&nbsp;le rapport annuel du D\u00e9fenseur des droits en 2015<\/li>\n<\/ul>\n\n\n\n<p><\/p>\n\n\n\n<ul class=\"wp-block-list\">\n<li>Video et quizz sur les Droits de l&rsquo;enfant dans le monde sur le site d&rsquo;<a href=\"https:\/\/www.amnesty.fr\/actualites\/voir-pour-comprendre-10-les-droits-de-lenfant\">Amnesty International <\/a><\/li>\n<\/ul>\n\n\n\n<p><\/p>\n\n\n\n<p><strong>Les droits des parents dont un enfant est suivi en protection de l&rsquo;enfance<\/strong><\/p>\n\n\n\n<ul class=\"wp-block-list\">\n<li><a href=\"https:\/\/www.paris.fr\/pages\/prevention-et-protection-de-l-enfance-80#etre-parent-d-un-enfant-confie-a-l-aide-sociale-a-l-enfance\">\u00ab\u00catre parent d\u2019un enfant confi\u00e9 \u00e0 l\u2019aide sociale \u00e0 l\u2019enfance\u00bb<\/a> sur le site de l&rsquo;ASE de Paris. Vous y trouverez un guide \u00e0 destination des parents qui aborde notamment la question des droits. <\/li>\n<\/ul>\n\n\n\n<p><\/p>\n\n\n\n<p><\/p>\n\n\n\n<h2 class=\"wp-block-heading\">La participation, que sait-on ?<\/h2>\n\n\n\n<ul class=\"wp-block-list\">\n<li><a href=\"https:\/\/onpe.france-enfance-protegee.fr\/ecouter-pour-agir-la-participation-collective-des-enfants-proteges\/\">\u00ab\u00a0Ecouter pour agir\u00a0\u00bb<\/a> : un ensemble de ressources mis \u00e0 disposition sur le site internet de l&rsquo;ONPE pour comprendre et mettre en \u0153uvre des d\u00e9marches participatives en protection de l&rsquo;enfance.<\/li>\n<\/ul>\n\n\n\n<p><\/p>\n\n\n\n<ul class=\"wp-block-list\">\n<li>\u00ab\u00a0<a href=\"https:\/\/www.atd-quartmonde.fr\/publications\/reussir-la-participation-de-toutes-et-tous-petit-guide-pratique-pour-agir\/\">R\u00e9ussir la participation de toutes et de tous: petit guide pratique pour agir<\/a>\u00a0\u00bb : un guide \u00e9labor\u00e9 par ATD Quart Monde. Il donne les cl\u00e9s essentielles pour r\u00e9ussir la participation de tous, y compris de celles et ceux qui sont les plus exclus ou que l\u2019on \u00e9coute le moins. <\/li>\n<\/ul>\n\n\n\n<p><\/p>\n\n\n\n<ul class=\"wp-block-list\">\n<li>\u00ab\u00a0<a href=\"https:\/\/www.solidarites-actives.com\/fr\/nos-actualites\/publication\/un-kit-pour-lancer-sa-demarche-de-participation\">Kit de la participation<\/a>\u00ab\u00a0: un kit de 10 fiches pratiques pour mobiliser et accompagner la participation des personnes&nbsp;en situation de fragilit\u00e9s, propos\u00e9 par l&rsquo;Agence nouvelle des solidarit\u00e9s actives (ANSA)<\/li>\n<\/ul>\n\n\n\n<p><\/p>\n","protected":false},"excerpt":{"rendered":"<p>Sur cette page, vous trouverez des liens et des ressources au sujet des droits et \u00e9galement de la participation de mani\u00e8re plus g\u00e9n\u00e9rale en protection de l&rsquo;enfance. L&rsquo;information et les ressources au sujet des droits Les droits des enfants suivis en protection de l&rsquo;enfance Les droits de l&rsquo;enfant Les droits des parents dont un enfant&#8230;<\/p>\n","protected":false},"author":9,"featured_media":147,"parent":0,"menu_order":0,"comment_status":"closed","ping_status":"closed","template":"","meta":{"_kad_blocks_custom_css":"","_kad_blocks_head_custom_js":"","_kad_blocks_body_custom_js":"","_kad_blocks_footer_custom_js":"","_themeisle_gutenberg_block_has_review":false,"_kad_post_transparent":"","_kad_post_title":"","_kad_post_layout":"","_kad_post_sidebar_id":"","_kad_post_content_style":"","_kad_post_vertical_padding":"","_kad_post_feature":"","_kad_post_feature_position":"","_kad_post_header":false,"_kad_post_footer":false,"_kad_post_classname":"","footnotes":"","_links_to":"","_links_to_target":""},"coauthors":[4],"class_list":["post-99","page","type-page","status-publish","has-post-thumbnail","hentry"],"taxonomy_info":[],"featured_image_src_large":["https:\/\/efis.parisnanterre.fr\/cosup75\/wp-content\/uploads\/sites\/9\/2025\/02\/illustration-reseau-ressource-1024x822.png",1024,822,true],"author_info":{"display_name":"H\u00e9l\u00e8ne Join-Lambert","author_link":"https:\/\/efis.parisnanterre.fr\/cosup75\/author\/helene\/"},"comment_info":0,"_links":{"self":[{"href":"https:\/\/efis.parisnanterre.fr\/cosup75\/wp-json\/wp\/v2\/pages\/99","targetHints":{"allow":["GET"]}}],"collection":[{"href":"https:\/\/efis.parisnanterre.fr\/cosup75\/wp-json\/wp\/v2\/pages"}],"about":[{"href":"https:\/\/efis.parisnanterre.fr\/cosup75\/wp-json\/wp\/v2\/types\/page"}],"author":[{"embeddable":true,"href":"https:\/\/efis.parisnanterre.fr\/cosup75\/wp-json\/wp\/v2\/users\/9"}],"replies":[{"embeddable":true,"href":"https:\/\/efis.parisnanterre.fr\/cosup75\/wp-json\/wp\/v2\/comments?post=99"}],"version-history":[{"count":9,"href":"https:\/\/efis.parisnanterre.fr\/cosup75\/wp-json\/wp\/v2\/pages\/99\/revisions"}],"predecessor-version":[{"id":234,"href":"https:\/\/efis.parisnanterre.fr\/cosup75\/wp-json\/wp\/v2\/pages\/99\/revisions\/234"}],"wp:featuredmedia":[{"embeddable":true,"href":"https:\/\/efis.parisnanterre.fr\/cosup75\/wp-json\/wp\/v2\/media\/147"}],"wp:attachment":[{"href":"https:\/\/efis.parisnanterre.fr\/cosup75\/wp-json\/wp\/v2\/media?parent=99"}],"wp:term":[{"taxonomy":"author","embeddable":true,"href":"https:\/\/efis.parisnanterre.fr\/cosup75\/wp-json\/wp\/v2\/coauthors?post=99"}],"curies":[{"name":"wp","href":"https:\/\/api.w.org\/{rel}","templated":true}]}}