{"id":71,"date":"2022-07-21T11:32:18","date_gmt":"2022-07-21T09:32:18","guid":{"rendered":"https:\/\/efis.parisnanterre.fr\/lgbtqiap\/?page_id=71"},"modified":"2024-05-29T19:12:59","modified_gmt":"2024-05-29T17:12:59","slug":"lequipe","status":"publish","type":"page","link":"https:\/\/efis.parisnanterre.fr\/lgbtqiap\/lequipe\/","title":{"rendered":"L&rsquo;\u00e9quipe \/ Team"},"content":{"rendered":"\n<p style=\"font-size:18px\"><strong>La recherche sur la prise en compte des jeunes LGBTQIA+ dans le cadre de la protection de l&rsquo;enfance est men\u00e9e par une \u00e9quipe dynamique de quatre personnes qui ont h\u00e2te de contribuer \u00e0 construire un environnement propice pour l\u2019\u00e9panouissement de chaque enfant et jeune qui, pour des raisons vari\u00e9es, a d\u00fb \u00eatre prot\u00e9g\u00e9 et accompagn\u00e9 par les services de la protection de l\u2019enfance : <\/strong><\/p>\n\n\n\n<p class=\"has-theme-palette-2-color has-text-color\" style=\"font-size:18px\"><em><strong>The research on the consideration of LGBTQIA+ young people in child protection is being carried out by a dynamic team of four persons who are keen to contribute to building an enabling environment for the development of every child and young person who, for a variety of reasons, has had to be protected and supported by child protection services:<\/strong><\/em><\/p>\n\n\n<style>.kb-row-layout-id71_d6ab1f-b0 > .kt-row-column-wrap{align-content:start;}:where(.kb-row-layout-id71_d6ab1f-b0 > .kt-row-column-wrap) > .wp-block-kadence-column{justify-content:start;}.kb-row-layout-id71_d6ab1f-b0 > .kt-row-column-wrap{column-gap:var(--global-kb-gap-lg, 4rem);row-gap:var(--global-kb-gap-md, 2rem);padding-top:var(--global-kb-spacing-sm, 1.5rem);padding-bottom:var(--global-kb-spacing-sm, 1.5rem);grid-template-columns:repeat(2, minmax(0, 1fr));}.kb-row-layout-id71_d6ab1f-b0 > .kt-row-layout-overlay{opacity:0.30;}.kb-row-layout-id71_d6ab1f-b0 ,.kb-row-layout-id71_d6ab1f-b0 h1,.kb-row-layout-id71_d6ab1f-b0 h2,.kb-row-layout-id71_d6ab1f-b0 h3,.kb-row-layout-id71_d6ab1f-b0 h4,.kb-row-layout-id71_d6ab1f-b0 h5,.kb-row-layout-id71_d6ab1f-b0 h6{color:#bf2222;}@media all and (max-width: 1024px){.kb-row-layout-id71_d6ab1f-b0 > .kt-row-column-wrap{grid-template-columns:repeat(2, minmax(0, 1fr));}}@media all and (max-width: 767px){.kb-row-layout-id71_d6ab1f-b0 > .kt-row-column-wrap{grid-template-columns:minmax(0, 1fr);}}<\/style><div class=\"kb-row-layout-wrap kb-row-layout-id71_d6ab1f-b0 alignnone wp-block-kadence-rowlayout\"><div class=\"kt-row-column-wrap kt-has-2-columns kt-row-layout-equal kt-tab-layout-inherit kt-mobile-layout-row kt-row-valign-top\">\n<style>.kadence-column71_d98184-d9 > .kt-inside-inner-col,.kadence-column71_d98184-d9 > .kt-inside-inner-col:before{border-top-left-radius:0px;border-top-right-radius:0px;border-bottom-right-radius:0px;border-bottom-left-radius:0px;}.kadence-column71_d98184-d9 > .kt-inside-inner-col{column-gap:var(--global-kb-gap-sm, 1rem);}.kadence-column71_d98184-d9 > .kt-inside-inner-col{flex-direction:column;}.kadence-column71_d98184-d9 > .kt-inside-inner-col > .aligncenter{width:100%;}.kadence-column71_d98184-d9 > .kt-inside-inner-col:before{opacity:0.3;}.kadence-column71_d98184-d9{position:relative;}@media all and (max-width: 1024px){.kadence-column71_d98184-d9 > .kt-inside-inner-col{flex-direction:column;justify-content:center;}}@media all and (max-width: 767px){.kadence-column71_d98184-d9 > .kt-inside-inner-col{flex-direction:column;justify-content:center;}}<\/style>\n<div class=\"wp-block-kadence-column kadence-column71_d98184-d9 inner-column-1\"><div class=\"kt-inside-inner-col\"><style>.wp-block-kadence-column.kb-section-dir-horizontal > .kt-inside-inner-col > .kt-info-box71_148ba7-d3 .kt-blocks-info-box-link-wrap{max-width:unset;}.kt-info-box71_148ba7-d3 .kt-blocks-info-box-link-wrap{border-top:5px solid #e8d22f;border-right:5px solid #e8d22f;border-bottom:5px solid #e8d22f;border-left:5px solid #e8d22f;border-top-left-radius:20px;border-top-right-radius:20px;border-bottom-right-radius:20px;border-bottom-left-radius:20px;background:#ffffff;padding-top:24px;padding-right:24px;padding-bottom:24px;padding-left:24px;}.kt-info-box71_148ba7-d3 .kt-blocks-info-box-link-wrap:hover{background:#ffffff;}.kt-info-box71_148ba7-d3.wp-block-kadence-infobox{max-width:100%;}.kt-info-box71_148ba7-d3 .kadence-info-box-image-inner-intrisic-container{max-width:100px;}.kt-info-box71_148ba7-d3 .kadence-info-box-image-inner-intrisic-container .kadence-info-box-image-intrisic{padding-bottom:99.8415%;width:631px;height:0px;max-width:100%;}.kt-info-box71_148ba7-d3 .kadence-info-box-icon-container .kt-info-svg-icon, .kt-info-box71_148ba7-d3 .kt-info-svg-icon-flip, .kt-info-box71_148ba7-d3 .kt-blocks-info-box-number{font-size:50px;}.kt-info-box71_148ba7-d3 .kt-blocks-info-box-media{color:#444444;background:#ffffff;border-color:#eeeeee;border-radius:200px;overflow:hidden;border-top-width:0px;border-right-width:0px;border-bottom-width:0px;border-left-width:0px;padding-top:20px;padding-right:20px;padding-bottom:20px;padding-left:20px;margin-top:0px;margin-right:20px;margin-bottom:0px;margin-left:0px;}.kt-info-box71_148ba7-d3 .kt-blocks-info-box-media .kadence-info-box-image-intrisic img{border-radius:200px;}.kt-info-box71_148ba7-d3 .kt-blocks-info-box-link-wrap:hover .kt-blocks-info-box-media{color:#444444;background:#ffffff;border-color:#eeeeee;}.kt-info-box71_148ba7-d3 .kt-infobox-textcontent h2.kt-blocks-info-box-title{padding-top:0px;padding-right:0px;padding-bottom:0px;padding-left:0px;margin-top:5px;margin-right:0px;margin-bottom:10px;margin-left:0px;}.kt-info-box71_148ba7-d3 .kt-infobox-textcontent .kt-blocks-info-box-text{color:#555555;}.kt-info-box71_148ba7-d3 .kt-blocks-info-box-learnmore{background:transparent;border-color:#555555;border-width:0px 0px 0px 0px;padding-top:4px;padding-right:8px;padding-bottom:4px;padding-left:8px;margin-top:10px;margin-right:0px;margin-bottom:10px;margin-left:0px;}.kt-info-box71_148ba7-d3 .kt-blocks-info-box-link-wrap:hover .kt-blocks-info-box-learnmore,.kt-info-box71_148ba7-d3 .kt-blocks-info-box-link-wrap .kt-blocks-info-box-learnmore:focus{color:#ffffff;background:#444444;border-color:#444444;}@media all and (max-width: 1024px){.kt-info-box71_148ba7-d3 .kt-blocks-info-box-link-wrap{border-top:5px solid #e8d22f;border-right:5px solid #e8d22f;border-bottom:5px solid #e8d22f;border-left:5px solid #e8d22f;}}@media all and (max-width: 767px){.kt-info-box71_148ba7-d3 .kt-blocks-info-box-link-wrap{border-top:5px solid #e8d22f;border-right:5px solid #e8d22f;border-bottom:5px solid #e8d22f;border-left:5px solid #e8d22f;}}<\/style>\n<div class=\"wp-block-kadence-infobox kt-info-box71_148ba7-d3\"><a class=\"kt-blocks-info-box-link-wrap info-box-link kt-blocks-info-box-media-align-left kt-info-halign-left\" href=\"https:\/\/efis.parisnanterre.fr\/blog\/rurka-anna\/\"><div class=\"kt-blocks-info-box-media-container\"><div class=\"kt-blocks-info-box-media kt-info-media-animate-none\"><div class=\"kadence-info-box-image-inner-intrisic-container\"><div class=\"kadence-info-box-image-intrisic kt-info-animate-none\"><div class=\"kadence-info-box-image-inner-intrisic\"><img loading=\"lazy\" decoding=\"async\" src=\"https:\/\/efis.parisnanterre.fr\/lgbtqiap\/wp-content\/uploads\/sites\/5\/2022\/07\/anna-rurka.jpg\" alt=\"\" width=\"631\" height=\"630\" class=\"kt-info-box-image wp-image-72\" srcset=\"https:\/\/efis.parisnanterre.fr\/lgbtqiap\/wp-content\/uploads\/sites\/5\/2022\/07\/anna-rurka.jpg 631w, https:\/\/efis.parisnanterre.fr\/lgbtqiap\/wp-content\/uploads\/sites\/5\/2022\/07\/anna-rurka-300x300.jpg 300w, https:\/\/efis.parisnanterre.fr\/lgbtqiap\/wp-content\/uploads\/sites\/5\/2022\/07\/anna-rurka-150x150.jpg 150w\" sizes=\"auto, (max-width: 631px) 100vw, 631px\" \/><\/div><\/div><\/div><\/div><\/div><div class=\"kt-infobox-textcontent\"><h2 class=\"kt-blocks-info-box-title\">Anna Rurka<\/h2><p class=\"kt-blocks-info-box-text\">CHERCHEUSE \/ RESEARCHER<br\/>ma\u00eetresse de conf\u00e9rences en sciences de l&rsquo;\u00e9ducation et de la formation \/ <em>Senior Lecturer in Education &amp; Training<\/em> <em>Science<\/em>s<\/p><\/div><\/a><\/div>\n\n\n<style>.wp-block-kadence-spacer.kt-block-spacer-71_639261-f1 .kt-block-spacer{height:20px;}.wp-block-kadence-spacer.kt-block-spacer-71_639261-f1 .kt-divider{border-top-width:1px;height:1px;border-top-color:#eee;width:80%;border-top-style:solid;}<\/style>\n<div class=\"wp-block-kadence-spacer aligncenter kt-block-spacer-71_639261-f1\"><div class=\"kt-block-spacer kt-block-spacer-halign-center\"><\/div><\/div>\n\n\n\n<div class=\"wp-block-columns is-layout-flex wp-container-core-columns-is-layout-9d6595d7 wp-block-columns-is-layout-flex\">\n<div class=\"wp-block-column is-layout-flow wp-block-column-is-layout-flow\" style=\"flex-basis:100%\"><style>.wp-block-kadence-column.kb-section-dir-horizontal > .kt-inside-inner-col > .kt-info-box71_d0e105-94 .kt-blocks-info-box-link-wrap{max-width:unset;}.kt-info-box71_d0e105-94 .kt-blocks-info-box-link-wrap{border-top:5px solid #e8d22f;border-right:5px solid #e8d22f;border-bottom:5px solid #e8d22f;border-left:5px solid #e8d22f;border-top-left-radius:20px;border-top-right-radius:20px;border-bottom-right-radius:20px;border-bottom-left-radius:20px;background:#ffffff;padding-top:24px;padding-right:24px;padding-bottom:24px;padding-left:24px;}.kt-info-box71_d0e105-94 .kt-blocks-info-box-link-wrap:hover{background:#ffffff;}.kt-info-box71_d0e105-94.wp-block-kadence-infobox{max-width:100%;}.kt-info-box71_d0e105-94 .kadence-info-box-image-inner-intrisic-container{max-width:100px;}.kt-info-box71_d0e105-94 .kadence-info-box-image-inner-intrisic-container .kadence-info-box-image-intrisic{padding-bottom:100%;width:150px;height:0px;max-width:100%;}.kt-info-box71_d0e105-94 .kadence-info-box-icon-container .kt-info-svg-icon, .kt-info-box71_d0e105-94 .kt-info-svg-icon-flip, .kt-info-box71_d0e105-94 .kt-blocks-info-box-number{font-size:50px;}.kt-info-box71_d0e105-94 .kt-blocks-info-box-media{color:#444444;background:#ffffff;border-color:#eeeeee;border-radius:200px;overflow:hidden;border-top-width:0px;border-right-width:0px;border-bottom-width:0px;border-left-width:0px;padding-top:20px;padding-right:20px;padding-bottom:20px;padding-left:20px;margin-top:0px;margin-right:20px;margin-bottom:0px;margin-left:0px;}.kt-info-box71_d0e105-94 .kt-blocks-info-box-media .kadence-info-box-image-intrisic img{border-radius:200px;}.kt-info-box71_d0e105-94 .kt-blocks-info-box-link-wrap:hover .kt-blocks-info-box-media{color:#444444;background:#ffffff;border-color:#eeeeee;}.kt-info-box71_d0e105-94 .kt-infobox-textcontent h2.kt-blocks-info-box-title{padding-top:0px;padding-right:0px;padding-bottom:0px;padding-left:0px;margin-top:5px;margin-right:0px;margin-bottom:10px;margin-left:0px;}.kt-info-box71_d0e105-94 .kt-infobox-textcontent .kt-blocks-info-box-text{color:#555555;}.kt-info-box71_d0e105-94 .kt-blocks-info-box-learnmore{background:transparent;border-color:#555555;border-width:0px 0px 0px 0px;padding-top:4px;padding-right:8px;padding-bottom:4px;padding-left:8px;margin-top:10px;margin-right:0px;margin-bottom:10px;margin-left:0px;}.kt-info-box71_d0e105-94 .kt-blocks-info-box-link-wrap:hover .kt-blocks-info-box-learnmore,.kt-info-box71_d0e105-94 .kt-blocks-info-box-link-wrap .kt-blocks-info-box-learnmore:focus{color:#ffffff;background:#444444;border-color:#444444;}@media all and (max-width: 1024px){.kt-info-box71_d0e105-94 .kt-blocks-info-box-link-wrap{border-top:5px solid #e8d22f;border-right:5px solid #e8d22f;border-bottom:5px solid #e8d22f;border-left:5px solid #e8d22f;}}@media all and (max-width: 767px){.kt-info-box71_d0e105-94 .kt-blocks-info-box-link-wrap{border-top:5px solid #e8d22f;border-right:5px solid #e8d22f;border-bottom:5px solid #e8d22f;border-left:5px solid #e8d22f;}}<\/style>\n<div class=\"wp-block-kadence-infobox kt-info-box71_d0e105-94\"><a class=\"kt-blocks-info-box-link-wrap info-box-link kt-blocks-info-box-media-align-right kt-info-halign-right\" href=\"https:\/\/efis.parisnanterre.fr\/blog\/seraphin-gilles\/\"><div class=\"kt-blocks-info-box-media-container\"><div class=\"kt-blocks-info-box-media kt-info-media-animate-none\"><div class=\"kadence-info-box-image-inner-intrisic-container\"><div class=\"kadence-info-box-image-intrisic kt-info-animate-none\"><div class=\"kadence-info-box-image-inner-intrisic\"><img loading=\"lazy\" decoding=\"async\" src=\"https:\/\/efis.parisnanterre.fr\/lgbtqiap\/wp-content\/uploads\/sites\/5\/2022\/07\/gilles_s-150x150.jpg\" alt=\"\" width=\"150\" height=\"150\" class=\"kt-info-box-image wp-image-85\" srcset=\"https:\/\/efis.parisnanterre.fr\/lgbtqiap\/wp-content\/uploads\/sites\/5\/2022\/07\/gilles_s-150x150.jpg 150w, https:\/\/efis.parisnanterre.fr\/lgbtqiap\/wp-content\/uploads\/sites\/5\/2022\/07\/gilles_s-300x300.jpg 300w, https:\/\/efis.parisnanterre.fr\/lgbtqiap\/wp-content\/uploads\/sites\/5\/2022\/07\/gilles_s-1024x1024.jpg 1024w, https:\/\/efis.parisnanterre.fr\/lgbtqiap\/wp-content\/uploads\/sites\/5\/2022\/07\/gilles_s-768x768.jpg 768w, https:\/\/efis.parisnanterre.fr\/lgbtqiap\/wp-content\/uploads\/sites\/5\/2022\/07\/gilles_s-1536x1536.jpg 1536w, https:\/\/efis.parisnanterre.fr\/lgbtqiap\/wp-content\/uploads\/sites\/5\/2022\/07\/gilles_s.jpg 1920w\" sizes=\"auto, (max-width: 150px) 100vw, 150px\" \/><\/div><\/div><\/div><\/div><\/div><div class=\"kt-infobox-textcontent\"><h2 class=\"kt-blocks-info-box-title\">Gilles S\u00e9raphin<\/h2><p class=\"kt-blocks-info-box-text\">CHERCHEUR \/ RESEARCHER<br\/>professeur des universit\u00e9s en sciences de l&rsquo;\u00e9ducation et de la formation \/ <em>Full professor in Education &amp; Training Sciences<\/em> <\/p><\/div><\/a><\/div>\n<\/div>\n<\/div>\n<\/div><\/div>\n\n\n<style>.kadence-column71_517b27-b3 > .kt-inside-inner-col,.kadence-column71_517b27-b3 > .kt-inside-inner-col:before{border-top-left-radius:0px;border-top-right-radius:0px;border-bottom-right-radius:0px;border-bottom-left-radius:0px;}.kadence-column71_517b27-b3 > .kt-inside-inner-col{column-gap:var(--global-kb-gap-sm, 1rem);}.kadence-column71_517b27-b3 > .kt-inside-inner-col{flex-direction:column;}.kadence-column71_517b27-b3 > .kt-inside-inner-col > .aligncenter{width:100%;}.kadence-column71_517b27-b3 > .kt-inside-inner-col:before{opacity:0.3;}.kadence-column71_517b27-b3{position:relative;}@media all and (max-width: 1024px){.kadence-column71_517b27-b3 > .kt-inside-inner-col{flex-direction:column;justify-content:center;}}@media all and (max-width: 767px){.kadence-column71_517b27-b3 > .kt-inside-inner-col{flex-direction:column;justify-content:center;}}<\/style>\n<div class=\"wp-block-kadence-column kadence-column71_517b27-b3 inner-column-2\"><div class=\"kt-inside-inner-col\"><style>.wp-block-kadence-column.kb-section-dir-horizontal > .kt-inside-inner-col > .kt-info-box71_adc92b-cd .kt-blocks-info-box-link-wrap{max-width:unset;}.kt-info-box71_adc92b-cd .kt-blocks-info-box-link-wrap{border-top:5px solid #e8d22f;border-right:5px solid #e8d22f;border-bottom:5px solid #e8d22f;border-left:5px solid #e8d22f;border-top-left-radius:20px;border-top-right-radius:20px;border-bottom-right-radius:20px;border-bottom-left-radius:20px;background:#ffffff;padding-top:24px;padding-right:24px;padding-bottom:24px;padding-left:24px;}.kt-info-box71_adc92b-cd .kt-blocks-info-box-link-wrap:hover{background:#ffffff;}.kt-info-box71_adc92b-cd.wp-block-kadence-infobox{max-width:100%;}.kt-info-box71_adc92b-cd .kadence-info-box-image-inner-intrisic-container{max-width:100px;}.kt-info-box71_adc92b-cd .kadence-info-box-image-inner-intrisic-container .kadence-info-box-image-intrisic{padding-bottom:100%;width:150px;height:0px;max-width:100%;}.kt-info-box71_adc92b-cd .kadence-info-box-icon-container .kt-info-svg-icon, .kt-info-box71_adc92b-cd .kt-info-svg-icon-flip, .kt-info-box71_adc92b-cd .kt-blocks-info-box-number{font-size:50px;}.kt-info-box71_adc92b-cd .kt-blocks-info-box-media{color:#444444;background:#ffffff;border-color:#eeeeee;border-radius:200px;overflow:hidden;border-top-width:0px;border-right-width:0px;border-bottom-width:0px;border-left-width:0px;padding-top:20px;padding-right:20px;padding-bottom:20px;padding-left:20px;margin-top:0px;margin-right:20px;margin-bottom:0px;margin-left:0px;}.kt-info-box71_adc92b-cd .kt-blocks-info-box-media .kadence-info-box-image-intrisic img{border-radius:200px;}.kt-info-box71_adc92b-cd .kt-blocks-info-box-link-wrap:hover .kt-blocks-info-box-media{color:#444444;background:#ffffff;border-color:#eeeeee;}.kt-info-box71_adc92b-cd .kt-infobox-textcontent h2.kt-blocks-info-box-title{padding-top:0px;padding-right:0px;padding-bottom:0px;padding-left:0px;margin-top:5px;margin-right:0px;margin-bottom:10px;margin-left:0px;}.kt-info-box71_adc92b-cd .kt-infobox-textcontent .kt-blocks-info-box-text{color:var(--global-palette3, #1A202C);}.kt-info-box71_adc92b-cd .kt-blocks-info-box-learnmore{background:transparent;border-color:#555555;border-width:0px 0px 0px 0px;padding-top:4px;padding-right:8px;padding-bottom:4px;padding-left:8px;margin-top:10px;margin-right:0px;margin-bottom:10px;margin-left:0px;}.kt-info-box71_adc92b-cd .kt-blocks-info-box-link-wrap:hover .kt-blocks-info-box-learnmore,.kt-info-box71_adc92b-cd .kt-blocks-info-box-link-wrap .kt-blocks-info-box-learnmore:focus{color:#ffffff;background:#444444;border-color:#444444;}@media all and (max-width: 1024px){.kt-info-box71_adc92b-cd .kt-blocks-info-box-link-wrap{border-top:5px solid #e8d22f;border-right:5px solid #e8d22f;border-bottom:5px solid #e8d22f;border-left:5px solid #e8d22f;}}@media all and (max-width: 767px){.kt-info-box71_adc92b-cd .kt-blocks-info-box-link-wrap{border-top:5px solid #e8d22f;border-right:5px solid #e8d22f;border-bottom:5px solid #e8d22f;border-left:5px solid #e8d22f;}}<\/style>\n<div class=\"wp-block-kadence-infobox kt-info-box71_adc92b-cd\"><a class=\"kt-blocks-info-box-link-wrap info-box-link kt-blocks-info-box-media-align-right kt-info-halign-right\" href=\"https:\/\/efis.parisnanterre.fr\/blog\/faisca-elodie\/\"><div class=\"kt-blocks-info-box-media-container\"><div class=\"kt-blocks-info-box-media kt-info-media-animate-none\"><div class=\"kadence-info-box-image-inner-intrisic-container\"><div class=\"kadence-info-box-image-intrisic kt-info-animate-none\"><div class=\"kadence-info-box-image-inner-intrisic\"><img loading=\"lazy\" decoding=\"async\" src=\"https:\/\/efis.parisnanterre.fr\/lgbtqiap\/wp-content\/uploads\/sites\/5\/2022\/07\/photo-elodie-150x150.jpg\" alt=\"\" width=\"150\" height=\"150\" class=\"kt-info-box-image wp-image-76\"\/><\/div><\/div><\/div><\/div><\/div><div class=\"kt-infobox-textcontent\"><h2 class=\"kt-blocks-info-box-title\">Elodie Faisca<\/h2><p class=\"kt-blocks-info-box-text\">CHERCHEUSE \/ RESEARCHER<br\/>doctorante en sciences de l&rsquo;\u00e9ducation <br\/>\/<em> PhD candidate in Education &amp; Training Sciences<\/em><\/p><\/div><\/a><\/div>\n\n\n<style>.wp-block-kadence-spacer.kt-block-spacer-71_0a71a5-e6 .kt-block-spacer{height:20px;}.wp-block-kadence-spacer.kt-block-spacer-71_0a71a5-e6 .kt-divider{border-top-width:1px;height:1px;border-top-color:#eee;width:80%;border-top-style:solid;}<\/style>\n<div class=\"wp-block-kadence-spacer aligncenter kt-block-spacer-71_0a71a5-e6\"><div class=\"kt-block-spacer kt-block-spacer-halign-center\"><\/div><\/div>\n\n\n<style>.wp-block-kadence-column.kb-section-dir-horizontal > .kt-inside-inner-col > .kt-info-box71_7c53f5-6d .kt-blocks-info-box-link-wrap{max-width:unset;}.kt-info-box71_7c53f5-6d .kt-blocks-info-box-link-wrap{border-top:5px solid #e8d22f;border-right:5px solid #e8d22f;border-bottom:5px solid #e8d22f;border-left:5px solid #e8d22f;border-top-left-radius:20px;border-top-right-radius:20px;border-bottom-right-radius:20px;border-bottom-left-radius:20px;background:#ffffff;padding-top:24px;padding-right:24px;padding-bottom:24px;padding-left:24px;}.kt-info-box71_7c53f5-6d .kt-blocks-info-box-link-wrap:hover{background:#ffffff;}.kt-info-box71_7c53f5-6d.wp-block-kadence-infobox{max-width:100%;}.kt-info-box71_7c53f5-6d .kadence-info-box-image-inner-intrisic-container{max-width:100px;}.kt-info-box71_7c53f5-6d .kadence-info-box-image-inner-intrisic-container .kadence-info-box-image-intrisic{padding-bottom:100%;width:960px;height:0px;max-width:100%;}.kt-info-box71_7c53f5-6d .kadence-info-box-icon-container .kt-info-svg-icon, .kt-info-box71_7c53f5-6d .kt-info-svg-icon-flip, .kt-info-box71_7c53f5-6d .kt-blocks-info-box-number{font-size:50px;}.kt-info-box71_7c53f5-6d .kt-blocks-info-box-media{color:#444444;background:#ffffff;border-color:#eeeeee;border-radius:200px;overflow:hidden;border-top-width:0px;border-right-width:0px;border-bottom-width:0px;border-left-width:0px;padding-top:0px;padding-right:0px;padding-bottom:0px;padding-left:0px;margin-top:0px;margin-right:20px;margin-bottom:0px;margin-left:0px;}.kt-info-box71_7c53f5-6d .kt-blocks-info-box-link-wrap:hover .kt-blocks-info-box-media{color:#444444;background:#ffffff;border-color:#eeeeee;}.kt-info-box71_7c53f5-6d .kt-infobox-textcontent h2.kt-blocks-info-box-title{padding-top:0px;padding-right:0px;padding-bottom:0px;padding-left:0px;margin-top:5px;margin-right:0px;margin-bottom:10px;margin-left:0px;}.kt-info-box71_7c53f5-6d .kt-infobox-textcontent .kt-blocks-info-box-text{color:#555555;}.kt-info-box71_7c53f5-6d .kt-blocks-info-box-learnmore{background:transparent;border-color:#555555;border-width:0px 0px 0px 0px;padding-top:4px;padding-right:8px;padding-bottom:4px;padding-left:8px;margin-top:10px;margin-right:0px;margin-bottom:10px;margin-left:0px;}.kt-info-box71_7c53f5-6d .kt-blocks-info-box-link-wrap:hover .kt-blocks-info-box-learnmore,.kt-info-box71_7c53f5-6d .kt-blocks-info-box-link-wrap .kt-blocks-info-box-learnmore:focus{color:#ffffff;background:#444444;border-color:#444444;}@media all and (max-width: 1024px){.kt-info-box71_7c53f5-6d .kt-blocks-info-box-link-wrap{border-top:5px solid #e8d22f;border-right:5px solid #e8d22f;border-bottom:5px solid #e8d22f;border-left:5px solid #e8d22f;}}@media all and (max-width: 767px){.kt-info-box71_7c53f5-6d .kt-blocks-info-box-link-wrap{border-top:5px solid #e8d22f;border-right:5px solid #e8d22f;border-bottom:5px solid #e8d22f;border-left:5px solid #e8d22f;}}<\/style>\n<div class=\"wp-block-kadence-infobox kt-info-box71_7c53f5-6d\"><a class=\"kt-blocks-info-box-link-wrap info-box-link kt-blocks-info-box-media-align-left kt-info-halign-left\" href=\"https:\/\/efis.parisnanterre.fr\/lgbtqiap\/marie-cecile-perdrizet\/\"><div class=\"kt-blocks-info-box-media-container\"><div class=\"kt-blocks-info-box-media kt-info-media-animate-none\"><div class=\"kadence-info-box-image-inner-intrisic-container\"><div class=\"kadence-info-box-image-intrisic kt-info-animate-none kb-info-box-image-ratio kb-info-box-image-ratio-square\"><div class=\"kadence-info-box-image-inner-intrisic\"><img loading=\"lazy\" decoding=\"async\" src=\"https:\/\/efis.parisnanterre.fr\/lgbtqiap\/wp-content\/uploads\/sites\/5\/2022\/07\/image0-rotated.jpeg\" alt=\"\" width=\"960\" height=\"1280\" class=\"kt-info-box-image wp-image-145\" srcset=\"https:\/\/efis.parisnanterre.fr\/lgbtqiap\/wp-content\/uploads\/sites\/5\/2022\/07\/image0-rotated.jpeg 960w, https:\/\/efis.parisnanterre.fr\/lgbtqiap\/wp-content\/uploads\/sites\/5\/2022\/07\/image0-225x300.jpeg 225w, https:\/\/efis.parisnanterre.fr\/lgbtqiap\/wp-content\/uploads\/sites\/5\/2022\/07\/image0-768x1024.jpeg 768w\" sizes=\"auto, (max-width: 960px) 100vw, 960px\" \/><\/div><\/div><\/div><\/div><\/div><div class=\"kt-infobox-textcontent\"><h2 class=\"kt-blocks-info-box-title\">Marie-C\u00e9cile Perdrizet<\/h2><p class=\"kt-blocks-info-box-text\">CHERCHEUSE \/ RESEARCHER<br\/>cheffe de service, ing\u00e9nieure sociale<br\/> \/ <em>Social Worker, Social Engineer<\/em><\/p><\/div><\/a><\/div>\n<\/div><\/div>\n\n<\/div><\/div>","protected":false},"excerpt":{"rendered":"<p>La recherche sur la prise en compte des jeunes LGBTQIA+ dans le cadre de la protection de l&rsquo;enfance est men\u00e9e par une \u00e9quipe dynamique de quatre personnes qui ont h\u00e2te de contribuer \u00e0 construire un environnement propice pour l\u2019\u00e9panouissement de chaque enfant et jeune qui, pour des raisons vari\u00e9es, a d\u00fb \u00eatre prot\u00e9g\u00e9 et accompagn\u00e9&#8230;<\/p>\n","protected":false},"author":3,"featured_media":126,"parent":0,"menu_order":0,"comment_status":"closed","ping_status":"closed","template":"","meta":{"_kad_blocks_custom_css":"","_kad_blocks_head_custom_js":"","_kad_blocks_body_custom_js":"","_kad_blocks_footer_custom_js":"","_kad_post_transparent":"","_kad_post_title":"","_kad_post_layout":"","_kad_post_sidebar_id":"","_kad_post_content_style":"","_kad_post_vertical_padding":"","_kad_post_feature":"","_kad_post_feature_position":"","_kad_post_header":false,"_kad_post_footer":false,"_kad_post_classname":"","footnotes":"","_links_to":"","_links_to_target":""},"coauthors":[4],"class_list":["post-71","page","type-page","status-publish","has-post-thumbnail","hentry"],"taxonomy_info":[],"featured_image_src_large":["https:\/\/efis.parisnanterre.fr\/lgbtqiap\/wp-content\/uploads\/sites\/5\/2022\/07\/hd-wallpaper-6297317_1920-1024x683.jpg",1024,683,true],"author_info":{"display_name":"admin","author_link":"https:\/\/efis.parisnanterre.fr\/lgbtqiap\/author\/scarella\/"},"comment_info":0,"_links":{"self":[{"href":"https:\/\/efis.parisnanterre.fr\/lgbtqiap\/wp-json\/wp\/v2\/pages\/71","targetHints":{"allow":["GET"]}}],"collection":[{"href":"https:\/\/efis.parisnanterre.fr\/lgbtqiap\/wp-json\/wp\/v2\/pages"}],"about":[{"href":"https:\/\/efis.parisnanterre.fr\/lgbtqiap\/wp-json\/wp\/v2\/types\/page"}],"author":[{"embeddable":true,"href":"https:\/\/efis.parisnanterre.fr\/lgbtqiap\/wp-json\/wp\/v2\/users\/3"}],"replies":[{"embeddable":true,"href":"https:\/\/efis.parisnanterre.fr\/lgbtqiap\/wp-json\/wp\/v2\/comments?post=71"}],"version-history":[{"count":26,"href":"https:\/\/efis.parisnanterre.fr\/lgbtqiap\/wp-json\/wp\/v2\/pages\/71\/revisions"}],"predecessor-version":[{"id":282,"href":"https:\/\/efis.parisnanterre.fr\/lgbtqiap\/wp-json\/wp\/v2\/pages\/71\/revisions\/282"}],"wp:featuredmedia":[{"embeddable":true,"href":"https:\/\/efis.parisnanterre.fr\/lgbtqiap\/wp-json\/wp\/v2\/media\/126"}],"wp:attachment":[{"href":"https:\/\/efis.parisnanterre.fr\/lgbtqiap\/wp-json\/wp\/v2\/media?parent=71"}],"wp:term":[{"taxonomy":"author","embeddable":true,"href":"https:\/\/efis.parisnanterre.fr\/lgbtqiap\/wp-json\/wp\/v2\/coauthors?post=71"}],"curies":[{"name":"wp","href":"https:\/\/api.w.org\/{rel}","templated":true}]}}