{"id":4,"date":"2024-04-18T09:41:19","date_gmt":"2024-04-18T07:41:19","guid":{"rendered":"https:\/\/efis.parisnanterre.fr\/mayorite\/?page_id=4"},"modified":"2025-02-18T20:07:31","modified_gmt":"2025-02-18T19:07:31","slug":"contact","status":"publish","type":"page","link":"https:\/\/efis.parisnanterre.fr\/mayorite\/contact\/","title":{"rendered":"Contact"},"content":{"rendered":"\n<div class=\"wp-block-cover\"><span aria-hidden=\"true\" class=\"wp-block-cover__background has-background-dim-20 has-background-dim\"><\/span><img loading=\"lazy\" decoding=\"async\" width=\"1024\" height=\"684\" class=\"wp-block-cover__image-background wp-image-442\" alt=\"\" src=\"https:\/\/efis.parisnanterre.fr\/mayorite\/wp-content\/uploads\/sites\/10\/2024\/05\/passe-en-s-mayotte-1024x684.jpeg\" data-object-fit=\"cover\" srcset=\"https:\/\/efis.parisnanterre.fr\/mayorite\/wp-content\/uploads\/sites\/10\/2024\/05\/passe-en-s-mayotte-1024x684.jpeg 1024w, https:\/\/efis.parisnanterre.fr\/mayorite\/wp-content\/uploads\/sites\/10\/2024\/05\/passe-en-s-mayotte-300x200.jpeg 300w, https:\/\/efis.parisnanterre.fr\/mayorite\/wp-content\/uploads\/sites\/10\/2024\/05\/passe-en-s-mayotte-768x513.jpeg 768w, https:\/\/efis.parisnanterre.fr\/mayorite\/wp-content\/uploads\/sites\/10\/2024\/05\/passe-en-s-mayotte.jpeg 1224w\" sizes=\"auto, (max-width: 1024px) 100vw, 1024px\" \/><div class=\"wp-block-cover__inner-container is-layout-flow wp-block-cover-is-layout-flow\">\n<p class=\"has-text-align-center has-large-font-size\">Contacte-moi !<\/p>\n\n\n\n<p class=\"has-text-align-center\" style=\"font-size:28px\">Une id\u00e9e, une question, une suggestion ?<\/p>\n\n\n\n<p class=\"has-text-align-center\">N&rsquo;h\u00e9site pas \u00e0 m&rsquo;\u00e9crire pour me faire part de tes observations. Je te r\u00e9pondrai au plus vite !<\/p>\n\n\n<div class=\"wp-block-kadence-advanced-form wp-block-kadence-advanced-form456-cpt-id kb-adv-form-label-style-normal kb-adv-form-input-size-standard kb-form-basic-style wp-block-kadence-advanced-form\"><form id=\"kb-adv-form-456-cpt-id\" class=\"kb-advanced-form\" method=\"post\">\n<style>.kb-row-layout-id4_ce24db-fc > .kt-row-column-wrap{align-content:start;}:where(.kb-row-layout-id4_ce24db-fc > .kt-row-column-wrap) > .wp-block-kadence-column{justify-content:start;}.kb-row-layout-id4_ce24db-fc > .kt-row-column-wrap{column-gap:var(--global-kb-gap-md, 2rem);row-gap:var(--global-kb-gap-md, 2rem);padding-top:0px;padding-right:0px;padding-bottom:0px;padding-left:0px;grid-template-columns:repeat(2, minmax(0, 1fr));}.kb-row-layout-id4_ce24db-fc > .kt-row-layout-overlay{opacity:0.30;}@media all and (max-width: 1024px){.kb-row-layout-id4_ce24db-fc > .kt-row-column-wrap{grid-template-columns:repeat(2, minmax(0, 1fr));}}@media all and (max-width: 767px){.kb-row-layout-id4_ce24db-fc > .kt-row-column-wrap{grid-template-columns:minmax(0, 1fr);}}<\/style><div class=\"kb-row-layout-wrap kb-row-layout-id4_ce24db-fc alignnone wp-block-kadence-rowlayout\"><div class=\"kt-row-column-wrap kt-has-2-columns kt-row-layout-equal kt-tab-layout-inherit kt-mobile-layout-row kt-row-valign-top\">\n<style>.kadence-column4_e7f8c6-5a > .kt-inside-inner-col,.kadence-column4_e7f8c6-5a > .kt-inside-inner-col:before{border-top-left-radius:0px;border-top-right-radius:0px;border-bottom-right-radius:0px;border-bottom-left-radius:0px;}.kadence-column4_e7f8c6-5a > .kt-inside-inner-col{column-gap:var(--global-kb-gap-sm, 1rem);}.kadence-column4_e7f8c6-5a > .kt-inside-inner-col{flex-direction:column;}.kadence-column4_e7f8c6-5a > .kt-inside-inner-col > .aligncenter{width:100%;}.kadence-column4_e7f8c6-5a > .kt-inside-inner-col:before{opacity:0.3;}.kadence-column4_e7f8c6-5a{position:relative;}@media all and (max-width: 1024px){.kadence-column4_e7f8c6-5a > .kt-inside-inner-col{flex-direction:column;justify-content:center;}}@media all and (max-width: 767px){.kadence-column4_e7f8c6-5a > .kt-inside-inner-col{flex-direction:column;justify-content:center;}}<\/style>\n<div class=\"wp-block-kadence-column kadence-column4_e7f8c6-5a\"><div class=\"kt-inside-inner-col\"><div class=\"kb-adv-form-field kb-adv-form-text-type-input kb-adv-form-infield-type-input kb-field456d4fda1-33 wp-block-kadence-advanced-form-text\"><label class=\"kb-adv-form-label\" for=\"field456d4fda1-33\">Pr\u00e9nom<\/label><input name=\"fieldd4fda1-33\" id=\"field456d4fda1-33\" data-label=\"Pr\u00e9nom\" type=\"text\" placeholder=\"\u00c9cris ton pr\u00e9nom ici...\" value=\"\" data-type=\"text\" class=\"kb-field kb-text-field\" data-required=\"no\" \/><\/div><\/div><\/div>\n\n\n<style>.kadence-column4_1c8752-c5 > .kt-inside-inner-col,.kadence-column4_1c8752-c5 > .kt-inside-inner-col:before{border-top-left-radius:0px;border-top-right-radius:0px;border-bottom-right-radius:0px;border-bottom-left-radius:0px;}.kadence-column4_1c8752-c5 > .kt-inside-inner-col{column-gap:var(--global-kb-gap-sm, 1rem);}.kadence-column4_1c8752-c5 > .kt-inside-inner-col{flex-direction:column;}.kadence-column4_1c8752-c5 > .kt-inside-inner-col > .aligncenter{width:100%;}.kadence-column4_1c8752-c5 > .kt-inside-inner-col:before{opacity:0.3;}.kadence-column4_1c8752-c5{position:relative;}@media all and (max-width: 1024px){.kadence-column4_1c8752-c5 > .kt-inside-inner-col{flex-direction:column;justify-content:center;}}@media all and (max-width: 767px){.kadence-column4_1c8752-c5 > .kt-inside-inner-col{flex-direction:column;justify-content:center;}}<\/style>\n<div class=\"wp-block-kadence-column kadence-column4_1c8752-c5\"><div class=\"kt-inside-inner-col\"><div class=\"kb-adv-form-field kb-adv-form-text-type-input kb-adv-form-infield-type-input kb-field4560c96f3-ee wp-block-kadence-advanced-form-email\"><label class=\"kb-adv-form-label\" for=\"field4560c96f3-ee\">Sujet<\/label><input name=\"field0c96f3-ee\" id=\"field4560c96f3-ee\" data-label=\"Sujet\" type=\"email\" placeholder=\"\u00c9cris le sujet de ton message ici...\" value=\"\" data-type=\"email\" class=\"kb-field kb-email-field\" data-required=\"no\" \/><\/div><\/div><\/div>\n\n<\/div><\/div>\n\n<style>.kb-row-layout-id4_e4adf4-f5 > .kt-row-column-wrap{align-content:start;}:where(.kb-row-layout-id4_e4adf4-f5 > .kt-row-column-wrap) > .wp-block-kadence-column{justify-content:start;}.kb-row-layout-id4_e4adf4-f5 > .kt-row-column-wrap{column-gap:var(--global-kb-gap-md, 2rem);row-gap:var(--global-kb-gap-md, 2rem);padding-top:0px;padding-right:0px;padding-bottom:0px;padding-left:0px;grid-template-columns:repeat(2, minmax(0, 1fr));}.kb-row-layout-id4_e4adf4-f5 > .kt-row-layout-overlay{opacity:0.30;}@media all and (max-width: 1024px){.kb-row-layout-id4_e4adf4-f5 > .kt-row-column-wrap{grid-template-columns:repeat(2, minmax(0, 1fr));}}@media all and (max-width: 767px){.kb-row-layout-id4_e4adf4-f5 > .kt-row-column-wrap{grid-template-columns:minmax(0, 1fr);}}<\/style><div class=\"kb-row-layout-wrap kb-row-layout-id4_e4adf4-f5 alignnone wp-block-kadence-rowlayout\"><div class=\"kt-row-column-wrap kt-has-2-columns kt-row-layout-equal kt-tab-layout-inherit kt-mobile-layout-row kt-row-valign-top\">\n<style>.kadence-column4_cf2195-17 > .kt-inside-inner-col,.kadence-column4_cf2195-17 > .kt-inside-inner-col:before{border-top-left-radius:0px;border-top-right-radius:0px;border-bottom-right-radius:0px;border-bottom-left-radius:0px;}.kadence-column4_cf2195-17 > .kt-inside-inner-col{column-gap:var(--global-kb-gap-sm, 1rem);}.kadence-column4_cf2195-17 > .kt-inside-inner-col{flex-direction:column;}.kadence-column4_cf2195-17 > .kt-inside-inner-col > .aligncenter{width:100%;}.kadence-column4_cf2195-17 > .kt-inside-inner-col:before{opacity:0.3;}.kadence-column4_cf2195-17{position:relative;}@media all and (max-width: 1024px){.kadence-column4_cf2195-17 > .kt-inside-inner-col{flex-direction:column;justify-content:center;}}@media all and (max-width: 767px){.kadence-column4_cf2195-17 > .kt-inside-inner-col{flex-direction:column;justify-content:center;}}<\/style>\n<div class=\"wp-block-kadence-column kadence-column4_cf2195-17\"><div class=\"kt-inside-inner-col\"><div class=\"kb-adv-form-field kb-adv-form-text-type-input kb-adv-form-infield-type-input kb-field456d52e7f-bd wp-block-kadence-advanced-form-email\"><label class=\"kb-adv-form-label\" for=\"field456d52e7f-bd\">Adresse mail<\/label><input name=\"fieldd52e7f-bd\" id=\"field456d52e7f-bd\" data-label=\"Adresse mail\" type=\"email\" placeholder=\"\u00c9cris ton adresse mail ici...\" value=\"\" data-type=\"email\" class=\"kb-field kb-email-field\" data-required=\"no\" \/><\/div><\/div><\/div>\n\n\n<style>.kadence-column4_ff5e44-c2 > .kt-inside-inner-col,.kadence-column4_ff5e44-c2 > .kt-inside-inner-col:before{border-top-left-radius:0px;border-top-right-radius:0px;border-bottom-right-radius:0px;border-bottom-left-radius:0px;}.kadence-column4_ff5e44-c2 > .kt-inside-inner-col{column-gap:var(--global-kb-gap-sm, 1rem);}.kadence-column4_ff5e44-c2 > .kt-inside-inner-col{flex-direction:column;}.kadence-column4_ff5e44-c2 > .kt-inside-inner-col > .aligncenter{width:100%;}.kadence-column4_ff5e44-c2 > .kt-inside-inner-col:before{opacity:0.3;}.kadence-column4_ff5e44-c2{position:relative;}@media all and (max-width: 1024px){.kadence-column4_ff5e44-c2 > .kt-inside-inner-col{flex-direction:column;justify-content:center;}}@media all and (max-width: 767px){.kadence-column4_ff5e44-c2 > .kt-inside-inner-col{flex-direction:column;justify-content:center;}}<\/style>\n<div class=\"wp-block-kadence-column kadence-column4_ff5e44-c2\"><div class=\"kt-inside-inner-col\"><div class=\"kb-adv-form-field kb-adv-form-text-type-input kb-adv-form-infield-type-input kb-field4564ae898-e6 wp-block-kadence-advanced-form-telephone\"><label class=\"kb-adv-form-label\" for=\"field4564ae898-e6\">T\u00e9l\u00e9phone<\/label><input name=\"field4ae898-e6\" id=\"field4564ae898-e6\" data-label=\"T\u00e9l\u00e9phone\" type=\"tel\" placeholder=\"\u00c9cris ton num\u00e9ro ici...\" value=\"\" data-type=\"tel\" class=\"kb-field kb-tel-field\" data-required=\"no\" \/><\/div><\/div><\/div>\n\n<\/div><\/div>\n\n<div class=\"kb-adv-form-field kb-adv-form-text-type-input kb-adv-form-infield-type-input kb-field4565b3fe0-0f wp-block-kadence-advanced-form-textarea\"><label class=\"kb-adv-form-label\" for=\"field4565b3fe0-0f\">Message<span class=\"kb-adv-form-required\">*<\/span><\/label><textarea name=\"field5b3fe0-0f\" id=\"field4565b3fe0-0f\" rows=\"3\"  data-label=\"Message\" placeholder=\"\u00c9cris ton message ici...\" data-type=\"textarea\" class=\"kb-field kb-textarea-field\" data-required=\"yes\" required aria-required=\"true\"><\/textarea><\/div>\n\n<style>ul.menu .kb-submit-field .kb-btndb493a-d6.kb-button{width:initial;}.kb-submit-field.kb-fielddb493a-d6{justify-content:flex-start;}<\/style><div class=\"kb-adv-form-field kb-submit-field kb-fielddb493a-d6 wp-block-kadence-advanced-form-submit\"><button class=\"kb-button kt-button button kb-adv-form-submit-button kb-btndb493a-d6 kt-btn-size-standard kt-btn-width-type-auto kb-btn-global-fill kt-btn-has-text-true kt-btn-has-svg-false\" type=\"submit\"><span class=\"kt-btn-inner-text\">Envoyer<\/span><\/button><\/div>\n<input type=\"hidden\" name=\"_kb_adv_form_post_id\" value=\"456\"><input type=\"hidden\" name=\"action\" value=\"kb_process_advanced_form_submit\"><input type=\"hidden\" name=\"_kb_adv_form_id\" value=\"456-cpt-id\"><\/form><\/div><\/div><\/div>\n\n\n\n<p><\/p>\n","protected":false},"excerpt":{"rendered":"","protected":false},"author":3,"featured_media":0,"parent":0,"menu_order":0,"comment_status":"closed","ping_status":"closed","template":"","meta":{"_kad_blocks_custom_css":"","_kad_blocks_head_custom_js":"","_kad_blocks_body_custom_js":"","_kad_blocks_footer_custom_js":"","_kadence_starter_templates_imported_post":false,"_kad_post_transparent":"","_kad_post_title":"","_kad_post_layout":"","_kad_post_sidebar_id":"","_kad_post_content_style":"","_kad_post_vertical_padding":"","_kad_post_feature":"","_kad_post_feature_position":"","_kad_post_header":false,"_kad_post_footer":false,"_kad_post_classname":"","footnotes":"","_links_to":"","_links_to_target":""},"coauthors":[2],"class_list":["post-4","page","type-page","status-publish","hentry"],"taxonomy_info":[],"featured_image_src_large":false,"author_info":{"display_name":"admin","author_link":"https:\/\/efis.parisnanterre.fr\/mayorite\/author\/scarella\/"},"comment_info":0,"_links":{"self":[{"href":"https:\/\/efis.parisnanterre.fr\/mayorite\/wp-json\/wp\/v2\/pages\/4","targetHints":{"allow":["GET"]}}],"collection":[{"href":"https:\/\/efis.parisnanterre.fr\/mayorite\/wp-json\/wp\/v2\/pages"}],"about":[{"href":"https:\/\/efis.parisnanterre.fr\/mayorite\/wp-json\/wp\/v2\/types\/page"}],"author":[{"embeddable":true,"href":"https:\/\/efis.parisnanterre.fr\/mayorite\/wp-json\/wp\/v2\/users\/3"}],"replies":[{"embeddable":true,"href":"https:\/\/efis.parisnanterre.fr\/mayorite\/wp-json\/wp\/v2\/comments?post=4"}],"version-history":[{"count":26,"href":"https:\/\/efis.parisnanterre.fr\/mayorite\/wp-json\/wp\/v2\/pages\/4\/revisions"}],"predecessor-version":[{"id":682,"href":"https:\/\/efis.parisnanterre.fr\/mayorite\/wp-json\/wp\/v2\/pages\/4\/revisions\/682"}],"wp:attachment":[{"href":"https:\/\/efis.parisnanterre.fr\/mayorite\/wp-json\/wp\/v2\/media?parent=4"}],"wp:term":[{"taxonomy":"author","embeddable":true,"href":"https:\/\/efis.parisnanterre.fr\/mayorite\/wp-json\/wp\/v2\/coauthors?post=4"}],"curies":[{"name":"wp","href":"https:\/\/api.w.org\/{rel}","templated":true}]}}