{"id":645,"date":"2025-02-18T17:36:18","date_gmt":"2025-02-18T16:36:18","guid":{"rendered":"https:\/\/efis.parisnanterre.fr\/mayorite\/?page_id=645"},"modified":"2025-03-12T10:45:50","modified_gmt":"2025-03-12T09:45:50","slug":"conter-sa-mayorite","status":"publish","type":"page","link":"https:\/\/efis.parisnanterre.fr\/mayorite\/conter-sa-mayorite\/","title":{"rendered":"Conter sa maYorit\u00e9"},"content":{"rendered":"\n<p class=\"has-text-align-center has-text-color has-background has-link-color wp-elements-79501ffbad8512ee2bc0869993cd9565\" style=\"border-style:none;border-width:0px;border-radius:0px;color:#ab0c0c;background-color:#f5e50a3b;margin-top:0;margin-bottom:0;padding-top:var(--wp--preset--spacing--20);padding-bottom:var(--wp--preset--spacing--20);font-size:18px\">D\u00e9but de la phase 2 <br>de l&rsquo;enqu\u00eate maYorit\u00e9 !<\/p>\n\n\n\n<p style=\"margin-top:var(--wp--preset--spacing--20);margin-bottom:var(--wp--preset--spacing--20)\">Dans le cadre de ma th\u00e8se, j&rsquo;\u00e9tudie les conditions dans lesquelles vous devenez majeur\u00b7es \u00e0 Mayotte, en tenant compte de votre parcours et de vos projets, tout en cherchant \u00e0 comprendre comment vous vivez cette p\u00e9riode si sp\u00e9ciale du passage \u00e0 l&rsquo;\u00e2ge adulte.<\/p>\n\n\n\n<p style=\"margin-top:0;margin-bottom:0\">Je souhaite ainsi <strong>vous donner la parole<\/strong>, parce que <strong>votre voix compte autant qu&rsquo;une autre<\/strong> !<\/p>\n\n\n<style>.kt-sc645_b6a861-90 .kt-sc-imgcol, .kt-sc645_b6a861-90 .kt-sc-textcol{min-height:86px;}.kt-sc645_b6a861-90 .kt-sc-textcol{padding-top:20px;padding-right:20px;padding-bottom:20px;padding-left:20px;margin-top:0px;margin-right:0px;margin-bottom:0px;margin-left:0px;}@media all and (max-width: 767px){.kt-sc645_b6a861-90 .kt-sc-imgcol, .kt-sc645_b6a861-90 .kt-sc-textcol{min-height:450px;}}<\/style>\n<div class=\"aligncenter kt-sc645_b6a861-90 wp-block-kadence-splitcontent\"><div class=\"kt-split-content-wrap kt-sc-media-side-right\" style=\"grid-template-columns:auto 40%\"><div class=\"kt-sc-imgcol kt-sc-imgcol-bg-auto kt-sc-img-side-right\" data-aos=\"slide-right\" data-aos-duration=\"1450\"><figure class=\"kt-split-content-media-image wp-image-container-687\"><img loading=\"lazy\" decoding=\"async\" width=\"968\" height=\"361\" src=\"https:\/\/efis.parisnanterre.fr\/mayorite\/wp-content\/uploads\/sites\/10\/2025\/02\/maYorite_site-V3-1.png\" alt=\"\" class=\"kt-split-content-img wp-image-687\" srcset=\"https:\/\/efis.parisnanterre.fr\/mayorite\/wp-content\/uploads\/sites\/10\/2025\/02\/maYorite_site-V3-1.png 968w, https:\/\/efis.parisnanterre.fr\/mayorite\/wp-content\/uploads\/sites\/10\/2025\/02\/maYorite_site-V3-1-300x112.png 300w, https:\/\/efis.parisnanterre.fr\/mayorite\/wp-content\/uploads\/sites\/10\/2025\/02\/maYorite_site-V3-1-768x286.png 768w\" sizes=\"auto, (max-width: 968px) 100vw, 968px\" \/><\/figure><\/div><div class=\"kt-sc-textcol kt-sc-text-valign-center kt-sc-text-halign-center\" data-aos=\"slide-left\" data-aos-duration=\"1450\"><div class=\"kt-sc-innter-col\"><style>.wp-block-kadence-advancedheading.kt-adv-heading645_802269-c6, .wp-block-kadence-advancedheading.kt-adv-heading645_802269-c6[data-kb-block=\"kb-adv-heading645_802269-c6\"]{font-size:var(--global-kb-font-size-lg, 2rem);font-style:normal;}.wp-block-kadence-advancedheading.kt-adv-heading645_802269-c6 mark.kt-highlight, .wp-block-kadence-advancedheading.kt-adv-heading645_802269-c6[data-kb-block=\"kb-adv-heading645_802269-c6\"] mark.kt-highlight{font-style:normal;color:#f76a0c;-webkit-box-decoration-break:clone;box-decoration-break:clone;padding-top:0px;padding-right:0px;padding-bottom:0px;padding-left:0px;}.wp-block-kadence-advancedheading.kt-adv-heading645_802269-c6 img.kb-inline-image, .wp-block-kadence-advancedheading.kt-adv-heading645_802269-c6[data-kb-block=\"kb-adv-heading645_802269-c6\"] img.kb-inline-image{width:150px;vertical-align:baseline;}<\/style>\n<h2 class=\"kt-adv-heading645_802269-c6 wp-block-kadence-advancedheading\" data-kb-block=\"kb-adv-heading645_802269-c6\"><mark class=\"has-inline-color has-theme-palette-1-color\">Et toi, comment vis-tu ta <\/mark><mark class=\"has-inline-color has-theme-palette-2-color\">maYorit\u00e9&nbsp;<\/mark><mark class=\"has-inline-color has-theme-palette-1-color\">?<\/mark><\/h2>\n<\/div><\/div><\/div><\/div>\n\n\n\n<p style=\"margin-top:0;margin-bottom:0\">Alors si tu souhaites m&rsquo;aider et participer \u00e0 une \u00e9tude dans l&rsquo;objectif de faire avancer le territoire, je te propose de r\u00e9aliser ensemble un petit entretien d&rsquo;environ 20-30 minutes, dans un lieu proche de chez toi.<\/p>\n\n\n\n<p style=\"margin-top:0;margin-bottom:0\">Tu pourras ainsi me parler de ta vie de jeune adulte \u00e0 Mayotte,<\/p>\n\n\n\n<p class=\"has-text-align-center has-text-color has-background has-link-color wp-elements-869169a0770259ea77c0889e4f9d1e46\" style=\"color:#ab0c0c;background-color:#f5e50a3b;padding-top:var(--wp--preset--spacing--20);padding-bottom:var(--wp--preset--spacing--20);font-size:18px\">me conter ta maYorit\u00e9 !<\/p>\n\n\n\n<p style=\"margin-top:var(--wp--preset--spacing--20);margin-bottom:var(--wp--preset--spacing--20)\">Alors n&rsquo;attends plus !<\/p>\n\n\n\n<p style=\"margin-top:var(--wp--preset--spacing--40);margin-bottom:var(--wp--preset--spacing--40)\"><strong>Pour participer<\/strong>, remplis le formulaire ci-dessous, indique-moi ta commune de r\u00e9sidence et je te contacterai pour te proposer une date et un lieu de rendez-vous !<\/p>\n\n\n\n<p style=\"margin-top:0;margin-bottom:0\">Pour participer, il faut&nbsp;:<\/p>\n\n\n\n<ul class=\"wp-block-list\">\n<li>avoir entre 17 et 20 ans,<\/li>\n\n\n\n<li style=\"margin-top:0;margin-bottom:0\">habiter \u00e0 Mayotte,<\/li>\n\n\n\n<li style=\"margin-top:0;margin-bottom:0\">C&rsquo;est tout \ud83d\ude43<\/li>\n<\/ul>\n\n\n\n<div class=\"wp-block-columns is-layout-flex wp-container-core-columns-is-layout-62db62f3 wp-block-columns-is-layout-flex\" style=\"padding-top:0;padding-bottom:0\">\n<div class=\"wp-block-column is-layout-flow wp-block-column-is-layout-flow\" style=\"padding-top:0;padding-bottom:0;flex-basis:100%\">\n<div class=\"wp-block-columns is-layout-flex wp-container-core-columns-is-layout-9d6595d7 wp-block-columns-is-layout-flex\">\n<div class=\"wp-block-column is-vertically-aligned-center is-layout-flow wp-block-column-is-layout-flow\" style=\"flex-basis:66.66%\">\n<p class=\"has-text-align-center\" style=\"font-size:17px\">Cette enqu\u00eate est r\u00e9alis\u00e9e dans le cadre de ma th\u00e8se, pr\u00e9par\u00e9e \u00e0 l&rsquo;Universit\u00e9 Paris Nanterre.<\/p>\n<\/div>\n\n\n\n<div class=\"wp-block-column is-layout-flow wp-block-column-is-layout-flow\" style=\"padding-top:0;padding-bottom:0;flex-basis:33.33%\"><div class=\"wp-block-image\">\n<figure class=\"aligncenter size-large is-resized has-custom-border\" style=\"margin-right:0;margin-left:0\"><img loading=\"lazy\" decoding=\"async\" width=\"1024\" height=\"218\" src=\"https:\/\/efis.parisnanterre.fr\/mayorite\/wp-content\/uploads\/sites\/10\/2024\/05\/logo-universite_paris_nanterre-1536x327-1-1024x218.jpg\" alt=\"\" class=\"wp-image-253\" style=\"border-style:none;border-width:0px;border-radius:0px;width:254px;height:auto\" srcset=\"https:\/\/efis.parisnanterre.fr\/mayorite\/wp-content\/uploads\/sites\/10\/2024\/05\/logo-universite_paris_nanterre-1536x327-1-1024x218.jpg 1024w, https:\/\/efis.parisnanterre.fr\/mayorite\/wp-content\/uploads\/sites\/10\/2024\/05\/logo-universite_paris_nanterre-1536x327-1-300x64.jpg 300w, https:\/\/efis.parisnanterre.fr\/mayorite\/wp-content\/uploads\/sites\/10\/2024\/05\/logo-universite_paris_nanterre-1536x327-1-768x164.jpg 768w, https:\/\/efis.parisnanterre.fr\/mayorite\/wp-content\/uploads\/sites\/10\/2024\/05\/logo-universite_paris_nanterre-1536x327-1.jpg 1536w\" sizes=\"auto, (max-width: 1024px) 100vw, 1024px\" \/><\/figure>\n<\/div><\/div>\n<\/div>\n<\/div>\n<\/div>\n\n\n\n<h2 class=\"wp-block-heading\">Formulaire de contact<\/h2>\n\n\n<div class=\"wp-block-kadence-advanced-form wp-block-kadence-advanced-form664-cpt-id kb-adv-form-label-style-normal kb-adv-form-input-size-standard kb-form-basic-style wp-block-kadence-advanced-form\"><form id=\"kb-adv-form-664-cpt-id\" class=\"kb-advanced-form\" method=\"post\">\n<style>.kb-row-layout-id645_14bd8f-d6 > .kt-row-column-wrap{align-content:start;}:where(.kb-row-layout-id645_14bd8f-d6 > .kt-row-column-wrap) > .wp-block-kadence-column{justify-content:start;}.kb-row-layout-id645_14bd8f-d6 > .kt-row-column-wrap{column-gap:var(--global-kb-gap-md, 2rem);row-gap:var(--global-kb-gap-md, 2rem);padding-top:0px;padding-right:0px;padding-bottom:0px;padding-left:0px;grid-template-columns:repeat(2, minmax(0, 1fr));}.kb-row-layout-id645_14bd8f-d6 > .kt-row-layout-overlay{opacity:0.30;}@media all and (max-width: 1024px){.kb-row-layout-id645_14bd8f-d6 > .kt-row-column-wrap{grid-template-columns:repeat(2, minmax(0, 1fr));}}@media all and (max-width: 767px){.kb-row-layout-id645_14bd8f-d6 > .kt-row-column-wrap{grid-template-columns:minmax(0, 1fr);}}<\/style><div class=\"kb-row-layout-wrap kb-row-layout-id645_14bd8f-d6 alignnone wp-block-kadence-rowlayout\"><div class=\"kt-row-column-wrap kt-has-2-columns kt-row-layout-equal kt-tab-layout-inherit kt-mobile-layout-row kt-row-valign-top\">\n<style>.kadence-column645_b6c4dc-48 > .kt-inside-inner-col,.kadence-column645_b6c4dc-48 > .kt-inside-inner-col:before{border-top-left-radius:0px;border-top-right-radius:0px;border-bottom-right-radius:0px;border-bottom-left-radius:0px;}.kadence-column645_b6c4dc-48 > .kt-inside-inner-col{column-gap:var(--global-kb-gap-sm, 1rem);}.kadence-column645_b6c4dc-48 > .kt-inside-inner-col{flex-direction:column;}.kadence-column645_b6c4dc-48 > .kt-inside-inner-col > .aligncenter{width:100%;}.kadence-column645_b6c4dc-48 > .kt-inside-inner-col:before{opacity:0.3;}.kadence-column645_b6c4dc-48{position:relative;}@media all and (max-width: 1024px){.kadence-column645_b6c4dc-48 > .kt-inside-inner-col{flex-direction:column;justify-content:center;}}@media all and (max-width: 767px){.kadence-column645_b6c4dc-48 > .kt-inside-inner-col{flex-direction:column;justify-content:center;}}<\/style>\n<div class=\"wp-block-kadence-column kadence-column645_b6c4dc-48\"><div class=\"kt-inside-inner-col\"><div class=\"kb-adv-form-field kb-adv-form-text-type-input kb-adv-form-infield-type-input kb-field664835eb0-9b wp-block-kadence-advanced-form-text\"><label class=\"kb-adv-form-label\" for=\"field664835eb0-9b\">Pr\u00e9nom<span class=\"kb-adv-form-required\">*<\/span><\/label><input name=\"field835eb0-9b\" id=\"field664835eb0-9b\" data-label=\"Pr\u00e9nom\" type=\"text\" placeholder=\"\u00c9cris ton pr\u00e9nom ici...\" value=\"\" data-type=\"text\" class=\"kb-field kb-text-field\" data-required=\"yes\" required aria-required=\"true\"\/><\/div><\/div><\/div>\n\n\n<style>.kadence-column645_a3d13f-bf > .kt-inside-inner-col,.kadence-column645_a3d13f-bf > .kt-inside-inner-col:before{border-top-left-radius:0px;border-top-right-radius:0px;border-bottom-right-radius:0px;border-bottom-left-radius:0px;}.kadence-column645_a3d13f-bf > .kt-inside-inner-col{column-gap:var(--global-kb-gap-sm, 1rem);}.kadence-column645_a3d13f-bf > .kt-inside-inner-col{flex-direction:column;}.kadence-column645_a3d13f-bf > .kt-inside-inner-col > .aligncenter{width:100%;}.kadence-column645_a3d13f-bf > .kt-inside-inner-col:before{opacity:0.3;}.kadence-column645_a3d13f-bf{position:relative;}@media all and (max-width: 1024px){.kadence-column645_a3d13f-bf > .kt-inside-inner-col{flex-direction:column;justify-content:center;}}@media all and (max-width: 767px){.kadence-column645_a3d13f-bf > .kt-inside-inner-col{flex-direction:column;justify-content:center;}}<\/style>\n<div class=\"wp-block-kadence-column kadence-column645_a3d13f-bf\"><div class=\"kt-inside-inner-col\"><div class=\"kb-adv-form-field kb-adv-form-text-type-input kb-adv-form-infield-type-input kb-field6645fd41c-73 wp-block-kadence-advanced-form-telephone\"><label class=\"kb-adv-form-label\" for=\"field6645fd41c-73\">T\u00e9l\u00e9phone<span class=\"kb-adv-form-required\">*<\/span><\/label><input name=\"field5fd41c-73\" id=\"field6645fd41c-73\" data-label=\"T\u00e9l\u00e9phone\" type=\"tel\" placeholder=\"\u00c9cris ton num\u00e9ro, ou celui d&#039;un proche...\" value=\"\" data-type=\"tel\" class=\"kb-field kb-tel-field\" data-required=\"yes\" required aria-required=\"true\"\/><\/div><\/div><\/div>\n\n<\/div><\/div>\n\n<style>.kb-row-layout-id645_bbb424-2a > .kt-row-column-wrap{align-content:start;}:where(.kb-row-layout-id645_bbb424-2a > .kt-row-column-wrap) > .wp-block-kadence-column{justify-content:start;}.kb-row-layout-id645_bbb424-2a > .kt-row-column-wrap{column-gap:var(--global-kb-gap-md, 2rem);row-gap:var(--global-kb-gap-md, 2rem);padding-top:0px;padding-right:0px;padding-bottom:0px;padding-left:0px;grid-template-columns:repeat(2, minmax(0, 1fr));}.kb-row-layout-id645_bbb424-2a > .kt-row-layout-overlay{opacity:0.30;}@media all and (max-width: 1024px){.kb-row-layout-id645_bbb424-2a > .kt-row-column-wrap{grid-template-columns:repeat(2, minmax(0, 1fr));}}@media all and (max-width: 767px){.kb-row-layout-id645_bbb424-2a > .kt-row-column-wrap{grid-template-columns:minmax(0, 1fr);}}<\/style><div class=\"kb-row-layout-wrap kb-row-layout-id645_bbb424-2a alignnone wp-block-kadence-rowlayout\"><div class=\"kt-row-column-wrap kt-has-2-columns kt-row-layout-equal kt-tab-layout-inherit kt-mobile-layout-row kt-row-valign-top\">\n<style>.kadence-column645_89bf73-22 > .kt-inside-inner-col,.kadence-column645_89bf73-22 > .kt-inside-inner-col:before{border-top-left-radius:0px;border-top-right-radius:0px;border-bottom-right-radius:0px;border-bottom-left-radius:0px;}.kadence-column645_89bf73-22 > .kt-inside-inner-col{column-gap:var(--global-kb-gap-sm, 1rem);}.kadence-column645_89bf73-22 > .kt-inside-inner-col{flex-direction:column;}.kadence-column645_89bf73-22 > .kt-inside-inner-col > .aligncenter{width:100%;}.kadence-column645_89bf73-22 > .kt-inside-inner-col:before{opacity:0.3;}.kadence-column645_89bf73-22{position:relative;}@media all and (max-width: 1024px){.kadence-column645_89bf73-22 > .kt-inside-inner-col{flex-direction:column;justify-content:center;}}@media all and (max-width: 767px){.kadence-column645_89bf73-22 > .kt-inside-inner-col{flex-direction:column;justify-content:center;}}<\/style>\n<div class=\"wp-block-kadence-column kadence-column645_89bf73-22\"><div class=\"kt-inside-inner-col\"><div class=\"kb-adv-form-field kb-adv-form-text-type-input kb-adv-form-infield-type-input kb-field664e08ce3-49 wp-block-kadence-advanced-form-email\"><label class=\"kb-adv-form-label\" for=\"field664e08ce3-49\">E-mail<\/label><input name=\"fielde08ce3-49\" id=\"field664e08ce3-49\" data-label=\"E-mail\" type=\"email\" placeholder=\"\u00c9cris ton adresse mail ici...\" value=\"\" data-type=\"email\" class=\"kb-field kb-email-field\" data-required=\"no\" \/><\/div><\/div><\/div>\n\n\n<style>.kadence-column645_28c073-9e > .kt-inside-inner-col,.kadence-column645_28c073-9e > .kt-inside-inner-col:before{border-top-left-radius:0px;border-top-right-radius:0px;border-bottom-right-radius:0px;border-bottom-left-radius:0px;}.kadence-column645_28c073-9e > .kt-inside-inner-col{column-gap:var(--global-kb-gap-sm, 1rem);}.kadence-column645_28c073-9e > .kt-inside-inner-col{flex-direction:column;}.kadence-column645_28c073-9e > .kt-inside-inner-col > .aligncenter{width:100%;}.kadence-column645_28c073-9e > .kt-inside-inner-col:before{opacity:0.3;}.kadence-column645_28c073-9e{position:relative;}@media all and (max-width: 1024px){.kadence-column645_28c073-9e > .kt-inside-inner-col{flex-direction:column;justify-content:center;}}@media all and (max-width: 767px){.kadence-column645_28c073-9e > .kt-inside-inner-col{flex-direction:column;justify-content:center;}}<\/style>\n<div class=\"wp-block-kadence-column kadence-column645_28c073-9e\"><div class=\"kt-inside-inner-col\"><div class=\"kb-adv-form-field kb-adv-form-infield-type-input kb-field664d7a975-14 wp-block-kadence-advanced-form-select\"><label class=\"kb-adv-form-label\" for=\"field664d7a975-14\">Commune de r\u00e9sidence<span class=\"kb-adv-form-required\">*<\/span><\/label><select  name=\"fieldd7a975-14\" id=\"field664d7a975-14\" required aria-required=\"true\"><option value=\"\" disabled selected>S\u00e9lectionne la commune dans laquelle tu habites<\/option><option value=\"Acoua\">Acoua<\/option><option value=\"Bandraboua\">Bandraboua<\/option><option value=\"Bandrele\">Bandrele<\/option><option value=\"Bou\u00e9ni\">Bou\u00e9ni<\/option><option value=\"Chiconi\">Chiconi<\/option><option value=\"Chirongui\">Chirongui<\/option><option value=\"Dembeni\">Dembeni<\/option><option value=\"Dzaoudzi-Labattoir \">Dzaoudzi-Labattoir <\/option><option value=\"Kani-K\u00e9li\">Kani-K\u00e9li<\/option><option value=\"Koungou\">Koungou<\/option><option value=\"Mamoudzou\">Mamoudzou<\/option><option value=\"Mtsamboro\">Mtsamboro<\/option><option value=\"M&#039;Tsangamouji\">M&rsquo;Tsangamouji<\/option><option value=\"Ouangani\">Ouangani<\/option><option value=\"Pamandzi\">Pamandzi<\/option><option value=\"Sada\">Sada<\/option><option value=\"Tsingoni\">Tsingoni<\/option><\/select><\/div><\/div><\/div>\n\n<\/div><\/div>\n\n<div class=\"kb-adv-form-field kb-adv-form-text-type-input kb-adv-form-infield-type-input kb-field664f3d6f7-de wp-block-kadence-advanced-form-textarea\"><label class=\"kb-adv-form-label\" for=\"field664f3d6f7-de\">Message<\/label><textarea name=\"fieldf3d6f7-de\" id=\"field664f3d6f7-de\" rows=\"3\"  data-label=\"Message\" placeholder=\"Si tu veux, tu peux me laisser un message ici...\" data-type=\"textarea\" class=\"kb-field kb-textarea-field\" data-required=\"no\" ><\/textarea><\/div>\n\n<style>ul.menu .kb-submit-field .kb-btne79741-a4.kb-button{width:initial;}.kb-submit-field.kb-fielde79741-a4{justify-content:flex-start;}<\/style><div class=\"kb-adv-form-field kb-submit-field kb-fielde79741-a4 wp-block-kadence-advanced-form-submit\"><button class=\"kb-button kt-button button kb-adv-form-submit-button kb-btne79741-a4 kt-btn-size-standard kt-btn-width-type-auto kb-btn-global-fill kt-btn-has-text-true kt-btn-has-svg-false\" type=\"submit\"><span class=\"kt-btn-inner-text\">Envoyer<\/span><\/button><\/div>\n<input type=\"hidden\" name=\"_kb_adv_form_post_id\" value=\"664\"><input type=\"hidden\" name=\"action\" value=\"kb_process_advanced_form_submit\"><input type=\"hidden\" name=\"_kb_adv_form_id\" value=\"664-cpt-id\"><\/form><\/div>","protected":false},"excerpt":{"rendered":"<p>D\u00e9but de la phase 2 de l&rsquo;enqu\u00eate maYorit\u00e9 ! Dans le cadre de ma th\u00e8se, j&rsquo;\u00e9tudie les conditions dans lesquelles vous devenez majeur\u00b7es \u00e0 Mayotte, en tenant compte de votre parcours et de vos projets, tout en cherchant \u00e0 comprendre comment vous vivez cette p\u00e9riode si sp\u00e9ciale du passage \u00e0 l&rsquo;\u00e2ge adulte. Je souhaite ainsi&#8230;<\/p>\n","protected":false},"author":33,"featured_media":0,"parent":0,"menu_order":0,"comment_status":"closed","ping_status":"closed","template":"","meta":{"_kad_blocks_custom_css":"","_kad_blocks_head_custom_js":"","_kad_blocks_body_custom_js":"","_kad_blocks_footer_custom_js":"","_kadence_starter_templates_imported_post":false,"_kad_post_transparent":"","_kad_post_title":"","_kad_post_layout":"","_kad_post_sidebar_id":"","_kad_post_content_style":"","_kad_post_vertical_padding":"","_kad_post_feature":"","_kad_post_feature_position":"","_kad_post_header":false,"_kad_post_footer":false,"_kad_post_classname":"","footnotes":"","_links_to":"","_links_to_target":""},"coauthors":[3],"class_list":["post-645","page","type-page","status-publish","hentry"],"taxonomy_info":[],"featured_image_src_large":false,"author_info":{"display_name":"Tanguy Mathon-C\u00e9cillon","author_link":"https:\/\/efis.parisnanterre.fr\/mayorite\/author\/tanguy\/"},"comment_info":0,"_links":{"self":[{"href":"https:\/\/efis.parisnanterre.fr\/mayorite\/wp-json\/wp\/v2\/pages\/645","targetHints":{"allow":["GET"]}}],"collection":[{"href":"https:\/\/efis.parisnanterre.fr\/mayorite\/wp-json\/wp\/v2\/pages"}],"about":[{"href":"https:\/\/efis.parisnanterre.fr\/mayorite\/wp-json\/wp\/v2\/types\/page"}],"author":[{"embeddable":true,"href":"https:\/\/efis.parisnanterre.fr\/mayorite\/wp-json\/wp\/v2\/users\/33"}],"replies":[{"embeddable":true,"href":"https:\/\/efis.parisnanterre.fr\/mayorite\/wp-json\/wp\/v2\/comments?post=645"}],"version-history":[{"count":28,"href":"https:\/\/efis.parisnanterre.fr\/mayorite\/wp-json\/wp\/v2\/pages\/645\/revisions"}],"predecessor-version":[{"id":728,"href":"https:\/\/efis.parisnanterre.fr\/mayorite\/wp-json\/wp\/v2\/pages\/645\/revisions\/728"}],"wp:attachment":[{"href":"https:\/\/efis.parisnanterre.fr\/mayorite\/wp-json\/wp\/v2\/media?parent=645"}],"wp:term":[{"taxonomy":"author","embeddable":true,"href":"https:\/\/efis.parisnanterre.fr\/mayorite\/wp-json\/wp\/v2\/coauthors?post=645"}],"curies":[{"name":"wp","href":"https:\/\/api.w.org\/{rel}","templated":true}]}}