{"id":12,"date":"2022-05-30T16:34:59","date_gmt":"2022-05-30T14:34:59","guid":{"rendered":"https:\/\/efis.parisnanterre.fr\/nsm\/?page_id=12"},"modified":"2025-09-20T12:59:20","modified_gmt":"2025-09-20T10:59:20","slug":"objectifs","status":"publish","type":"page","link":"https:\/\/efis.parisnanterre.fr\/nsm\/objectifs\/","title":{"rendered":"Objectifs des recherches"},"content":{"rendered":"\n<p>Les objectifs de la recherche \u00ab\u00a0<strong>N<strong>on-scolarisation et d\u00e9scolarisation \u00e0 Mayotte\u00a0: d\u00e9nombrer et\u00a0comprendre<\/strong><\/strong>\u00a0\u00bb sont\u00a0: \u00a0\u00a0<\/p>\n\n\n\n<ul style=\"line-height:2\" class=\"wp-block-list\">\n<li>Recenser l\u2019ensemble des <strong><mark style=\"background-color:#ffffff\" class=\"has-inline-color has-theme-palette-1-color\">donn\u00e9es chiffr\u00e9es<\/mark><\/strong> portant sur le ph\u00e9nom\u00e8ne de scolarisation \/ d\u00e9scolarisation \/ non-scolarisation \u00e0 Mayotte.<\/li>\n\n\n\n<li>\u00c9tablir une <mark style=\"background-color:#ffffff\" class=\"has-inline-color has-theme-palette-1-color\"><strong>estimation<\/strong><\/mark> du nombre d&rsquo;enfants non-scolaris\u00e9s et d\u00e9scolaris\u00e9s \u00e0 Mayotte (en d\u00e9finissant pr\u00e9alablement plusieurs niveaux de non-scolarisation et de d\u00e9scolarisation).<\/li>\n\n\n\n<li>\u00c9tablir des <mark style=\"background-color:#ffffff\" class=\"has-inline-color has-theme-palette-1-color\"><strong>profils-types<\/strong><\/mark> (et si possible d\u00e9nombr\u00e9s) de parcours de non-scolarisation et de d\u00e9scolarisation.<\/li>\n\n\n\n<li>D\u00e9finir quelques indicateurs qui permettent de <mark style=\"background-color:#ffffff\" class=\"has-inline-color has-theme-palette-1-color\"><strong>comprendre la dynamique<\/strong><\/mark> des populations d\u00e9scolaris\u00e9es et non scolaris\u00e9es.<\/li>\n\n\n\n<li>\u00c9tablir les <mark style=\"background-color:#ffffff\" class=\"has-inline-color\">pr\u00e9conisations techniques<\/mark> (conditions de r\u00e9alisation) pour assurer un<strong><mark style=\"background-color:#ffffff\" class=\"has-inline-color\"> <\/mark><mark style=\"background-color:#ffffff\" class=\"has-inline-color has-theme-palette-1-color\">syst\u00e8me de suivi<\/mark><mark style=\"background-color:#ffffff\" class=\"has-inline-color\"> <\/mark><\/strong>de cette population non-scolaris\u00e9e et d\u00e9scolaris\u00e9e.<\/li>\n<\/ul>\n\n\n\n<p>Les objectifs de la recherche \u00ab\u00a0<strong>Observatoire de la non scolarisation \u00e0 Mayotte<\/strong>\u00a0\u00bb sont :<\/p>\n\n\n\n<ul class=\"wp-block-list\">\n<li>Renouveler le r\u00e9seau d\u2019informations, collecter les donn\u00e9es puis actualiser les estimations concernant le nombre d\u2019enfants en \u00e2ge d\u2019obligation scolaire (3-15 ans r\u00e9volus) non scolaris\u00e9s effectivement, et les enfants en \u00e2ge de formation (16-17 ans r\u00e9volus) non form\u00e9s effectivement.<\/li>\n\n\n\n<li>\u00c9tablir une typologie des enfants non-scolaris\u00e9s, de leurs trajectoires biographiques et fournir une description et une analyse de leur vie quotidienne, notamment les activit\u00e9s au sein d\u2019associations socio-\u00e9ducatives.<\/li>\n<\/ul>\n","protected":false},"excerpt":{"rendered":"<p>Les objectifs de la recherche \u00ab\u00a0Non-scolarisation et d\u00e9scolarisation \u00e0 Mayotte\u00a0: d\u00e9nombrer et\u00a0comprendre\u00a0\u00bb sont\u00a0: \u00a0\u00a0 Les objectifs de la recherche \u00ab\u00a0Observatoire de la non scolarisation \u00e0 Mayotte\u00a0\u00bb sont :<\/p>\n","protected":false},"author":31,"featured_media":0,"parent":0,"menu_order":0,"comment_status":"closed","ping_status":"closed","template":"","meta":{"_kad_blocks_custom_css":"","_kad_blocks_head_custom_js":"","_kad_blocks_body_custom_js":"","_kad_blocks_footer_custom_js":"","_kad_post_transparent":"","_kad_post_title":"","_kad_post_layout":"","_kad_post_sidebar_id":"","_kad_post_content_style":"","_kad_post_vertical_padding":"","_kad_post_feature":"","_kad_post_feature_position":"","_kad_post_header":false,"_kad_post_footer":false,"_kad_post_classname":"","footnotes":"","_links_to":"","_links_to_target":""},"coauthors":[4],"class_list":["post-12","page","type-page","status-publish","hentry"],"taxonomy_info":[],"featured_image_src_large":false,"author_info":{"display_name":"","author_link":"https:\/\/efis.parisnanterre.fr\/nsm\/author\/"},"comment_info":0,"_links":{"self":[{"href":"https:\/\/efis.parisnanterre.fr\/nsm\/wp-json\/wp\/v2\/pages\/12","targetHints":{"allow":["GET"]}}],"collection":[{"href":"https:\/\/efis.parisnanterre.fr\/nsm\/wp-json\/wp\/v2\/pages"}],"about":[{"href":"https:\/\/efis.parisnanterre.fr\/nsm\/wp-json\/wp\/v2\/types\/page"}],"author":[{"embeddable":true,"href":"https:\/\/efis.parisnanterre.fr\/nsm\/wp-json\/wp\/v2\/users\/31"}],"replies":[{"embeddable":true,"href":"https:\/\/efis.parisnanterre.fr\/nsm\/wp-json\/wp\/v2\/comments?post=12"}],"version-history":[{"count":10,"href":"https:\/\/efis.parisnanterre.fr\/nsm\/wp-json\/wp\/v2\/pages\/12\/revisions"}],"predecessor-version":[{"id":263,"href":"https:\/\/efis.parisnanterre.fr\/nsm\/wp-json\/wp\/v2\/pages\/12\/revisions\/263"}],"wp:attachment":[{"href":"https:\/\/efis.parisnanterre.fr\/nsm\/wp-json\/wp\/v2\/media?parent=12"}],"wp:term":[{"taxonomy":"author","embeddable":true,"href":"https:\/\/efis.parisnanterre.fr\/nsm\/wp-json\/wp\/v2\/coauthors?post=12"}],"curies":[{"name":"wp","href":"https:\/\/api.w.org\/{rel}","templated":true}]}}