{"id":18,"date":"2022-06-10T09:57:09","date_gmt":"2022-06-10T07:57:09","guid":{"rendered":"https:\/\/efis.parisnanterre.fr\/nsm\/?page_id=18"},"modified":"2025-09-21T11:45:34","modified_gmt":"2025-09-21T09:45:34","slug":"partenaires","status":"publish","type":"page","link":"https:\/\/efis.parisnanterre.fr\/nsm\/partenaires\/","title":{"rendered":"Partenaires"},"content":{"rendered":"\n<p>La recherche \u00ab\u00a0<strong>N<strong>on-scolarisation et d\u00e9scolarisation \u00e0 Mayotte&nbsp;: d\u00e9nombrer et&nbsp;comprendre<\/strong><\/strong>\u00a0\u00bb a \u00e9t\u00e9 r\u00e9alis\u00e9e avec le soutien technique, logistique et financier de trois associations et fondations :<\/p>\n\n\n\n<ul style=\"line-height:2\" class=\"wp-block-list\">\n<li><a href=\"https:\/\/www.cnape.fr\/\" target=\"_blank\" rel=\"noreferrer noopener\">Convention nationale des associations de la protection de l&rsquo;enfance<\/a> (Cnape)<\/li>\n\n\n\n<li><a rel=\"noreferrer noopener\" href=\"https:\/\/www.mlezi-maore.com\/\" target=\"_blank\">Mlezi Maore<\/a>, membre du <a rel=\"noreferrer noopener\" href=\"https:\/\/www.groupe-sos.org\/\" target=\"_blank\">Groupe SOS<\/a><\/li>\n\n\n\n<li><a rel=\"noreferrer noopener\" href=\"https:\/\/mayotte.apprentis-auteuil.org\/\" target=\"_blank\">Apprentis d\u2019Auteuil Mayotte<\/a><\/li>\n<\/ul>\n\n\n\n<p>La recherche <strong>\u00ab\u00a0Observatoire de la non scolarisation \u00e0 Mayotte\u00a0\u00bb<\/strong> b\u00e9n\u00e9ficie du soutien financier de la <a href=\"https:\/\/www.fondationdefrance.org\/fr\/\">Fondation de France<\/a>. <\/p>\n\n\n\n<p><\/p>\n","protected":false},"excerpt":{"rendered":"<p>La recherche \u00ab\u00a0Non-scolarisation et d\u00e9scolarisation \u00e0 Mayotte&nbsp;: d\u00e9nombrer et&nbsp;comprendre\u00a0\u00bb a \u00e9t\u00e9 r\u00e9alis\u00e9e avec le soutien technique, logistique et financier de trois associations et fondations : La recherche \u00ab\u00a0Observatoire de la non scolarisation \u00e0 Mayotte\u00a0\u00bb b\u00e9n\u00e9ficie du soutien financier de la Fondation de France.<\/p>\n","protected":false},"author":31,"featured_media":0,"parent":0,"menu_order":0,"comment_status":"closed","ping_status":"closed","template":"","meta":{"_kad_blocks_custom_css":"","_kad_blocks_head_custom_js":"","_kad_blocks_body_custom_js":"","_kad_blocks_footer_custom_js":"","_kad_post_transparent":"","_kad_post_title":"","_kad_post_layout":"","_kad_post_sidebar_id":"","_kad_post_content_style":"","_kad_post_vertical_padding":"","_kad_post_feature":"","_kad_post_feature_position":"","_kad_post_header":false,"_kad_post_footer":false,"_kad_post_classname":"","footnotes":"","_links_to":"","_links_to_target":""},"coauthors":[4],"class_list":["post-18","page","type-page","status-publish","hentry"],"taxonomy_info":[],"featured_image_src_large":false,"author_info":{"display_name":"","author_link":"https:\/\/efis.parisnanterre.fr\/nsm\/author\/"},"comment_info":0,"_links":{"self":[{"href":"https:\/\/efis.parisnanterre.fr\/nsm\/wp-json\/wp\/v2\/pages\/18","targetHints":{"allow":["GET"]}}],"collection":[{"href":"https:\/\/efis.parisnanterre.fr\/nsm\/wp-json\/wp\/v2\/pages"}],"about":[{"href":"https:\/\/efis.parisnanterre.fr\/nsm\/wp-json\/wp\/v2\/types\/page"}],"author":[{"embeddable":true,"href":"https:\/\/efis.parisnanterre.fr\/nsm\/wp-json\/wp\/v2\/users\/31"}],"replies":[{"embeddable":true,"href":"https:\/\/efis.parisnanterre.fr\/nsm\/wp-json\/wp\/v2\/comments?post=18"}],"version-history":[{"count":10,"href":"https:\/\/efis.parisnanterre.fr\/nsm\/wp-json\/wp\/v2\/pages\/18\/revisions"}],"predecessor-version":[{"id":271,"href":"https:\/\/efis.parisnanterre.fr\/nsm\/wp-json\/wp\/v2\/pages\/18\/revisions\/271"}],"wp:attachment":[{"href":"https:\/\/efis.parisnanterre.fr\/nsm\/wp-json\/wp\/v2\/media?parent=18"}],"wp:term":[{"taxonomy":"author","embeddable":true,"href":"https:\/\/efis.parisnanterre.fr\/nsm\/wp-json\/wp\/v2\/coauthors?post=18"}],"curies":[{"name":"wp","href":"https:\/\/api.w.org\/{rel}","templated":true}]}}