{"id":11,"date":"2022-06-07T13:19:37","date_gmt":"2022-06-07T11:19:37","guid":{"rendered":"https:\/\/efis.parisnanterre.fr\/qsdxm\/?page_id=11"},"modified":"2022-12-09T11:39:49","modified_gmt":"2022-12-09T10:39:49","slug":"convention-collaboration-et-cadre-ethique","status":"publish","type":"page","link":"https:\/\/efis.parisnanterre.fr\/qsdxm\/convention-collaboration-et-cadre-ethique\/","title":{"rendered":"Cadre \u00e9thique"},"content":{"rendered":"\n<p>L\u2019ensemble de cette recherche a re\u00e7u un avis favorable du comit\u00e9 d\u2019\u00e9thique et de recherche de l\u2019Universit\u00e9 Paris Nanterre (avis n\u00b0 2022-06-01) ainsi que du DPO quant \u00e0 la d\u00e9marche RGPD.<\/p>\n\n\n\n<p>Avant la passation en face-\u00e0-face du questionnaire, les r\u00e9pondant.e.s sont inform\u00e9.e.s des enjeux de cette recherche et donnent leur consentement. <\/p>\n\n\n\n<p>A cette fin, les document \u00e0 leur disposition sont les suivants :<\/p>\n\n\n\n<p><strong>NOTE D\u2019INFORMATION<\/strong><\/p>\n\n\n\n<p><strong>Bonjour,&nbsp;<\/strong><\/p>\n\n\n\n<p>Aujourd\u2019hui majeur, vous avez, durant votre minorit\u00e9, b\u00e9n\u00e9fici\u00e9 d\u2019une mesure ou d\u2019une prestation de protection de l\u2019enfance et avez \u00e9t\u00e9 accompagn\u00e9 par le service de l\u2019aide sociale \u00e0 l\u2019enfance de la collectivit\u00e9 de Saint-Martin.&nbsp;<\/p>\n\n\n\n<p>Dans le cadre de la&nbsp;<em>Strat\u00e9gie nationale de pr\u00e9vention et de la protection de l\u2019enfance (2020-2022)<\/em>&nbsp;mise en place par le gouvernement fran\u00e7ais en 2019, la collectivit\u00e9 de Saint-Martin a d\u00e9cid\u00e9 d\u2019engager un projet de recherche afin de mieux conna\u00eetre la situation actuelle des enfants et adolescents qu\u2019elle a accompagn\u00e9s ainsi que la qualit\u00e9 de l\u2019accompagnement accord\u00e9 durant votre minorit\u00e9 dans le cadre de la protection de l\u2019enfance, intitul\u00e9e&nbsp;: \u00ab&nbsp;Que sont-ils et que sont-elles devenu.e.s&nbsp;?&nbsp;\u00bb. Cette recherche, men\u00e9e par l\u2019Universit\u00e9 de Paris Nanterre (UPN), est en cours de r\u00e9alisation.&nbsp;<\/p>\n\n\n\n<p>L\u2019objectif de cette recherche est de mieux conna\u00eetre votre situation actuelle et votre v\u00e9cu personnel lorsque vous \u00e9tiez accompagn\u00e9 par les services de l\u2019Ase. A cette fin, nous r\u00e9alisons avec vous un questionnaire en vous posant directement, par oral, un certain nombre de questions. Cet entretien devrait durer 45 mn et sera r\u00e9alis\u00e9 par Madame D\u00e9lencia Patrick, agent de la Collectivit\u00e9 de Saint-Martin. Cette participation est totalement volontaire et anonyme.&nbsp;Pour vous contacter, ce sont les agents de l\u2019Ase qui vous accompagnaient durant votre minorit\u00e9 qui nous ont fourni vos coordonn\u00e9es.&nbsp;<\/p>\n\n\n\n<p>Pour construire ce questionnaire, nous nous sommes fortement inspir\u00e9s d\u2019un questionnaire qui a \u00e9t\u00e9 men\u00e9 dans quelques d\u00e9partements de la m\u00e9tropole et qui s\u2019appelle Elap (r\u00e9alis\u00e9 par&nbsp;: Ined &#8211; CNRS &#8211; Laboratoire Printemps UMR8085). Vous pouvez consulter les premiers r\u00e9sultats de cette recherche Elap \u00e0&nbsp;:&nbsp;<a href=\"https:\/\/elap.site.ined.fr\/\">https:\/\/elap.site.ined.fr<\/a><\/p>\n\n\n\n<p>L\u2019analyse des r\u00e9sultats, totalement anonymes, se fera de mani\u00e8re collaborative avec les agents de l\u2019Ase volontaires.&nbsp;&nbsp;<\/p>\n\n\n\n<p>Si vous d\u00e9cidez de ne pas r\u00e9pondre \u00e0 cette sollicitation, cette non participation n\u2019aura aucune cons\u00e9quence sur votre situation, notamment dans les relations que vous entretenez aujourd\u2019hui avec la Collectivit\u00e9. De m\u00eame, vous pouvez interrompre \u00e0 tout moment cet entretien.&nbsp;<\/p>\n\n\n\n<p>Par ailleurs, en cas de besoin, vous pouvez toujours reprendre contact avec le service de l\u2019Ase \u00e0 \u2026 qui pourrait \u00e9ventuellement vous orienter vers d\u2019autres services de la Collectivit\u00e9 qui vous seraient utiles.&nbsp;<\/p>\n\n\n\n<p><strong>Restitution des r\u00e9sultats&nbsp;:<\/strong><\/p>\n\n\n\n<p>La pr\u00e9sentation des r\u00e9sultats de cette recherche sera effectu\u00e9e en 2022 sur le site de l\u2019\u00e9quipe \u00c9ducation familiale et interventions socio-\u00e9ducative (Efis) du laboratoire Centre de recherches \u00c9ducation et Formation de l\u2019Universit\u00e9 de Paris Nanterre&nbsp;<a href=\"http:\/\/efis.parisnanterre.fr\/\">http:\/\/efis.parisnanterre.fr\/<\/a>&nbsp;ou sur le site d\u00e9di\u00e9 \u00e0 la recherche sur&nbsp;<a href=\"https:\/\/efis.parisnanterre.fr\/blog\/que-sont-ils-devenus-parcours-des-jeunes-sortant-de-lase-a-saint-martin-qsidxsm\/\">https:\/\/efis.parisnanterre.fr\/blog\/que-sont-ils-devenus-parcours-des-jeunes-sortant-de-lase-a-saint-martin-qsidxsm\/<\/a><\/p>\n\n\n\n<p>Pour toute information sur ce travail de recherche, vous pouvez vous adresser au Pr Gilles S\u00e9raphin, professeur des Universit\u00e9s, responsables de la recherche :&nbsp;<a href=\"mailto:gseraphin@parisnanterre.fr\">gseraphin@parisnanterre.fr<\/a>.<\/p>\n\n\n\n<p>Pour une pr\u00e9sentation de ses travaux de recherche, voir&nbsp;:&nbsp;<a href=\"https:\/\/efis.parisnanterre.fr\/blog\/seraphin-gilles\/\">https:\/\/efis.parisnanterre.fr\/blog\/seraphin-gilles\/<\/a><\/p>\n\n\n\n<p>La pr\u00e9sente recherche a re\u00e7u un avis favorable du DPO de l\u2019Universit\u00e9 Paris Nanterre et un avis favorable du Comit\u00e9 d\u2019\u00e9thique et de recherche de l\u2019Universit\u00e9 de Paris Nanterre le 10 juin 2022 (avis n\u00b0 2022-06-01).&nbsp;<\/p>\n\n\n\n<p>Nous vous remercions sinc\u00e8rement pour votre collaboration.<\/p>\n\n\n\n<p>Pr Gilles S\u00e9raphin.<\/p>\n\n\n\n<p><strong>Mentions l\u00e9gales&nbsp;:&nbsp;<\/strong><\/p>\n\n\n\n<p>L\u2019Universit\u00e9 Paris Nanterre traite les donn\u00e9es recueillies pour conna\u00eetre le devenir des jeunes qui ont b\u00e9n\u00e9fici\u00e9 d\u2019un accompagnement \u00e0 l\u2019Aide sociale \u00e0 l\u2019enfance (Ase) de Saint-Martin.&nbsp;<\/p>\n\n\n\n<p>Les informations recueillies dans le questionnaire sont enregistr\u00e9es dans un fichier informatis\u00e9. L\u2019Universit\u00e9 Paris Nanterre (200 avenue de la R\u00e9publique 92001 Nanterre), repr\u00e9sent\u00e9e par son pr\u00e9sident, M. Philippe Gervais-Lambony, est responsable de traitement. La base l\u00e9gale du traitement est l\u2019ex\u00e9cution d\u2019une mission de service public d\u2019enseignement sup\u00e9rieur pr\u00e9vues \u00e0 l\u2019article L. 123-3 du code de l&rsquo;\u00e9ducation.<\/p>\n\n\n\n<p>Les donn\u00e9es collect\u00e9es seront communiqu\u00e9es aux seuls destinataires suivants :&nbsp;<\/p>\n\n\n\n<p>Gilles S\u00e9raphin, professeur des Universit\u00e9, Universit\u00e9 Paris Nanterre,&nbsp;<a href=\"mailto:gseraphin@parisnanterre.fr\">gseraphin@parisnanterre.fr<\/a>.&nbsp;&nbsp;&nbsp;<\/p>\n\n\n\n<p>Elles sont conserv\u00e9es en France pendant 5 ans.<\/p>\n\n\n\n<p>Vous \u00eates libre de vous retirer ou de cesser votre participation \u00e0 ce projet \u00e0 tout moment. Ce retrait n\u2019aura aucune cons\u00e9quence.<\/p>\n\n\n\n<p>Votre identit\u00e9 sera dissimul\u00e9e \u00e0 l\u2019aide d\u2019un num\u00e9ro al\u00e9atoire pour tous les types d\u2019informations collect\u00e9es. Seul le responsable de projet d\u00e9tient la table de correspondance qui permet de faire le lien entre votre identit\u00e9 et le num\u00e9ro al\u00e9atoire attribu\u00e9 dans les diff\u00e9rents fichiers.<\/p>\n\n\n\n<p>Vous pouvez acc\u00e9der aux donn\u00e9es vous concernant, les rectifier, demander leur effacement ou exercer votre droit \u00e0 la limitation du traitement de vos donn\u00e9es. Vous pouvez retirer \u00e0 tout moment votre consentement au traitement de vos donn\u00e9es.&nbsp;<\/p>\n\n\n\n<p>Consultez le site cnil.fr pour plus d\u2019informations sur vos droits.<\/p>\n\n\n\n<p>Pour exercer ces droits ou pour toute question sur le traitement de vos donn\u00e9es dans ce dispositif, vous pouvez contacter, notre d\u00e9l\u00e9gu\u00e9 \u00e0 la protection :&nbsp;<a href=\"mailto:dpo@liste.parisnanterre.fr\">dpo@liste.parisnanterre.fr<\/a><\/p>\n\n\n\n<p>Si vous estimez, apr\u00e8s nous avoir contact\u00e9s, que vos droits \u00ab Informatique et Libert\u00e9s \u00bb ne sont pas respect\u00e9s, vous pouvez adresser une r\u00e9clamation \u00e0 la Cnil.<\/p>\n\n\n\n<p><strong>FORMULAIRE DE CONSENTEMENT<\/strong><\/p>\n\n\n\n<p>Ce formulaire est destin\u00e9 \u00e0 recueillir votre consentement pour la collecte des donn\u00e9es vous concernant, dans le cadre du projet&nbsp;<em>Que sont-ils et que sont-elles devenues&nbsp;? Le devenir des enfants accompagn\u00e9s par la protection de l\u2019enfance \u00e0 St-Martin,&nbsp;<\/em>par le professeur Gilles S\u00e9raphin, du laboratoire Centre de recherches \u00c9ducation et Formation de l\u2019Universit\u00e9 Paris Nanterre.<\/p>\n\n\n\n<p>En signant le formulaire de consentement, vous certifiez :<\/p>\n\n\n\n<ul class=\"wp-block-list\">\n<li>Que vous avez lu et compris les renseignements communiqu\u00e9s dans la notice d\u2019information,<\/li>\n\n\n\n<li>Qu\u2019on a r\u00e9pondu \u00e0 vos questions de fa\u00e7on satisfaisante,<\/li>\n\n\n\n<li>Qu\u2019on vous a inform\u00e9 que vous \u00e9tiez libre de retirer votre consentement ou d\u2019arr\u00eater de participer \u00e0 cette recherche en tout temps, sans pr\u00e9judice.<\/li>\n<\/ul>\n\n\n\n<p>\u00c0 remplir par le participant&nbsp;:&nbsp;<\/p>\n\n\n\n<p>\u2610&nbsp;&nbsp;&nbsp;&nbsp;&nbsp;&nbsp;&nbsp;&nbsp;&nbsp;J\u2019ai lu et compris les renseignements fournis dans la fiche d\u2019informations et j\u2019accepte de plein gr\u00e9 de participer \u00e0 cette recherche<\/p>\n\n\n\n<p>\u2610&nbsp;&nbsp;&nbsp;&nbsp;&nbsp;&nbsp;&nbsp;&nbsp;&nbsp;J\u2019accepte que mes r\u00e9ponses aux questions pos\u00e9es soient exploit\u00e9es par l\u2019\u00e9quipe du projet<\/p>\n\n\n\n<p>Nom, Pr\u00e9nom&nbsp;: \u2026\u2026\u2026\u2026\u2026\u2026\u2026\u2026..<\/p>\n\n\n\n<p>Date&nbsp;: \u2026\u2026\u2026\u2026\u2026\u2026\u2026\u2026\u2026&#8230;&nbsp;<\/p>\n\n\n\n<p>Signature&nbsp;:&nbsp;<\/p>\n","protected":false},"excerpt":{"rendered":"<p>L\u2019ensemble de cette recherche a re\u00e7u un avis favorable du comit\u00e9 d\u2019\u00e9thique et de recherche de l\u2019Universit\u00e9 Paris Nanterre (avis n\u00b0 2022-06-01) ainsi que du DPO quant \u00e0 la d\u00e9marche RGPD. Avant la passation en face-\u00e0-face du questionnaire, les r\u00e9pondant.e.s sont inform\u00e9.e.s des enjeux de cette recherche et donnent leur consentement. A cette fin, les&#8230;<\/p>\n","protected":false},"author":3,"featured_media":38,"parent":0,"menu_order":30,"comment_status":"closed","ping_status":"closed","template":"","meta":{"_kad_blocks_custom_css":"","_kad_blocks_head_custom_js":"","_kad_blocks_body_custom_js":"","_kad_blocks_footer_custom_js":"","_kad_post_transparent":"","_kad_post_title":"","_kad_post_layout":"","_kad_post_sidebar_id":"","_kad_post_content_style":"","_kad_post_vertical_padding":"","_kad_post_feature":"","_kad_post_feature_position":"","_kad_post_header":false,"_kad_post_footer":false,"_kad_post_classname":"","footnotes":"","_links_to":"","_links_to_target":""},"coauthors":[3],"class_list":["post-11","page","type-page","status-publish","has-post-thumbnail","hentry"],"taxonomy_info":[],"featured_image_src_large":["https:\/\/efis.parisnanterre.fr\/qsdxm\/wp-content\/uploads\/sites\/7\/2022\/06\/saint-martin-g75fb68d8a_1280-1024x576.jpg",1024,576,true],"author_info":{"display_name":"admin","author_link":"https:\/\/efis.parisnanterre.fr\/qsdxm\/author\/scarella\/"},"comment_info":0,"_links":{"self":[{"href":"https:\/\/efis.parisnanterre.fr\/qsdxm\/wp-json\/wp\/v2\/pages\/11","targetHints":{"allow":["GET"]}}],"collection":[{"href":"https:\/\/efis.parisnanterre.fr\/qsdxm\/wp-json\/wp\/v2\/pages"}],"about":[{"href":"https:\/\/efis.parisnanterre.fr\/qsdxm\/wp-json\/wp\/v2\/types\/page"}],"author":[{"embeddable":true,"href":"https:\/\/efis.parisnanterre.fr\/qsdxm\/wp-json\/wp\/v2\/users\/3"}],"replies":[{"embeddable":true,"href":"https:\/\/efis.parisnanterre.fr\/qsdxm\/wp-json\/wp\/v2\/comments?post=11"}],"version-history":[{"count":6,"href":"https:\/\/efis.parisnanterre.fr\/qsdxm\/wp-json\/wp\/v2\/pages\/11\/revisions"}],"predecessor-version":[{"id":106,"href":"https:\/\/efis.parisnanterre.fr\/qsdxm\/wp-json\/wp\/v2\/pages\/11\/revisions\/106"}],"wp:featuredmedia":[{"embeddable":true,"href":"https:\/\/efis.parisnanterre.fr\/qsdxm\/wp-json\/wp\/v2\/media\/38"}],"wp:attachment":[{"href":"https:\/\/efis.parisnanterre.fr\/qsdxm\/wp-json\/wp\/v2\/media?parent=11"}],"wp:term":[{"taxonomy":"author","embeddable":true,"href":"https:\/\/efis.parisnanterre.fr\/qsdxm\/wp-json\/wp\/v2\/coauthors?post=11"}],"curies":[{"name":"wp","href":"https:\/\/api.w.org\/{rel}","templated":true}]}}