{"id":19,"date":"2022-06-07T13:34:42","date_gmt":"2022-06-07T11:34:42","guid":{"rendered":"https:\/\/efis.parisnanterre.fr\/qsdxm\/?page_id=19"},"modified":"2022-06-08T15:07:19","modified_gmt":"2022-06-08T13:07:19","slug":"saint-martin-une-ile-qui-se-distingue","status":"publish","type":"page","link":"https:\/\/efis.parisnanterre.fr\/qsdxm\/saint-martin-une-ile-qui-se-distingue\/","title":{"rendered":"Saint-Martin\u00a0: une \u00eele qui se distingue"},"content":{"rendered":"\n<p><em>Saint-Martin est une collectivit\u00e9 d\u2019outre-mer (COM) r\u00e9gie par l\u2019<a rel=\"noreferrer noopener\" href=\"https:\/\/www.legifrance.gouv.fr\/affichTexteArticle.do?idArticle=LEGIARTI000006527587&amp;cidTexte=LEGITEXT000006071194&amp;dateTexte=20030329\" target=\"_blank\">article 74 de la Constitution<\/a> fran\u00e7aise. La\u00a0<a rel=\"noreferrer noopener\" href=\"https:\/\/www.legifrance.gouv.fr\/affichTexte.do?cidTexte=JORFTEXT000000465963&amp;categorieLien=id\" target=\"_blank\">loi organique n\u00b0 2007-223 du 21 juillet 2007 portant disposions statutaires et institutionnelles relatives \u00e0 l&rsquo;outre-mer<\/a>\u00a0a institu\u00e9 une collectivit\u00e9 d&rsquo;outre-mer qui s\u2019est substitu\u00e9, sur le territoire de la partie fran\u00e7aise de l&rsquo;\u00eele de Saint-Martin et des \u00eelots qui en d\u00e9pendent, \u00e0 la commune de Saint-Martin, au d\u00e9partement de la Guadeloupe et \u00e0 la r\u00e9gion de la Guadeloupe. Cette collectivit\u00e9 d&rsquo;outre-mer, r\u00e9gie par l\u2019<a rel=\"noreferrer noopener\" href=\"https:\/\/www.legifrance.gouv.fr\/affichTexteArticle.do?idArticle=LEGIARTI000006527587&amp;cidTexte=LEGITEXT000006071194&amp;dateTexte=20030329\" target=\"_blank\">article 74 de la Constitution<\/a>, prend le nom de\u00a0:\u00a0<strong>\u00a0\u00bb\u00a0<\/strong><a rel=\"noreferrer noopener\" href=\"http:\/\/www.com-saint-martin.fr\/\" target=\"_blank\">collectivit\u00e9 de Saint-Martin<\/a>\u00a0<strong>\u00ab\u00a0<\/strong>. Elle est dot\u00e9e de l&rsquo;autonomie. Malgr\u00e9 son statut, Saint-Martin fait partie de l&rsquo;Union europ\u00e9enne et b\u00e9n\u00e9ficie \u00e0 ce titre des <a rel=\"noreferrer noopener\" href=\"https:\/\/www.drom-com.fr\/categories\/presentation-generale-11314\/articles\/presentation-generale-de-saint-martin-96.htm\" target=\"_blank\">fonds de d\u00e9veloppant soutenant les R\u00e9gions UltraPh\u00e9riques (RUP)<\/a>.<\/em><\/p>\n\n\n\n<p>Aux niveaux g\u00e9ographique et politique, Saint-Martin est une petite \u00eele partag\u00e9e entre deux \u00c9tats. Le Sud (d\u2019une superficie de 40 km2), avec une grande autonomie, constitue l\u2019un des quatre \u00c9tats du Royaume des Pays-Bas, et n\u2019est pas membre de l\u2019Union europ\u00e9enne. Le nord, d\u2019une superficie de 53 km2, soit la moiti\u00e9 de la superficie de Paris <em>intra muros,<\/em> d\u00e9pend de la France. La Fronti\u00e8re n\u2019est pas mat\u00e9rialis\u00e9e et la circulation est depuis tr\u00e8s longtemps extr\u00eamement libre. La partie fran\u00e7aise comprend 37\u00a0000 habitants. Depuis une trentaine d\u2019ann\u00e9es, la population a fortement cru, avec des migrations m\u00e9tropolitaines, guadeloup\u00e9ennes et ha\u00eftiennes principalement. En 2017, l\u2019\u00eele a v\u00e9cu la travers\u00e9e de l\u2019ouragan Irma qui l\u2019a compl\u00e8tement ravag\u00e9e et dont, malgr\u00e9 des efforts soutenus, elle porte encore de nombreux stigmates.<\/p>\n\n\n\n<p>Saint-Martin se distingue aussi par son rapport \u00e0 la m\u00e9tropole. Longtemps, l\u2019\u00eele a v\u00e9cu sous une forme d\u2019autonomie de fait. Elle \u00e9tait en revanche parfaitement int\u00e9gr\u00e9 au contexte g\u00e9ographique, et les habitants entretenaient de nombreuses relations avec \u00ab&nbsp;l\u2019autre c\u00f4t\u00e9&nbsp;\u00bb de l\u2019\u00eele, la partie n\u00e9erlandaise, mais aussi avec les \u00eeles des alentours. Les migrations caract\u00e9risent le quotidien des habitants de l\u2019\u00eele, puisqu\u2019ils la quittent pour aller faire des \u00e9tudes, travailler, etc. et puisqu\u2019ils accueillent de nombreuses familles venant d\u2019autres \u00eeles. Ainsi, en plus de l\u2019anglais et surtout du \u00ab&nbsp;broken english&nbsp;\u00bb qui tiennent encore la place de langue vernaculaire, tous les Saint-Martinois parlent ou comprennent souvent le fran\u00e7ais, le cr\u00e9ole avec ses diverses variantes &#8211; dont la ha\u00eftienne &#8211; l\u2019espagnol\u2026<\/p>\n\n\n\n<p>Sur ce petit territoire, d\u00e9tach\u00e9 de la Guadeloupe en 2007, la collectivit\u00e9 territoriale assume les comp\u00e9tences d\u2019une commune, d\u2019un d\u00e9partement et d\u2019une r\u00e9gion. L\u2019offre de soin en protection de l\u2019enfance recouvre la plupart des services propos\u00e9s dans les autres d\u00e9partements, hormis le placement en \u00e9tablissement et les dispositifs associ\u00e9s (notamment, le placement sans d\u00e9placement, le placement \u00e0 domicile, etc.). Lorsqu\u2019un placement en dehors de la famille est n\u00e9cessaire, l\u2019enfant est plac\u00e9 en famille d\u2019accueil \u00e0 Saint-Martin ou plac\u00e9 en \u00e9tablissement, la plupart du temps en Guadeloupe.<\/p>\n\n\n\n<p>En 2019, la collectivit\u00e9 de Saint-Martin a r\u00e9organis\u00e9 l\u2019ensemble du service Ase pour regrouper en une seule entit\u00e9 l\u2019ensemble des agents qui, dor\u00e9navant suivent le parcours de l\u2019enfant, quelle que soit la mesure ou la prestation dont il b\u00e9n\u00e9ficie. La collectivit\u00e9 a \u00e9galement am\u00e9nag\u00e9 l\u2019aide \u00e9ducative \u00e0 domicile (AED) en une nouvelle prestation de soutien aux \u00ab&nbsp;tiers b\u00e9n\u00e9voles&nbsp;administratifs \u00bb&nbsp;: comme les tiers dignes de confiance judiciaires (la mesure \u00e9tant chaque fois doubl\u00e9e d\u2019une AMEO), outre l\u2019indemnit\u00e9 d\u2019entretien, les enfants, les tiers et les parents b\u00e9n\u00e9ficient d\u2019un accompagnement adapt\u00e9 par le m\u00eame travailleur social r\u00e9f\u00e9rent.<\/p>\n\n\n\n<p><\/p>\n","protected":false},"excerpt":{"rendered":"<p>Saint-Martin est une collectivit\u00e9 d\u2019outre-mer (COM) r\u00e9gie par l\u2019article 74 de la Constitution fran\u00e7aise. La\u00a0loi organique n\u00b0 2007-223 du 21 juillet 2007 portant disposions statutaires et institutionnelles relatives \u00e0 l&rsquo;outre-mer\u00a0a institu\u00e9 une collectivit\u00e9 d&rsquo;outre-mer qui s\u2019est substitu\u00e9, sur le territoire de la partie fran\u00e7aise de l&rsquo;\u00eele de Saint-Martin et des \u00eelots qui en d\u00e9pendent, \u00e0&#8230;<\/p>\n","protected":false},"author":3,"featured_media":33,"parent":0,"menu_order":20,"comment_status":"closed","ping_status":"closed","template":"","meta":{"_kad_blocks_custom_css":"","_kad_blocks_head_custom_js":"","_kad_blocks_body_custom_js":"","_kad_blocks_footer_custom_js":"","_kad_post_transparent":"","_kad_post_title":"","_kad_post_layout":"","_kad_post_sidebar_id":"","_kad_post_content_style":"","_kad_post_vertical_padding":"","_kad_post_feature":"","_kad_post_feature_position":"","_kad_post_header":false,"_kad_post_footer":false,"_kad_post_classname":"","footnotes":"","_links_to":"","_links_to_target":""},"coauthors":[3],"class_list":["post-19","page","type-page","status-publish","has-post-thumbnail","hentry"],"taxonomy_info":[],"featured_image_src_large":["https:\/\/efis.parisnanterre.fr\/qsdxm\/wp-content\/uploads\/sites\/7\/2022\/06\/st-martin3-1024x768.jpg",1024,768,true],"author_info":{"display_name":"admin","author_link":"https:\/\/efis.parisnanterre.fr\/qsdxm\/author\/scarella\/"},"comment_info":0,"_links":{"self":[{"href":"https:\/\/efis.parisnanterre.fr\/qsdxm\/wp-json\/wp\/v2\/pages\/19","targetHints":{"allow":["GET"]}}],"collection":[{"href":"https:\/\/efis.parisnanterre.fr\/qsdxm\/wp-json\/wp\/v2\/pages"}],"about":[{"href":"https:\/\/efis.parisnanterre.fr\/qsdxm\/wp-json\/wp\/v2\/types\/page"}],"author":[{"embeddable":true,"href":"https:\/\/efis.parisnanterre.fr\/qsdxm\/wp-json\/wp\/v2\/users\/3"}],"replies":[{"embeddable":true,"href":"https:\/\/efis.parisnanterre.fr\/qsdxm\/wp-json\/wp\/v2\/comments?post=19"}],"version-history":[{"count":3,"href":"https:\/\/efis.parisnanterre.fr\/qsdxm\/wp-json\/wp\/v2\/pages\/19\/revisions"}],"predecessor-version":[{"id":74,"href":"https:\/\/efis.parisnanterre.fr\/qsdxm\/wp-json\/wp\/v2\/pages\/19\/revisions\/74"}],"wp:featuredmedia":[{"embeddable":true,"href":"https:\/\/efis.parisnanterre.fr\/qsdxm\/wp-json\/wp\/v2\/media\/33"}],"wp:attachment":[{"href":"https:\/\/efis.parisnanterre.fr\/qsdxm\/wp-json\/wp\/v2\/media?parent=19"}],"wp:term":[{"taxonomy":"author","embeddable":true,"href":"https:\/\/efis.parisnanterre.fr\/qsdxm\/wp-json\/wp\/v2\/coauthors?post=19"}],"curies":[{"name":"wp","href":"https:\/\/api.w.org\/{rel}","templated":true}]}}