{"id":4,"date":"2022-06-07T13:09:46","date_gmt":"2022-06-07T11:09:46","guid":{"rendered":"https:\/\/efis.parisnanterre.fr\/qsdxm\/?page_id=4"},"modified":"2022-12-09T11:38:51","modified_gmt":"2022-12-09T10:38:51","slug":"methode","status":"publish","type":"page","link":"https:\/\/efis.parisnanterre.fr\/qsdxm\/methode\/","title":{"rendered":"Une m\u00e9thode qui \u00e9volue"},"content":{"rendered":"\n<p><strong><em>La m\u00e9thode initiale<\/em><\/strong><\/p>\n\n\n\n<p>Dans le cadre de cette recherche sp\u00e9cifique, lors de la premi\u00e8re rencontre avec les agents de l\u2019Ase en mars 2022, une m\u00e9thode initiale est rapidement \u00e9labor\u00e9e.<\/p>\n\n\n\n<p>En ce qui concerne la&nbsp;<em>population,<\/em>&nbsp;il est initialement d\u00e9cid\u00e9 que le questionnaire porterait sur l\u2019ensemble des enfants n\u00e9s entre 1995 et 2002 et qui sont devenus majeurs entre 2013 et 2020 tout en \u00e9tant accompagn\u00e9s par une mesure ou une prestation de protection de l\u2019enfance, quel qu\u2019en soit la nature (AEMO, AED, placement en famille d\u2019accueil ou en \u00e9tablissement en Guadeloupe, confi\u00e9 \u00e0 un tiers judiciaire ou administratif\u2026). Sur la base d\u2019un listing reconstruit \u00e0 partir des archives. A l\u2019origine, l\u2019entretien devant \u00eatre propos\u00e9 \u00e0 quelques 70 jeunes&nbsp;: les agents de l\u2019Ase, qui ont pour la plupart la particularit\u00e9 d\u2019\u00eatre en poste depuis de nombreuses ann\u00e9es, connaissent la population et maintiennent des contacts, m\u00eame indirects, avec les jeunes concern\u00e9s&nbsp;; ils devaient ainsi pouvoir renseigner de mani\u00e8re quasi exhaustive le listing de contacts, pour que les enqu\u00eatrices puissent prendre contact avec les jeunes concern\u00e9s.<\/p>\n\n\n\n<p>Les personnes qui m\u00e8nent les entretiens en face \u00e0 face doivent ma\u00eetriser les langues parl\u00e9es sur l\u2019\u00eele et la g\u00e9ographie pour retrouver les domiciles, dans un contexte o\u00f9 l\u2019adressage est tr\u00e8s al\u00e9atoire, voire \u00ab&nbsp;po\u00e9tique&nbsp;\u00bb.<\/p>\n\n\n\n<p>Puisque tout le monde se conna\u00eet sur l\u2019\u00eele, ou au moins conna\u00eet un membre de la famille, l\u2019anonymat de la personne qui effectue les entretiens d\u2019enqu\u00eate n\u2019a pas de sens, voire susciterait la suspicion. C\u2019est pourquoi il a \u00e9t\u00e9 d\u00e9cid\u00e9 la nommer les enqu\u00eatrices d\u00e8s la note d\u2019information et de pr\u00e9ciser \u00e9galement que l\u2019une d\u2019elles est agent de la collectivit\u00e9. Les deux sont bien \u00e9videmment soumises au secret professionnel de toute personne qui participe \u00e0 un travail de recherche, conform\u00e9ment aux pr\u00e9conisations \u00e9thiques.<\/p>\n\n\n\n<p><em>Le questionnaire<\/em>&nbsp;s\u2019est construit lors de plusieurs r\u00e9unions \u00e0 Marigot, chef -lieu de la collectivit\u00e9, en mars 2022. Dans le projet initial, pour \u00e9tablir des bases de comparaisons avec l\u2019ensemble de la France, et sur la base d\u2019\u00e9changes avec la responsable de l\u2019enqu\u00eate Elap, Madame Isabelle Frechon, il est d\u00e9cid\u00e9 de reprendre un grand nombre de variables des deux phases de l\u2019enqu\u00eate Elap. Certes, les deux populations ne sont pas totalement identiques en termes d\u2019\u00e2ge et des types de mesures ou prestations dont les personnes ont b\u00e9n\u00e9fici\u00e9 mais nous avions pr\u00e9vu de tenir compte de cette diff\u00e9rence dans l\u2019analyse.<\/p>\n\n\n\n<p>Ces variables Elap sont reprises dans leur int\u00e9gralit\u00e9,&nbsp;en ne modifiant qu\u2019un param\u00e8tre&nbsp;: au vouvoiement de rigueur en m\u00e9tropole (m\u00eame si apr\u00e8s l\u2019enqu\u00eateur pouvait utiliser le tutoiement si le jeune \u00e9tait d\u2019accord), nous d\u00e9cidons d\u2019utiliser dans la version \u00e9crite le tutoiement plut\u00f4t d\u2019usage \u00e0 Saint-Martin. Nous pensions que le vouvoiement, langue de l\u2019administration, aurait paru \u00e9trange et aurait suscit\u00e9 de la surprise voire de la m\u00e9fiance. Toutefois, nous d\u00e9cidons de conserver le vouvoiement dans la note d\u2019information et dans le formulaire de consentement, pour souligner les caract\u00e8res juridiques et officiels de ces documents. Cependant, dans la pratique, les situations se sont av\u00e9r\u00e9es plus complexes. Dans les entretiens en visio, les enqu\u00eatrices ont utilis\u00e9 le vouvoiement, et dans les entretiens en face-\u00e0-face, elles ont altern\u00e9 vouvoiement et tutoiement.<\/p>\n\n\n\n<p>Le&nbsp;<em>processus <\/em>est le suivant&nbsp;:<\/p>\n\n\n\n<ul class=\"wp-block-list\">\n<li>Enqu\u00eate en face \u00e0 face avec document papier durant les mois de juin 2022 (d\u00e8s avis favorable RGPD et comit\u00e9 d\u2019\u00e9thique) \u00e0 novembre 2022. En ce qui concerne l\u2019identit\u00e9 de l\u2019enqu\u00eat\u00e9, seuls le pr\u00e9nom, le sexe et l\u2019ann\u00e9e de naissance appara\u00eet sur le formulaire \u00ab&nbsp;papier&nbsp;\u00bb.<\/li>\n\n\n\n<li>Saisie en ligne des questionnaires, sans le pr\u00e9nom, en octobre et novembre 2022, sur un serveur UPN via le logiciel Line Survey.<\/li>\n\n\n\n<li>Analyse des donn\u00e9es en travail collaboratif durant l\u2019automne 2022.<\/li>\n\n\n\n<li>Pr\u00e9sentation des r\u00e9sultats \u00e0 la fin de l\u2019ann\u00e9e 2022 (remise de rapport).<\/li>\n\n\n\n<li>La base de donn\u00e9es sera conserv\u00e9e sur un poste informatique du chercheur ainsi que sur un support de sauvegarde crypt\u00e9 pendant une p\u00e9riode de 5 ann\u00e9es.<\/li>\n<\/ul>\n\n\n\n<p><strong><em>Un contexte et des \u00e9volutions<\/em><\/strong><\/p>\n\n\n\n<p>Toutefois, vu principalement les difficult\u00e9s de recrutement, cette m\u00e9thode subit quelques modifications.<\/p>\n\n\n\n<p>En effet, comme les archives de la collectivit\u00e9 ne sont pas informatis\u00e9es, il est difficile d\u2019\u00e9tablir un listing exhaustif des jeunes potentiellement concern\u00e9s. Le travail de m\u00e9moire des agents de la collectivit\u00e9 n\u2019est pas suffisant. Aussi, ce petit effectif conduit \u00e0 \u00e9largir les crit\u00e8res d\u2019\u00e2ge dans le recrutement. Sont finalement concern\u00e9s l\u2019ensemble des jeunes n\u00e9s entre 1992 et 2004. Ensuite, il est difficile de retrouver des coordonn\u00e9es. Alors, seuls les noms accompagn\u00e9s de coordonn\u00e9es sont finalement retenus.<\/p>\n\n\n\n<p>Une premi\u00e8re liste de 25 noms est \u00e9tablie. Tr\u00e8s vite, d\u00e8s les premiers entretiens, elle est compl\u00e9t\u00e9e par des jeunes propos\u00e9s par la pr\u00e9sidente de l\u2019association des anciens enfants plac\u00e9s, Madame Jositania Rijo, et par des jeunes qui, lors d\u2019\u00e9changes pour prendre rdv, indiquent le nom de fr\u00e8res et s\u0153urs, de famille d\u2019origine ou plac\u00e9s dans la m\u00eame famille d\u2019accueil.<\/p>\n\n\n\n<p>Puis, sur une liste d\u2019une trentaine noms, les enqu\u00eatrices ont beaucoup de mal \u00e0 \u00e9tablir le contact&nbsp;: des num\u00e9ros ne sont plus attribu\u00e9s, les personnes ne rappellent pas&nbsp;; d\u2019autres personnes promettent de rappeler pour un rdv mais ne le font finalement pas. En outre, deux personnes qui ont men\u00e9 l\u2019entretien finalement se r\u00e9tractent et demandent le retrait du questionnaire de la base (en fait il n\u2019a pas \u00e9t\u00e9 saisi).<\/p>\n\n\n\n<p>L\u2019ensemble de ces contraintes conduit \u00e0 mener 9 entretiens complets, dont 6 en visio.<\/p>\n\n\n\n<p>Le nombre est insuffisant pour une exploitation statistique. En outre, nous constatons un processus de s\u00e9lection sociale parmi les r\u00e9pondant.e.s. Il a ainsi \u00e9t\u00e9 choisi d\u2019analyser ce corpus de fa\u00e7on qualitative.<\/p>\n\n\n\n<p><strong><em>D\u00e9marche \u00e9thique<\/em><\/strong><\/p>\n\n\n\n<p>L\u2019ensemble de cette recherche a re\u00e7u un avis favorable du comit\u00e9 d\u2019\u00e9thique et de recherche de l\u2019Universit\u00e9 Paris Nanterre (avis n\u00b0 2022-06-01) ainsi que du DPO quant \u00e0 la d\u00e9marche RGPD.<\/p>\n","protected":false},"excerpt":{"rendered":"<p>La m\u00e9thode initiale Dans le cadre de cette recherche sp\u00e9cifique, lors de la premi\u00e8re rencontre avec les agents de l\u2019Ase en mars 2022, une m\u00e9thode initiale est rapidement \u00e9labor\u00e9e. En ce qui concerne la&nbsp;population,&nbsp;il est initialement d\u00e9cid\u00e9 que le questionnaire porterait sur l\u2019ensemble des enfants n\u00e9s entre 1995 et 2002 et qui sont devenus majeurs&#8230;<\/p>\n","protected":false},"author":3,"featured_media":32,"parent":0,"menu_order":20,"comment_status":"closed","ping_status":"closed","template":"","meta":{"_kad_blocks_custom_css":"","_kad_blocks_head_custom_js":"","_kad_blocks_body_custom_js":"","_kad_blocks_footer_custom_js":"","_kad_post_transparent":"","_kad_post_title":"","_kad_post_layout":"","_kad_post_sidebar_id":"","_kad_post_content_style":"","_kad_post_vertical_padding":"","_kad_post_feature":"","_kad_post_feature_position":"","_kad_post_header":false,"_kad_post_footer":false,"_kad_post_classname":"","footnotes":"","_links_to":"","_links_to_target":""},"coauthors":[],"class_list":["post-4","page","type-page","status-publish","has-post-thumbnail","hentry"],"taxonomy_info":[],"featured_image_src_large":["https:\/\/efis.parisnanterre.fr\/qsdxm\/wp-content\/uploads\/sites\/7\/2022\/06\/st-martin2-1024x768.jpg",1024,768,true],"author_info":{"display_name":"admin","author_link":"https:\/\/efis.parisnanterre.fr\/qsdxm\/author\/scarella\/"},"comment_info":0,"_links":{"self":[{"href":"https:\/\/efis.parisnanterre.fr\/qsdxm\/wp-json\/wp\/v2\/pages\/4","targetHints":{"allow":["GET"]}}],"collection":[{"href":"https:\/\/efis.parisnanterre.fr\/qsdxm\/wp-json\/wp\/v2\/pages"}],"about":[{"href":"https:\/\/efis.parisnanterre.fr\/qsdxm\/wp-json\/wp\/v2\/types\/page"}],"author":[{"embeddable":true,"href":"https:\/\/efis.parisnanterre.fr\/qsdxm\/wp-json\/wp\/v2\/users\/3"}],"replies":[{"embeddable":true,"href":"https:\/\/efis.parisnanterre.fr\/qsdxm\/wp-json\/wp\/v2\/comments?post=4"}],"version-history":[{"count":4,"href":"https:\/\/efis.parisnanterre.fr\/qsdxm\/wp-json\/wp\/v2\/pages\/4\/revisions"}],"predecessor-version":[{"id":105,"href":"https:\/\/efis.parisnanterre.fr\/qsdxm\/wp-json\/wp\/v2\/pages\/4\/revisions\/105"}],"wp:featuredmedia":[{"embeddable":true,"href":"https:\/\/efis.parisnanterre.fr\/qsdxm\/wp-json\/wp\/v2\/media\/32"}],"wp:attachment":[{"href":"https:\/\/efis.parisnanterre.fr\/qsdxm\/wp-json\/wp\/v2\/media?parent=4"}],"wp:term":[{"taxonomy":"author","embeddable":true,"href":"https:\/\/efis.parisnanterre.fr\/qsdxm\/wp-json\/wp\/v2\/coauthors?post=4"}],"curies":[{"name":"wp","href":"https:\/\/api.w.org\/{rel}","templated":true}]}}