{"id":7,"date":"2022-09-01T15:54:07","date_gmt":"2022-09-01T13:54:07","guid":{"rendered":"https:\/\/efis.parisnanterre.fr\/ressope\/?page_id=7"},"modified":"2025-08-08T09:34:26","modified_gmt":"2025-08-08T07:34:26","slug":"presentation","status":"publish","type":"page","link":"https:\/\/efis.parisnanterre.fr\/ressope\/","title":{"rendered":"La recherche"},"content":{"rendered":"\n<h2 class=\"wp-block-heading\">RESSOPE : Une recherche-action sur la sant\u00e9 et la pr\u00e9vention en lieu collectif de la protection de l&rsquo;enfance et de la PJJ<\/h2>\n\n\n\n<p>Comment les jeunes accueilli.e.s en foyer collectif de la protection de l\u2019enfance ou de la PJJ per\u00e7oivent-ils.elles leur sant\u00e9 et comment g\u00e8rent-ils.elles leurs \u00e9motions&nbsp;?<\/p>\n\n\n\n<p>Comment les professionnel.le.s impliqu\u00e9.e.s dans le quotidien de ces jeunes s\u2019adaptent-ils.elles \u00e0 ces aspects fondamentaux pour les accompagner&nbsp;?<\/p>\n\n\n<div class=\"wp-block-image\">\n<figure class=\"alignleft size-full is-resized\"><img loading=\"lazy\" decoding=\"async\" width=\"618\" height=\"394\" src=\"https:\/\/efis.parisnanterre.fr\/ressope\/wp-content\/uploads\/sites\/8\/2022\/09\/sante-selon-lOMS.jpg\" alt=\"\" class=\"wp-image-33\" style=\"width:438px;height:279px\" srcset=\"https:\/\/efis.parisnanterre.fr\/ressope\/wp-content\/uploads\/sites\/8\/2022\/09\/sante-selon-lOMS.jpg 618w, https:\/\/efis.parisnanterre.fr\/ressope\/wp-content\/uploads\/sites\/8\/2022\/09\/sante-selon-lOMS-300x191.jpg 300w\" sizes=\"auto, (max-width: 618px) 100vw, 618px\" \/><figcaption><span class=\"media-credit\">Euillet S\u00e9verine<\/span><\/figcaption><\/figure>\n<\/div>\n\n\n<p><br>Ces questions fondamentales sont au c\u0153ur d\u2019une recherche-action qualitative qui s&rsquo;est d\u00e9roul\u00e9e en 2023 et 2024. Il s&rsquo;agit de recueillir le point de vue des jeunes et des professionnel.le.s sur des dimensions telles que le d\u00e9veloppement individuel, les comp\u00e9tences psycho-sociales, le contexte institutionnel\/l\u2019environnement familial, les conduites addictives ou encore les repr\u00e9sentations au sujet de la sant\u00e9.<\/p>\n\n\n\n<p><\/p>\n\n\n\n<p><\/p>\n\n\n\n<p><strong>Les objectifs de cette recherche sont triples :<\/strong><\/p>\n\n\n\n<ul class=\"wp-block-list\">\n<li>participer au d\u00e9veloppement des connaissances au sujet de la sant\u00e9 per\u00e7ue dans une perspective syst\u00e9mique<\/li>\n\n\n\n<li>contribuer \u00e0 l&rsquo;\u00e9valuation qualitative d&rsquo;un programme de pr\u00e9vention bas\u00e9 sur le d\u00e9veloppement des comp\u00e9tences sociales et la promotion de la sant\u00e9<\/li>\n\n\n\n<li>penser ensemble l&rsquo;adaptation d&rsquo;un programme aux besoins en sant\u00e9 et aux contextes de la protection de l&rsquo;enfance<\/li>\n<\/ul>\n\n\n\n<p>C&rsquo;est une recherche partenariale n\u00e9e de la volont\u00e9 du <a href=\"https:\/\/www.cicat.fr\/\" target=\"_blank\" rel=\"noreferrer noopener\">CICAT<\/a> (Centre d&rsquo;Information et de Consultation en Alcoologie et Toxicomanie) qui met en place un programme de pr\u00e9vention des risques nomm\u00e9 Autonomia dans plusieurs MECS, lieux d&rsquo;accueil et services de jours du d\u00e9partement, associatifs ou de la PJJ de deux d\u00e9partements fran\u00e7ais. Ce programme construit sur-mesure, se d\u00e9ploie par 3 jours de sensibilisation des professionnels et 11 ateliers collectifs aupr\u00e8s des jeunes, avec une centration sur le d\u00e9veloppement des comp\u00e9tences psycho-sociales (<a href=\"https:\/\/www.santepubliquefrance.fr\/docs\/les-competences-psychosociales.-un-referentiel-operationnel-a-destination-des-professionnels-experts-et-formateurs-cps.-tome-i\">sant\u00e9 publique france, 2025<\/a>).<\/p>\n\n\n\n<p>Le soutien financier de l&rsquo;<a href=\"https:\/\/onpe.gouv.fr\/\" target=\"_blank\" rel=\"noreferrer noopener\">ONPE<\/a> permettra de r\u00e9aliser cette recherche en 24 mois. Elle a d\u00e9but\u00e9 en janvier 2023 et vient de se terminer en d\u00e9cembre 2024.<\/p>\n\n\n\n<p>En contribuant au rapprochement du champ de l\u2019addiction et de celui de la protection de l\u2019enfance, cette recherche vise \u00e0 recueillir et analyser les points de vue subjectifs des jeunes de plus de 12 ans et des professionnel.les impliqu\u00e9.es dans Autonomia, un programme de pr\u00e9vention des addictions cr\u00e9\u00e9 sp\u00e9cifiquement \u00e0 l\u2019attention des jeunes accueilli.es en lieux collectifs de la protection de l\u2019enfance. <\/p>\n\n\n<div class=\"wp-block-image\">\n<figure class=\"alignright size-full is-resized\"><img loading=\"lazy\" decoding=\"async\" width=\"609\" height=\"435\" src=\"https:\/\/efis.parisnanterre.fr\/ressope\/wp-content\/uploads\/sites\/8\/2023\/08\/image.png\" alt=\"\" class=\"wp-image-71\" style=\"width:423px;height:302px\" srcset=\"https:\/\/efis.parisnanterre.fr\/ressope\/wp-content\/uploads\/sites\/8\/2023\/08\/image.png 609w, https:\/\/efis.parisnanterre.fr\/ressope\/wp-content\/uploads\/sites\/8\/2023\/08\/image-300x214.png 300w\" sizes=\"auto, (max-width: 609px) 100vw, 609px\" \/><figcaption><span class=\"media-credit\"><a href=\"https:\/\/efis.parisnanterre.fr\/ressope\/author\/copa75\/\">copa75<\/a> | Ressope<\/span><\/figcaption><\/figure>\n<\/div>\n\n\n<p><\/p>\n\n\n\n<p>Il y a deux volets dans cette recherche&nbsp;: <\/p>\n\n\n\n<ul class=\"wp-block-list\">\n<li>un volet quantitatif avec un questionnaire anonyme \u00e0 destination des jeunes et des professionnel.les,<\/li>\n\n\n\n<li>un volet qualitatif avec des observations participantes et des entretiens semi-directifs aupr\u00e8s des jeunes et des professionnel.les.<\/li>\n<\/ul>\n\n\n\n<p><\/p>\n\n\n\n<p><\/p>\n\n\n\n<h2 class=\"wp-block-heading\">Derni\u00e8re publication en juillet 2025 : l&rsquo;ONPE Synth\u00e8se n\u00b023<\/h2>\n\n\n\n<div class=\"wp-block-media-text is-stacked-on-mobile\"><figure class=\"wp-block-media-text__media\"><img loading=\"lazy\" decoding=\"async\" width=\"706\" height=\"351\" src=\"https:\/\/efis.parisnanterre.fr\/ressope\/wp-content\/uploads\/sites\/8\/2025\/08\/ONPE-synthse-23-image.jpg\" alt=\"\" class=\"wp-image-96 size-full\" srcset=\"https:\/\/efis.parisnanterre.fr\/ressope\/wp-content\/uploads\/sites\/8\/2025\/08\/ONPE-synthse-23-image.jpg 706w, https:\/\/efis.parisnanterre.fr\/ressope\/wp-content\/uploads\/sites\/8\/2025\/08\/ONPE-synthse-23-image-300x149.jpg 300w\" sizes=\"auto, (max-width: 706px) 100vw, 706px\" \/><\/figure><div class=\"wp-block-media-text__content\">\n<p>Dans l&rsquo;id\u00e9e de rendre compte des r\u00e9sultats de recherche au plus grand nombre, <a href=\"https:\/\/onpe.france-enfance-protegee.fr\/wp-content\/uploads\/2025\/07\/os23-prevenir_les_addictions.pdf\">l&rsquo;ONPE synth\u00e8se<\/a> les r\u00e9sume en 4 pages. L&rsquo;enjeu de la pr\u00e9vention \u00e9tait au coeur de la recherche RESSOPE gr\u00e2ce au partenariat avec le CICAT, et avec 8 structures de la protection de l&rsquo;enfance et de la PJJ. <\/p>\n<\/div><\/div>\n\n\n\n<p><\/p>\n\n\n\n<h2 class=\"wp-block-heading\">Publication du rapport final de recherche, avril 2025<\/h2>\n\n\n\n<p>Le rapport final de recherche ainsi que la synth\u00e8se sont consultable sur le site internet de l&rsquo;ONPE, et t\u00e9l\u00e9chargeable ci-dessous:<\/p>\n\n\n<style>.wp-block-kadence-advancedbtn.kb-btns7_cd7681-d5{gap:var(--global-kb-gap-xs, 0.5rem );justify-content:center;align-items:center;}.kt-btns7_cd7681-d5 .kt-button{font-weight:normal;font-style:normal;}.kt-btns7_cd7681-d5 .kt-btn-wrap-0{margin-right:5px;}.wp-block-kadence-advancedbtn.kt-btns7_cd7681-d5 .kt-btn-wrap-0 .kt-button{color:#555555;border-color:#555555;}.wp-block-kadence-advancedbtn.kt-btns7_cd7681-d5 .kt-btn-wrap-0 .kt-button:hover, .wp-block-kadence-advancedbtn.kt-btns7_cd7681-d5 .kt-btn-wrap-0 .kt-button:focus{color:#ffffff;border-color:#444444;}.wp-block-kadence-advancedbtn.kt-btns7_cd7681-d5 .kt-btn-wrap-0 .kt-button::before{display:none;}.wp-block-kadence-advancedbtn.kt-btns7_cd7681-d5 .kt-btn-wrap-0 .kt-button:hover, .wp-block-kadence-advancedbtn.kt-btns7_cd7681-d5 .kt-btn-wrap-0 .kt-button:focus{background:#444444;}<\/style>\n<div class=\"wp-block-kadence-advancedbtn kb-buttons-wrap kb-btns7_cd7681-d5\"><style>ul.menu .wp-block-kadence-advancedbtn .kb-btn7_93e0ae-75.kb-button{width:initial;}.wp-block-kadence-advancedbtn .kb-btn7_93e0ae-75.kb-button{background:linear-gradient(135deg,rgb(6,147,227) 0%,rgb(143,155,228) 68%,rgb(24,45,70) 100%) !important;box-shadow:inset 0px 0px 60px -15px rgba(0, 0, 0, 0.2);}<\/style><a class=\"kb-button kt-button button kb-btn7_93e0ae-75 kt-btn-size-standard kt-btn-width-type-auto kb-btn-global-fill  kt-btn-has-text-true kt-btn-has-svg-false  wp-block-kadence-singlebtn\" href=\"https:\/\/efis.parisnanterre.fr\/ressope\/wp-content\/uploads\/sites\/8\/2025\/05\/RESSOPE-rapport-final-DEF2025-1.pdf\" target=\"_blank\" rel=\"noreferrer noopener\"><span class=\"kt-btn-inner-text\">Rapport final de recherche<\/span><\/a>\n\n<style>ul.menu .wp-block-kadence-advancedbtn .kb-btn7_514a91-24.kb-button{width:initial;}.wp-block-kadence-advancedbtn .kb-btn7_514a91-24.kb-button{background:linear-gradient(135deg,rgb(6,147,227) 0%,rgb(240,233,233) 11%,rgb(115,148,223) 23%,rgb(0,0,0) 39%,rgb(20,39,109) 100%) !important;}<\/style><a class=\"kb-button kt-button button kb-btn7_514a91-24 kt-btn-size-standard kt-btn-width-type-auto kb-btn-global-fill  kt-btn-has-text-true kt-btn-has-svg-false  wp-block-kadence-singlebtn\" href=\"https:\/\/efis.parisnanterre.fr\/ressope\/wp-content\/uploads\/sites\/8\/2025\/05\/RESSOPE-synthese-DEF2025-1.pdf\" target=\"_blank\" rel=\"noreferrer noopener\"><span class=\"kt-btn-inner-text\">Synth\u00e8se de la recherche<\/span><\/a>\n\n<style>ul.menu .wp-block-kadence-advancedbtn .kb-btn7_802c48-1e.kb-button{width:initial;}.wp-block-kadence-advancedbtn .kb-btn7_802c48-1e.kb-button{background:linear-gradient(135deg,rgb(6,147,227) 0%,rgb(0,0,0) 75%,rgb(20,39,109) 100%) !important;}<\/style><a class=\"kb-button kt-button button kb-btn7_802c48-1e kt-btn-size-standard kt-btn-width-type-auto kb-btn-global-fill  kt-btn-has-text-true kt-btn-has-svg-false  wp-block-kadence-singlebtn\" href=\"https:\/\/efis.parisnanterre.fr\/ressope\/wp-content\/uploads\/sites\/8\/2025\/05\/affiche-RESSOPE-restitution-jeune-mai-2025.pdf\"><span class=\"kt-btn-inner-text\">Flyer de restitution pour les jeunes<\/span><\/a><\/div>\n\n\n\n<p><\/p>\n\n\n\n<h2 class=\"wp-block-heading\">Actualit\u00e9s<\/h2>\n\n\n\n<blockquote class=\"wp-block-quote is-layout-flow wp-block-quote-is-layout-flow\">\n<ul class=\"wp-block-list\">\n<li><strong>19 septembre 2025 : <\/strong>Pr\u00e9sentation des r\u00e9sultats lors de l&rsquo;inauguration des nouveaux locaux du CICAT \u00e0 Chartres<\/li>\n\n\n\n<li><strong>Juin 2025 : <\/strong>Publication du rapport de recherche et de <a href=\"https:\/\/onpe.france-enfance-protegee.fr\/wp-content\/uploads\/2025\/07\/os23-prevenir_les_addictions.pdf\">l&rsquo;ONPE synth\u00e8se<\/a>.<\/li>\n\n\n\n<li><strong>2 d\u00e9cembre 2024 : <\/strong>remise du rapport final de recherche \u00e0 l&rsquo;ONPE (une audition devant le conseil scientifique et une validation du rapport sont n\u00e9cessaires avant toute communication des r\u00e9sultats, probablement au printemps 2025)<\/li>\n\n\n\n<li><strong>13 novembre 2024 : <\/strong>tenue de la 3\u00e8me r\u00e9union du conseil scientifique d\u00e9di\u00e9 \u00e0 la recherche RESSOPE<\/li>\n\n\n\n<li><strong>1er septembre 2023 :<\/strong> remise du rapport interm\u00e9diaire \u00e0 l&rsquo;ONPE<\/li>\n\n\n\n<li><strong>Le 27 juin 2023 : <\/strong>tenue de la 2\u00e8me r\u00e9union du conseil scientifique d\u00e9di\u00e9 \u00e0 la recherche RESSOPE<\/li>\n\n\n\n<li><strong>Le 13 janvier 2023 :<\/strong> tenue de la 1\u00e8re r\u00e9union du conseil scientifique d\u00e9di\u00e9 \u00e0 la recherche RESSOPE<\/li>\n<\/ul>\n<\/blockquote>\n\n\n<div class=\"wp-block-image\">\n<figure class=\"aligncenter size-full\"><img loading=\"lazy\" decoding=\"async\" width=\"200\" height=\"200\" src=\"https:\/\/efis.parisnanterre.fr\/ressope\/wp-content\/uploads\/sites\/8\/2022\/09\/LogoSample_ByTailorBrands.png\" alt=\"\" class=\"wp-image-31\" srcset=\"https:\/\/efis.parisnanterre.fr\/ressope\/wp-content\/uploads\/sites\/8\/2022\/09\/LogoSample_ByTailorBrands.png 200w, https:\/\/efis.parisnanterre.fr\/ressope\/wp-content\/uploads\/sites\/8\/2022\/09\/LogoSample_ByTailorBrands-150x150.png 150w\" sizes=\"auto, (max-width: 200px) 100vw, 200px\" \/><figcaption class=\"wp-element-caption\"><span class=\"media-credit\"><a href=\"https:\/\/efis.parisnanterre.fr\/ressope\/author\/copa75\/\">copa75<\/a> | Ressope<\/span> <em>REcherche Sant\u00e9 et SOcial en Protection de l&rsquo;Enfance<\/em><\/figcaption><\/figure>\n<\/div>","protected":false},"excerpt":{"rendered":"<p>RESSOPE : Une recherche-action sur la sant\u00e9 et la pr\u00e9vention en lieu collectif de la protection de l&rsquo;enfance et de la PJJ Comment les jeunes accueilli.e.s en foyer collectif de la protection de l\u2019enfance ou de la PJJ per\u00e7oivent-ils.elles leur sant\u00e9 et comment g\u00e8rent-ils.elles leurs \u00e9motions&nbsp;? Comment les professionnel.le.s impliqu\u00e9.e.s dans le quotidien de ces&#8230;<\/p>\n","protected":false},"author":3,"featured_media":0,"parent":0,"menu_order":0,"comment_status":"closed","ping_status":"closed","template":"","meta":{"_kad_blocks_custom_css":"","_kad_blocks_head_custom_js":"","_kad_blocks_body_custom_js":"","_kad_blocks_footer_custom_js":"","_kad_post_transparent":"","_kad_post_title":"","_kad_post_layout":"","_kad_post_sidebar_id":"","_kad_post_content_style":"","_kad_post_vertical_padding":"","_kad_post_feature":"","_kad_post_feature_position":"","_kad_post_header":false,"_kad_post_footer":false,"_kad_post_classname":"","footnotes":"","_links_to":"","_links_to_target":""},"coauthors":[4],"class_list":["post-7","page","type-page","status-publish","hentry"],"taxonomy_info":[],"featured_image_src_large":false,"author_info":{"display_name":"admin","author_link":"https:\/\/efis.parisnanterre.fr\/ressope\/author\/scarella\/"},"comment_info":0,"_links":{"self":[{"href":"https:\/\/efis.parisnanterre.fr\/ressope\/wp-json\/wp\/v2\/pages\/7","targetHints":{"allow":["GET"]}}],"collection":[{"href":"https:\/\/efis.parisnanterre.fr\/ressope\/wp-json\/wp\/v2\/pages"}],"about":[{"href":"https:\/\/efis.parisnanterre.fr\/ressope\/wp-json\/wp\/v2\/types\/page"}],"author":[{"embeddable":true,"href":"https:\/\/efis.parisnanterre.fr\/ressope\/wp-json\/wp\/v2\/users\/3"}],"replies":[{"embeddable":true,"href":"https:\/\/efis.parisnanterre.fr\/ressope\/wp-json\/wp\/v2\/comments?post=7"}],"version-history":[{"count":22,"href":"https:\/\/efis.parisnanterre.fr\/ressope\/wp-json\/wp\/v2\/pages\/7\/revisions"}],"predecessor-version":[{"id":98,"href":"https:\/\/efis.parisnanterre.fr\/ressope\/wp-json\/wp\/v2\/pages\/7\/revisions\/98"}],"wp:attachment":[{"href":"https:\/\/efis.parisnanterre.fr\/ressope\/wp-json\/wp\/v2\/media?parent=7"}],"wp:term":[{"taxonomy":"author","embeddable":true,"href":"https:\/\/efis.parisnanterre.fr\/ressope\/wp-json\/wp\/v2\/coauthors?post=7"}],"curies":[{"name":"wp","href":"https:\/\/api.w.org\/{rel}","templated":true}]}}